{"id":462778,"date":"2025-05-19T11:26:23","date_gmt":"2025-05-19T09:26:23","guid":{"rendered":"https:\/\/o4k.kuechen-petsch.net\/?post_type=product&#038;p=462778"},"modified":"2025-05-19T11:28:58","modified_gmt":"2025-05-19T09:28:58","slug":"napoleon-big32-zoll-einbaugrill-der-serie-700-2","status":"publish","type":"product","link":"https:\/\/o4k.kuechen-petsch.net\/en\/napoleon-einbau-gasgrill\/napoleon-big32-zoll-einbaugrill-der-serie-700-2\/","title":{"rendered":"Napoleon BIG32-Zoll-Einbaugrill der Serie 700"},"content":{"rendered":"<h1 class=\"field field--name-title field--type-string field--label-hidden\">BIG32-Zoll-Einbaugrill der Serie 700<\/h1>\n<div class=\"clearfix text-formatted field field--name-field-tagline field--type-text-long field--label-hidden field__item\">\n<p>mit Infrarot-Heckbrenner<\/p>\n<\/div>\n<div class=\"field field--name-field-number-of-burners\">5 Brenner<\/div>\n<div class=\"field field--name-field-part-id field--type-string field--label-hidden field__item\">BIG32RBPSS-1-DE<\/div>\n<div><\/div>\n<div>\n<h3 class=\"title hide-item-on-mobile\">Beschreibung<\/h3>\n<div class=\"inner-wrapper open\" data-max-height=\"360px\" data-fade=\"true\" data-height=\"438px\">\n<div class=\"clearfix text-formatted field field--name-body field--type-text-with-summary field--label-hidden field__item\">\n<p>Der integrierte 32-Zoll-Gasgrill der Serie 700 mit Infrarot-Heckbrenner bietet Ihnen die hochwertige Grillqualit\u00e4t, die Sie von Napoleons Gasgrills gewohnt sind. Die Edelstahlkonstruktion in Marineausf\u00fchrung f\u00fcgt sich nahtlos in Ihre Outdoor-K\u00fcche ein und gew\u00e4hrleistet elegante Langlebigkeit und beispiellose Leistung. Die 9.5 mm dicken Grillroste aus Edelstahl haben praktisch keinen Pflegeaufwand. Die Bedienelemente leuchten in herrlichem Blau und f\u00e4rben sich rot, sobald die Brenner aktiv sind\u00a0\u2013f\u00fcr eine coole Atmosph\u00e4re und zugleich mehr Sicherheit. Mit der integrierten Halogen-Innenbeleuchtung der Haube wird das Grillen bei Dunkelheit zum Vergn\u00fcgen. Das winkelf\u00f6rmige Fettabfuhrsystem mit perforiertem Design leitet abtropfendes Fett ab und erleichtert die Reinigung, wodurch Fettablagerungen und die Gefahr von Fettbr\u00e4nden verringert werden. Der integrierte 32-Zoll-Gasgrill der Serie 700 ist leicht zu installieren und verf\u00fcgt \u00fcber eine integrierte Zierleiste, einen extra langen flexiblen Schlauch sowie l\u00e4ngere Kabel, sodass dem Design und der Funktionalit\u00e4t keine Grenzen gesetzt sind.<\/p>\n<\/div>\n<\/div>\n<div class=\"inner-wrapper open\" data-max-height=\"360px\" data-fade=\"true\" data-height=\"438px\">\n<h3 class=\"title hide-item-on-mobile\">Hauptmerkmale<\/h3>\n<div class=\"inner-wrapper open\" data-max-height=\"360px\" data-fade=\"true\" data-height=\"560px\">\n<div class=\"clearfix text-formatted field field--name-field-summary-features field--type-text field--label-hidden field__items\">\n<div class=\"field__item\">Der 32-Zoll-Gasgrill f\u00fcr Propangas aus Edelstahl der Serie 700 verf\u00fcgt \u00fcber 66.000 BTU, 4 Edelstahl-Hauptbrenner, 1 Infrarot-Heckbrenner f\u00fcr Drehspie\u00df-Gerichte und eine gro\u00dfz\u00fcgige Kochfl\u00e4che von 74,93\u00a0x\u00a045,72\u00a0cm.<\/div>\n<div class=\"field__item\">Die 9.5 mm dicken Grillroste aus Edelstahl haben praktisch keinen Pflegeaufwand. Die einzigartige Wellenform sorgt f\u00fcr eine gleichm\u00e4\u00dfige Erhitzung, verhindert das Durchfallen von Speisen und erzeugt au\u00dfergew\u00f6hnliche Grillmuster<\/div>\n<div class=\"field__item\">Mit dem batterielosen Z\u00fcndsystem ist der integrierte 32-Zoll-Gasgrill aus Edelstahl der Serie 700 im Nu angez\u00fcndet. Das zuverl\u00e4ssige Z\u00fcndsystem sorgt mit einem Flammenstrahl f\u00fcr ein schnelles Z\u00fcnden der Brenner<\/div>\n<div class=\"field__item\">Damit Ihr Grill l\u00e4nger sauber bleibt, sch\u00fctzen die zweistufigen Edelstahl-Flammenschutzeins\u00e4tze Ihre Brenner und leiten gleichzeitig abtropfendes Fett zum perforierten eckigen Fettabfuhrsystem. Diese Kombination sorgt daf\u00fcr, dass nicht verdampftes Fett aufgefangen wird, was die Ansammlung von Fett und die Gefahr von Fettbr\u00e4nden erheblich reduziert<\/div>\n<div class=\"field__item\">Der BIG32 integrierte 32-Zoll-Gasgrill verf\u00fcgt \u00fcber einen hinteren Infrarotbrenner und wird mit einem Profi-Drehspie\u00df-Kit f\u00fcr herrliche Spie\u00dfgerichte geliefert<\/div>\n<div class=\"field__item\">Lagern Sie das Drehspie\u00df-Kit sicher und einfach in der integrierten Drehspie\u00df-Ablage unter dem Grill<\/div>\n<div class=\"field__item\">Die von hinten beleuchteten Bedienelemente sorgen mit ihrem herrlichen blauen Schein f\u00fcr eine sch\u00f6ne Atmosph\u00e4re und f\u00e4rben sich f\u00fcr mehr Sicherheit rot, sobald sie bedient werden. Dazu kommt die Halogen-Innenbeleuchtung, die Ihre Grillfl\u00e4che beleuchtet und das Grillen bei Nacht zum Vergn\u00fcgen macht<\/div>\n<div class=\"field__item\">Der integrierte 32-Zoll-Gasgrill der Serie 700 ist dank integrierter Verkleidung, l\u00e4ngeren Kabeln sowie einem extra langen Schlauch besonders einfach zu installieren, ist \u00fcberaus funktional und bietet viel Spielraum f\u00fcr die Gestaltung des Outdoor-Kochbereichs<\/div>\n<div class=\"field__item\">Die pr\u00e4zise Temperatursteuerung und das ACCU-PROBE\u2122 Thermometer gew\u00e4hrleisten ein m\u00fcheloses Grillen, Smoken, R\u00f6sten, Braten und Backen<\/div>\n<div class=\"field__item\">Durch eine Toleranz von 5,08\u00a0cm f\u00fcr Aussparungen ist die Montage noch einfacher und effizienter<\/div>\n<\/div>\n<\/div>\n<\/div>\n<\/div>","protected":false},"excerpt":{"rendered":"<p>BIG32-Zoll-Einbaugrill der Serie 700 mit Infrarot-Heckbrenner 5 Brenner BIG32RBPSS-1-DE Beschreibung Der integrierte 32-Zoll-Gasgrill der Serie 700 mit Infrarot-Heckbrenner bietet Ihnen die hochwertige Grillqualit\u00e4t, die Sie von Napoleons Gasgrills gewohnt sind. Die Edelstahlkonstruktion in Marineausf\u00fchrung f\u00fcgt sich nahtlos in Ihre Outdoor-K\u00fcche ein und gew\u00e4hrleistet elegante Langlebigkeit und beispiellose Leistung. Die 9.5 mm dicken Grillroste aus Edelstahl [&hellip;]<\/p>\n","protected":false},"featured_media":462782,"template":"","meta":{"content-type":""},"product_brand":[376],"product_cat":[176],"product_tag":[],"class_list":{"0":"post-462778","1":"product","2":"type-product","3":"status-publish","4":"has-post-thumbnail","6":"product_brand-napoleon","7":"product_cat-napoleon-einbau-gasgrill","9":"first","10":"instock","11":"taxable","12":"shipping-taxable","13":"purchasable","14":"product-type-simple"},"_links":{"self":[{"href":"https:\/\/o4k.kuechen-petsch.net\/en\/wp-json\/wp\/v2\/product\/462778","targetHints":{"allow":["GET"]}}],"collection":[{"href":"https:\/\/o4k.kuechen-petsch.net\/en\/wp-json\/wp\/v2\/product"}],"about":[{"href":"https:\/\/o4k.kuechen-petsch.net\/en\/wp-json\/wp\/v2\/types\/product"}],"version-history":[{"count":3,"href":"https:\/\/o4k.kuechen-petsch.net\/en\/wp-json\/wp\/v2\/product\/462778\/revisions"}],"predecessor-version":[{"id":462784,"href":"https:\/\/o4k.kuechen-petsch.net\/en\/wp-json\/wp\/v2\/product\/462778\/revisions\/462784"}],"wp:featuredmedia":[{"embeddable":true,"href":"https:\/\/o4k.kuechen-petsch.net\/en\/wp-json\/wp\/v2\/media\/462782"}],"wp:attachment":[{"href":"https:\/\/o4k.kuechen-petsch.net\/en\/wp-json\/wp\/v2\/media?parent=462778"}],"wp:term":[{"taxonomy":"product_brand","embeddable":true,"href":"https:\/\/o4k.kuechen-petsch.net\/en\/wp-json\/wp\/v2\/product_brand?post=462778"},{"taxonomy":"product_cat","embeddable":true,"href":"https:\/\/o4k.kuechen-petsch.net\/en\/wp-json\/wp\/v2\/product_cat?post=462778"},{"taxonomy":"product_tag","embeddable":true,"href":"https:\/\/o4k.kuechen-petsch.net\/en\/wp-json\/wp\/v2\/product_tag?post=462778"}],"curies":[{"name":"wp","href":"https:\/\/api.w.org\/{rel}","templated":true}]}}