{"id":462772,"date":"2025-05-19T11:22:44","date_gmt":"2025-05-19T09:22:44","guid":{"rendered":"https:\/\/o4k.kuechen-petsch.net\/?post_type=product&#038;p=462772"},"modified":"2025-05-19T11:30:10","modified_gmt":"2025-05-19T09:30:10","slug":"napoleon-big32-zoll-einbaugrill-der-serie-700","status":"publish","type":"product","link":"https:\/\/o4k.kuechen-petsch.net\/en\/napoleon-einbau-gasgrill\/napoleon-big32-zoll-einbaugrill-der-serie-700\/","title":{"rendered":"Napoleon BIG32-Zoll-Einbaugrill der Serie 700"},"content":{"rendered":"<h1 class=\"field field--name-title field--type-string field--label-hidden\">BIG32-Zoll-Einbaugrill der Serie 700<\/h1>\n<div class=\"clearfix text-formatted field field--name-field-tagline field--type-text-long field--label-hidden field__item\">\n<p>mit Infrarot-Heckbrenner<\/p>\n<\/div>\n<div class=\"field field--name-field-number-of-burners\">5 Brenner<\/div>\n<div class=\"field field--name-field-part-id field--type-string field--label-hidden field__item\">BIG32RBPMK-1-DE<\/div>\n<div><\/div>\n<div>\n<h3 class=\"title hide-item-on-mobile\">Beschreibung<\/h3>\n<div class=\"inner-wrapper open\" data-max-height=\"360px\" data-fade=\"true\" data-height=\"438px\">\n<div class=\"clearfix text-formatted field field--name-body field--type-text-with-summary field--label-hidden field__item\">\n<p>Der mattschwarze BIG32-Zoll-Einbaugrill der 700er-Serie mit Infrarot-Heckbrenner bietet Ihnen die hochwertige Grillqualit\u00e4t, die Sie von Napoleon Gasgrills gewohnt sind. Die Edelstahlkonstruktion f\u00fcgt sich nahtlos in Ihre Outdoor-K\u00fcche ein und gew\u00e4hrleistet elegante Langlebigkeit und beispiellose Leistung. Die 9\u00a0mm dicken Grillroste aus Edelstahl haben praktisch keinen Pflegeaufwand. Die Bedienelemente leuchten in blau und f\u00e4rben sich rot, sobald die Brenner aktiv sind\u00a0\u2013f\u00fcr eine coole Atmosph\u00e4re und zugleich mehr Sicherheit. Mit der integrierten Halogen-Innenbeleuchtung der Haube wird das Grillen auch bei Dunkelheit zum Vergn\u00fcgen. Das clevere Fettabfuhrsystem mit perforiertem Design leitet abtropfendes Fett ab und erleichtert die Reinigung, wodurch Fettablagerungen und die Gefahr von Fettbr\u00e4nden verringert werden. Der BIG32-Einbaugrill der 700er-Serie ist leicht zu installieren und verf\u00fcgt \u00fcber eine integrierte Zierleiste, einen extra langen flexiblen Schlauch sowie l\u00e4ngere Kabel, sodass dem Design und der Funktionalit\u00e4t keine Grenzen gesetzt sind.<\/p>\n<\/div>\n<h3 class=\"title hide-item-on-mobile\">Hauptmerkmale<\/h3>\n<div class=\"inner-wrapper open\" data-max-height=\"360px\" data-fade=\"true\" data-height=\"480px\">\n<div class=\"clearfix text-formatted field field--name-field-summary-features field--type-text field--label-hidden field__items\">\n<div class=\"field__item\">19.34 kWs<\/div>\n<div class=\"field__item\">4 Hauptbrenner aus Edelstahl<\/div>\n<div class=\"field__item\">Gesamtgrillfl\u00e4che betr\u00e4gt 786\u00a0in\u00b2<\/div>\n<div class=\"field__item\">Hauptgrillfl\u00e4che betr\u00e4gt 29,5 x 18\u00a0Zoll<\/div>\n<div class=\"field__item\">Legend\u00e4re 9,5\u00a0mm dicke WAVE\u2122 Edelstahl-Grillroste<\/div>\n<div class=\"field__item\">Bedienelemente NIGHT LIGHT\u2122 mit SAFETY GLOW\u2122<\/div>\n<div class=\"field__item\">Sofortz\u00fcndung JETFIRE\u2122<\/div>\n<div class=\"field__item\">Infrarot-Heckbrenner mit im Lieferumfang enthaltenem Hochleistungs-Rotisserie-Kit<\/div>\n<div class=\"field__item\">Thermometer ACCU-PROBE\u2122<\/div>\n<div class=\"field__item\">Rolldeckel LIFT EASE\u2122<\/div>\n<div class=\"field__item\">Zweistufige Edelstahl-Flammschutzeins\u00e4tze<\/div>\n<div class=\"field__item\">Einfach f\u00fcr die Nutzung mit Propan umzur\u00fcsten<\/div>\n<div class=\"field__item\">Integrierte Lagerung f\u00fcr Drehspie\u00df-Kit<\/div>\n<div class=\"field__item\">Innenbeleuchtung des Grills<\/div>\n<\/div>\n<\/div>\n<\/div>\n<\/div>","protected":false},"excerpt":{"rendered":"<p>BIG32-Zoll-Einbaugrill der Serie 700 mit Infrarot-Heckbrenner 5 Brenner BIG32RBPMK-1-DE Beschreibung Der mattschwarze BIG32-Zoll-Einbaugrill der 700er-Serie mit Infrarot-Heckbrenner bietet Ihnen die hochwertige Grillqualit\u00e4t, die Sie von Napoleon Gasgrills gewohnt sind. Die Edelstahlkonstruktion f\u00fcgt sich nahtlos in Ihre Outdoor-K\u00fcche ein und gew\u00e4hrleistet elegante Langlebigkeit und beispiellose Leistung. Die 9\u00a0mm dicken Grillroste aus Edelstahl haben praktisch keinen Pflegeaufwand. [&hellip;]<\/p>\n","protected":false},"featured_media":462773,"template":"","meta":{"content-type":""},"product_brand":[376],"product_cat":[176],"product_tag":[],"class_list":{"0":"post-462772","1":"product","2":"type-product","3":"status-publish","4":"has-post-thumbnail","6":"product_brand-napoleon","7":"product_cat-napoleon-einbau-gasgrill","9":"first","10":"instock","11":"taxable","12":"shipping-taxable","13":"purchasable","14":"product-type-simple"},"_links":{"self":[{"href":"https:\/\/o4k.kuechen-petsch.net\/en\/wp-json\/wp\/v2\/product\/462772","targetHints":{"allow":["GET"]}}],"collection":[{"href":"https:\/\/o4k.kuechen-petsch.net\/en\/wp-json\/wp\/v2\/product"}],"about":[{"href":"https:\/\/o4k.kuechen-petsch.net\/en\/wp-json\/wp\/v2\/types\/product"}],"version-history":[{"count":1,"href":"https:\/\/o4k.kuechen-petsch.net\/en\/wp-json\/wp\/v2\/product\/462772\/revisions"}],"predecessor-version":[{"id":462776,"href":"https:\/\/o4k.kuechen-petsch.net\/en\/wp-json\/wp\/v2\/product\/462772\/revisions\/462776"}],"wp:featuredmedia":[{"embeddable":true,"href":"https:\/\/o4k.kuechen-petsch.net\/en\/wp-json\/wp\/v2\/media\/462773"}],"wp:attachment":[{"href":"https:\/\/o4k.kuechen-petsch.net\/en\/wp-json\/wp\/v2\/media?parent=462772"}],"wp:term":[{"taxonomy":"product_brand","embeddable":true,"href":"https:\/\/o4k.kuechen-petsch.net\/en\/wp-json\/wp\/v2\/product_brand?post=462772"},{"taxonomy":"product_cat","embeddable":true,"href":"https:\/\/o4k.kuechen-petsch.net\/en\/wp-json\/wp\/v2\/product_cat?post=462772"},{"taxonomy":"product_tag","embeddable":true,"href":"https:\/\/o4k.kuechen-petsch.net\/en\/wp-json\/wp\/v2\/product_tag?post=462772"}],"curies":[{"name":"wp","href":"https:\/\/api.w.org\/{rel}","templated":true}]}}