{"id":462340,"date":"2024-11-21T12:00:23","date_gmt":"2024-11-21T11:00:23","guid":{"rendered":"https:\/\/o4k.kuechen-petsch.net\/?post_type=product&#038;p=462340"},"modified":"2025-02-12T15:11:01","modified_gmt":"2025-02-12T14:11:01","slug":"ofyr-classic-corten-85","status":"publish","type":"product","link":"https:\/\/o4k.kuechen-petsch.net\/en\/ofyr\/ofyr-classic-corten-85\/","title":{"rendered":"OFYR Classic Corten 85"},"content":{"rendered":"<p><strong>OFYR Kocheinheit \u2013 Die perfekte Erg\u00e4nzung f\u00fcr Ihre OUT4KITCHEN Outdoork\u00fcche (Artikelnummer: OC-85)<\/strong><\/p>\n<p>Die OFYR Kocheinheit (SKU: OC-85) ist die ideale Wahl f\u00fcr alle, die stilvolles Design, Funktionalit\u00e4t und ein au\u00dfergew\u00f6hnliches Kocherlebnis in ihrer Outdoork\u00fcche vereinen m\u00f6chten. Gefertigt aus hochwertigem Corten-Stahl, f\u00fcgt sich diese Kocheinheit harmonisch in jede Umgebung ein und sorgt f\u00fcr unvergessliche Momente bei jedem Outdoorevent.<\/p>\n<p><strong>Warum die OFYR Kocheinheit?<\/strong><\/p>\n<ul>\n<li><strong>Kompaktes Design:<\/strong> Mit einer schlanken Silhouette ist das Modell perfekt f\u00fcr kleinere Fl\u00e4chen geeignet und weniger volumin\u00f6s als die 100-cm-Variante.<\/li>\n<li><strong>Vielseitig einsetzbar:<\/strong> Bereiten Sie m\u00fchelos komplette Mahlzeiten f\u00fcr Gruppen von bis zu 10-12 Personen zu \u2013 ideal f\u00fcr gesellige Abende im Freien.<\/li>\n<li><strong>Langlebig und wetterfest:<\/strong> Der robuste Corten-Stahl verleiht nicht nur ein einzigartiges Aussehen, sondern ist auch \u00e4u\u00dferst witterungsbest\u00e4ndig und langlebig.<\/li>\n<li><strong>Praktische Handhabung:<\/strong> Der Kegel bietet eine Brenndauer von ca. 4-5 Stunden, bevor die Asche entfernt werden muss.<\/li>\n<\/ul>\n<p><strong>Technische Daten:<\/strong><\/p>\n<ul>\n<li><strong>Artikelnummer:<\/strong> OC-85<\/li>\n<li><strong>Kochbereich:<\/strong> 0,44 m\u00b2<\/li>\n<li><strong>Durchmesser der Platte:<\/strong> 85 cm<\/li>\n<li><strong>Gesamtma\u00dfe:<\/strong> 85x85x103 cm<\/li>\n<li><strong>Ma\u00dfe des Untergestells:<\/strong> 45x45x78 cm<\/li>\n<li><strong>Material:<\/strong> Corten-Stahl<\/li>\n<li><strong>Gewicht der Platte:<\/strong> 45 kg<\/li>\n<li><strong>Gesamtgewicht:<\/strong> 84 kg<\/li>\n<\/ul>\n<p><strong>Hinweise zur Auswahl:<\/strong><\/p>\n<ul>\n<li>Alle Zubeh\u00f6rteile \u2013 mit Ausnahme des brasilianischen Grill-Sets \u2013 sind f\u00fcr dieses Modell erh\u00e4ltlich.<\/li>\n<li>Schwarze Modelle sind wartungsintensiver als Varianten aus Corten-Stahl und sollten mit einer Abdeckung gesch\u00fctzt werden, um Kratzer und Besch\u00e4digungen zu vermeiden.<\/li>\n<\/ul>\n<p>Verwandeln Sie Ihre OUT4KITCHEN Outdoork\u00fcche mit der OFYR Kocheinheit (Artikelnummer: OC-85) in einen Ort, an dem Design und Funktionalit\u00e4t auf unvergleichliche Weise verschmelzen. Entfachen Sie das Feuer und genie\u00dfen Sie einzigartige Momente unter freiem Himmel!<\/p>\n<div class=\"value\">\n<div class=\"value\">\n<div class=\"data item content\"><\/div>\n<\/div>\n<\/div>","protected":false},"excerpt":{"rendered":"<p>OFYR Kocheinheit \u2013 Die perfekte Erg\u00e4nzung f\u00fcr Ihre OUT4KITCHEN Outdoork\u00fcche (Artikelnummer: OC-85) Die OFYR Kocheinheit (SKU: OC-85) ist die ideale Wahl f\u00fcr alle, die stilvolles Design, Funktionalit\u00e4t und ein au\u00dfergew\u00f6hnliches Kocherlebnis in ihrer Outdoork\u00fcche vereinen m\u00f6chten. Gefertigt aus hochwertigem Corten-Stahl, f\u00fcgt sich diese Kocheinheit harmonisch in jede Umgebung ein und sorgt f\u00fcr unvergessliche Momente bei [&hellip;]<\/p>\n","protected":false},"featured_media":462393,"template":"","meta":{"content-type":""},"product_brand":[387],"product_cat":[360],"product_tag":[361,362,363],"class_list":{"0":"post-462340","1":"product","2":"type-product","3":"status-publish","4":"has-post-thumbnail","6":"product_brand-ofyr","7":"product_cat-ofyr","8":"product_tag-ofyr","9":"product_tag-corten","10":"product_tag-85cm","12":"first","13":"instock","14":"taxable","15":"shipping-taxable","16":"purchasable","17":"product-type-simple"},"_links":{"self":[{"href":"https:\/\/o4k.kuechen-petsch.net\/en\/wp-json\/wp\/v2\/product\/462340","targetHints":{"allow":["GET"]}}],"collection":[{"href":"https:\/\/o4k.kuechen-petsch.net\/en\/wp-json\/wp\/v2\/product"}],"about":[{"href":"https:\/\/o4k.kuechen-petsch.net\/en\/wp-json\/wp\/v2\/types\/product"}],"version-history":[{"count":1,"href":"https:\/\/o4k.kuechen-petsch.net\/en\/wp-json\/wp\/v2\/product\/462340\/revisions"}],"predecessor-version":[{"id":462342,"href":"https:\/\/o4k.kuechen-petsch.net\/en\/wp-json\/wp\/v2\/product\/462340\/revisions\/462342"}],"wp:featuredmedia":[{"embeddable":true,"href":"https:\/\/o4k.kuechen-petsch.net\/en\/wp-json\/wp\/v2\/media\/462393"}],"wp:attachment":[{"href":"https:\/\/o4k.kuechen-petsch.net\/en\/wp-json\/wp\/v2\/media?parent=462340"}],"wp:term":[{"taxonomy":"product_brand","embeddable":true,"href":"https:\/\/o4k.kuechen-petsch.net\/en\/wp-json\/wp\/v2\/product_brand?post=462340"},{"taxonomy":"product_cat","embeddable":true,"href":"https:\/\/o4k.kuechen-petsch.net\/en\/wp-json\/wp\/v2\/product_cat?post=462340"},{"taxonomy":"product_tag","embeddable":true,"href":"https:\/\/o4k.kuechen-petsch.net\/en\/wp-json\/wp\/v2\/product_tag?post=462340"}],"curies":[{"name":"wp","href":"https:\/\/api.w.org\/{rel}","templated":true}]}}