{"id":460606,"date":"2023-11-07T15:55:13","date_gmt":"2023-11-07T14:55:13","guid":{"rendered":"https:\/\/o4k.kuechen-petsch.net\/?post_type=product&#038;p=460606"},"modified":"2025-02-12T15:11:34","modified_gmt":"2025-02-12T14:11:34","slug":"the-bastard-compact-classic","status":"publish","type":"product","link":"https:\/\/o4k.kuechen-petsch.net\/en\/the-bastard-grill\/the-bastard-compact-classic\/","title":{"rendered":"THE BASTARD Compact Classic"},"content":{"rendered":"<p><strong>Ob Sie auf dem Balkon oder in einer Profik\u00fcche grillen wollen, es gibt ein Bastard f\u00fcr jeden.<\/strong><\/p>\n<p>The Bastard Compact sieht in jeder Location gro\u00dfartig aus. Der Compact hat die L\u00fccke zwischen Small und Medium gef\u00fcllt. Dieses Modell ben\u00f6tigt nicht viel Plat zund du genie\u00dft trotzdem alle Vorteile eines Kamados. Auf deiner Dachterrasse, deinem Balkon, oder du nimmst ihn mit in den Urlaub. Das<br \/>\nkompakte Format, perfekt f\u00fcr deine Familie oder Clique.<\/p>\n<p>Jedes Bastard ist ein Unikat, da es von Hand gefertigt wird. Keramik ist ein Naturprodukt, das in seiner dunklen Farbe und Struktur variieren kann. Die Urban Bastard zeigt mehr Farbvariationen als die Bastard mit einer gl\u00e4nzenden Oberfl\u00e4che. Die abgebildete Farbe kann von der Realit\u00e4t abweichen.<\/p>\n<p>Auch als Urban (mattschwarz) erh\u00e4ltlich<\/p>","protected":false},"excerpt":{"rendered":"<p>Grillfl\u00e4che\/Rost:\u00d834cm<\/p>","protected":false},"featured_media":460473,"template":"","meta":{"content-type":""},"product_brand":[385],"product_cat":[292],"product_tag":[178,179,302,318,369,43,372,125,126,142,164],"class_list":{"0":"post-460606","1":"product","2":"type-product","3":"status-publish","4":"has-post-thumbnail","6":"product_brand-the-bastard","7":"product_cat-the-bastard-grill","8":"product_tag-holzkohlegrill","9":"product_tag-holzkohle","10":"product_tag-the-bastard","11":"product_tag-classic","12":"product_tag-bastard","13":"product_tag-keramik","14":"product_tag-keramik-grill","15":"product_tag-keramikgrill","16":"product_tag-kamado","17":"product_tag-mini","18":"product_tag-34-cm","20":"first","21":"instock","22":"taxable","23":"shipping-taxable","24":"product-type-simple"},"_links":{"self":[{"href":"https:\/\/o4k.kuechen-petsch.net\/en\/wp-json\/wp\/v2\/product\/460606","targetHints":{"allow":["GET"]}}],"collection":[{"href":"https:\/\/o4k.kuechen-petsch.net\/en\/wp-json\/wp\/v2\/product"}],"about":[{"href":"https:\/\/o4k.kuechen-petsch.net\/en\/wp-json\/wp\/v2\/types\/product"}],"version-history":[{"count":1,"href":"https:\/\/o4k.kuechen-petsch.net\/en\/wp-json\/wp\/v2\/product\/460606\/revisions"}],"predecessor-version":[{"id":460607,"href":"https:\/\/o4k.kuechen-petsch.net\/en\/wp-json\/wp\/v2\/product\/460606\/revisions\/460607"}],"wp:featuredmedia":[{"embeddable":true,"href":"https:\/\/o4k.kuechen-petsch.net\/en\/wp-json\/wp\/v2\/media\/460473"}],"wp:attachment":[{"href":"https:\/\/o4k.kuechen-petsch.net\/en\/wp-json\/wp\/v2\/media?parent=460606"}],"wp:term":[{"taxonomy":"product_brand","embeddable":true,"href":"https:\/\/o4k.kuechen-petsch.net\/en\/wp-json\/wp\/v2\/product_brand?post=460606"},{"taxonomy":"product_cat","embeddable":true,"href":"https:\/\/o4k.kuechen-petsch.net\/en\/wp-json\/wp\/v2\/product_cat?post=460606"},{"taxonomy":"product_tag","embeddable":true,"href":"https:\/\/o4k.kuechen-petsch.net\/en\/wp-json\/wp\/v2\/product_tag?post=460606"}],"curies":[{"name":"wp","href":"https:\/\/api.w.org\/{rel}","templated":true}]}}