{"id":460470,"date":"2023-11-07T13:17:20","date_gmt":"2023-11-07T12:17:20","guid":{"rendered":"https:\/\/o4k.kuechen-petsch.net\/?post_type=product&#038;p=460470"},"modified":"2025-02-12T15:11:34","modified_gmt":"2025-02-12T14:11:34","slug":"the-bastard-small-urban","status":"publish","type":"product","link":"https:\/\/o4k.kuechen-petsch.net\/en\/the-bastard-grill\/the-bastard-small-urban\/","title":{"rendered":"THE BASTARD Small Urban"},"content":{"rendered":"<p><strong>Ob Sie auf dem Balkon oder in einer Profik\u00fcche grillen wollen, es gibt ein Bastard f\u00fcr jeden.<\/strong><br \/>\nVerwandle etwas Kleines in etwas Gro\u00dfes. Die kleine Gr\u00f6\u00dfe des The Bastard Small macht es einfach, ihn mitzunehmen, wo immer du hingehst und gleichzeitig erm\u00f6glicht er es dir, kulinarische Topqualit\u00e4t<br \/>\nan jedem Ort zu genie\u00dfen. Zu zweit am Wohnwagen oder auf dem Boot, vervollst\u00e4ndige dein Outdoor-Erlebnis, indem du dich mit The Bastard Small auf ein Abenteuer begibst. Durch die komplette Erneuerung des Modells ist dies nun die Mini-Version aller unserer Modelle.<\/p>\n<p>Auch in gl\u00e4nzendem Schwarz erh\u00e4ltlich.<\/p>","protected":false},"excerpt":{"rendered":"<p>Grillfl\u00e4che\/Rost:\u00d825cm<\/p>","protected":false},"featured_media":460545,"template":"","meta":{"content-type":""},"product_brand":[385],"product_cat":[292],"product_tag":[303,369,372,125,126,148,177,178,179,302],"class_list":{"0":"post-460470","1":"product","2":"type-product","3":"status-publish","4":"has-post-thumbnail","6":"product_brand-the-bastard","7":"product_cat-the-bastard-grill","8":"product_tag-urban","9":"product_tag-bastard","10":"product_tag-keramik-grill","11":"product_tag-keramikgrill","12":"product_tag-kamado","13":"product_tag-25-cm","14":"product_tag-kohlegrill","15":"product_tag-holzkohlegrill","16":"product_tag-holzkohle","17":"product_tag-the-bastard","19":"first","20":"instock","21":"taxable","22":"shipping-taxable","23":"product-type-simple"},"_links":{"self":[{"href":"https:\/\/o4k.kuechen-petsch.net\/en\/wp-json\/wp\/v2\/product\/460470","targetHints":{"allow":["GET"]}}],"collection":[{"href":"https:\/\/o4k.kuechen-petsch.net\/en\/wp-json\/wp\/v2\/product"}],"about":[{"href":"https:\/\/o4k.kuechen-petsch.net\/en\/wp-json\/wp\/v2\/types\/product"}],"version-history":[{"count":6,"href":"https:\/\/o4k.kuechen-petsch.net\/en\/wp-json\/wp\/v2\/product\/460470\/revisions"}],"predecessor-version":[{"id":460604,"href":"https:\/\/o4k.kuechen-petsch.net\/en\/wp-json\/wp\/v2\/product\/460470\/revisions\/460604"}],"wp:featuredmedia":[{"embeddable":true,"href":"https:\/\/o4k.kuechen-petsch.net\/en\/wp-json\/wp\/v2\/media\/460545"}],"wp:attachment":[{"href":"https:\/\/o4k.kuechen-petsch.net\/en\/wp-json\/wp\/v2\/media?parent=460470"}],"wp:term":[{"taxonomy":"product_brand","embeddable":true,"href":"https:\/\/o4k.kuechen-petsch.net\/en\/wp-json\/wp\/v2\/product_brand?post=460470"},{"taxonomy":"product_cat","embeddable":true,"href":"https:\/\/o4k.kuechen-petsch.net\/en\/wp-json\/wp\/v2\/product_cat?post=460470"},{"taxonomy":"product_tag","embeddable":true,"href":"https:\/\/o4k.kuechen-petsch.net\/en\/wp-json\/wp\/v2\/product_tag?post=460470"}],"curies":[{"name":"wp","href":"https:\/\/api.w.org\/{rel}","templated":true}]}}