{"id":460468,"date":"2023-11-07T13:16:56","date_gmt":"2023-11-07T12:16:56","guid":{"rendered":"https:\/\/o4k.kuechen-petsch.net\/?post_type=product&#038;p=460468"},"modified":"2025-02-12T15:11:35","modified_gmt":"2025-02-12T14:11:35","slug":"the-bastard-small-classic","status":"publish","type":"product","link":"https:\/\/o4k.kuechen-petsch.net\/en\/the-bastard-grill\/the-bastard-small-classic\/","title":{"rendered":"THE BASTARD Small Classic"},"content":{"rendered":"<section class=\"elementor-section elementor-top-section elementor-element elementor-element-74372c0 elementor-section-full_width elementor-section-height-min-height elementor-section-items-stretch elementor-section-height-default\" data-particle_enable=\"false\" data-particle-mobile-disabled=\"false\" data-id=\"74372c0\" data-element_type=\"section\" data-settings=\"{&quot;background_background&quot;:&quot;classic&quot;}\">\n<div class=\"elementor-container elementor-column-gap-wider\">\n<div class=\"elementor-column elementor-col-100 elementor-top-column elementor-element elementor-element-be7550e\" data-id=\"be7550e\" data-element_type=\"column\" data-settings=\"{&quot;background_background&quot;:&quot;gradient&quot;}\">\n<div class=\"elementor-widget-wrap elementor-element-populated\">\n<section class=\"elementor-section elementor-inner-section elementor-element elementor-element-dd2e702 elementor-section-boxed elementor-section-height-default elementor-section-height-default\" data-particle_enable=\"false\" data-particle-mobile-disabled=\"false\" data-id=\"dd2e702\" data-element_type=\"section\">\n<div class=\"elementor-container elementor-column-gap-default\">\n<div class=\"elementor-column elementor-col-50 elementor-inner-column elementor-element elementor-element-2eb9889\" data-id=\"2eb9889\" data-element_type=\"column\">\n<div class=\"elementor-widget-wrap elementor-element-populated\">\n<div class=\"elementor-element elementor-element-896fff9 elementor-widget elementor-widget-text-editor\" data-id=\"896fff9\" data-element_type=\"widget\" data-widget_type=\"text-editor.default\">\n<div class=\"elementor-widget-container\">\n<h4 class=\"elementor-heading-title elementor-size-default\">Ob Sie auf dem Balkon oder in einer Profik\u00fcche grillen wollen, es gibt ein Bastard f\u00fcr jeden.<\/h4>\n<\/div>\n<\/div>\n<\/div>\n<\/div>\n<div class=\"elementor-column elementor-col-50 elementor-inner-column elementor-element elementor-element-c7c5724\" data-id=\"c7c5724\" data-element_type=\"column\">\n<div class=\"elementor-widget-wrap elementor-element-populated\">\n<div class=\"elementor-element elementor-element-ecd5eff elementor-hidden-mobile elementor-widget elementor-widget-image\" data-id=\"ecd5eff\" data-element_type=\"widget\" data-widget_type=\"image.default\">\n<div class=\"elementor-widget-container\">Verwandle etwas Kleines in etwas Gro\u00dfes. Die kleine Gr\u00f6\u00dfe des The Bastard Small macht es einfach, ihn mitzunehmen, wo immer du hingehst und gleichzeitig erm\u00f6glicht er es dir, kulinarische Topqualit\u00e4t<\/div>\n<\/div>\n<\/div>\n<\/div>\n<\/div>\n<\/section>\n<\/div>\n<\/div>\n<\/div>\n<\/section>\n<section class=\"elementor-section elementor-top-section elementor-element elementor-element-4c80b61 elementor-section-boxed elementor-section-height-default elementor-section-height-default\" data-particle_enable=\"false\" data-particle-mobile-disabled=\"false\" data-id=\"4c80b61\" data-element_type=\"section\">\n<div class=\"elementor-container elementor-column-gap-default\">\n<div class=\"elementor-column elementor-col-50 elementor-top-column elementor-element elementor-element-00b57aa\" data-id=\"00b57aa\" data-element_type=\"column\">\n<div class=\"elementor-widget-wrap elementor-element-populated\">\n<div class=\"elementor-element elementor-element-b71965a elementor-widget elementor-widget-theme-post-content\" data-id=\"b71965a\" data-element_type=\"widget\" data-widget_type=\"theme-post-content.default\">\n<div class=\"elementor-widget-container\">\n<p>an jedem Ort zu genie\u00dfen. Zu zweit am Wohnwagen oder auf dem Boot, vervollst\u00e4ndige dein Outdoor-Erlebnis, indem du dich mit The Bastard Small auf ein Abenteuer begibst. Durch die komplette Erneuerung des Modells ist dies nun die Mini-Version aller unserer Modelle.<\/p>\n<p>Auch als Urban (mattschwarz) erh\u00e4ltlich.<\/p>\n<\/div>\n<\/div>\n<\/div>\n<\/div>\n<\/div>\n<\/section>","protected":false},"excerpt":{"rendered":"<p>Grillfl\u00e4che\/Rost:\u00d825cm<\/p>","protected":false},"featured_media":460501,"template":"","meta":{"content-type":""},"product_brand":[385],"product_cat":[292],"product_tag":[179,302,369,372,125,126,148,177,178],"class_list":{"0":"post-460468","1":"product","2":"type-product","3":"status-publish","4":"has-post-thumbnail","6":"product_brand-the-bastard","7":"product_cat-the-bastard-grill","8":"product_tag-holzkohle","9":"product_tag-the-bastard","10":"product_tag-bastard","11":"product_tag-keramik-grill","12":"product_tag-keramikgrill","13":"product_tag-kamado","14":"product_tag-25-cm","15":"product_tag-kohlegrill","16":"product_tag-holzkohlegrill","18":"first","19":"instock","20":"taxable","21":"shipping-taxable","22":"product-type-simple"},"_links":{"self":[{"href":"https:\/\/o4k.kuechen-petsch.net\/en\/wp-json\/wp\/v2\/product\/460468","targetHints":{"allow":["GET"]}}],"collection":[{"href":"https:\/\/o4k.kuechen-petsch.net\/en\/wp-json\/wp\/v2\/product"}],"about":[{"href":"https:\/\/o4k.kuechen-petsch.net\/en\/wp-json\/wp\/v2\/types\/product"}],"version-history":[{"count":2,"href":"https:\/\/o4k.kuechen-petsch.net\/en\/wp-json\/wp\/v2\/product\/460468\/revisions"}],"predecessor-version":[{"id":460605,"href":"https:\/\/o4k.kuechen-petsch.net\/en\/wp-json\/wp\/v2\/product\/460468\/revisions\/460605"}],"wp:featuredmedia":[{"embeddable":true,"href":"https:\/\/o4k.kuechen-petsch.net\/en\/wp-json\/wp\/v2\/media\/460501"}],"wp:attachment":[{"href":"https:\/\/o4k.kuechen-petsch.net\/en\/wp-json\/wp\/v2\/media?parent=460468"}],"wp:term":[{"taxonomy":"product_brand","embeddable":true,"href":"https:\/\/o4k.kuechen-petsch.net\/en\/wp-json\/wp\/v2\/product_brand?post=460468"},{"taxonomy":"product_cat","embeddable":true,"href":"https:\/\/o4k.kuechen-petsch.net\/en\/wp-json\/wp\/v2\/product_cat?post=460468"},{"taxonomy":"product_tag","embeddable":true,"href":"https:\/\/o4k.kuechen-petsch.net\/en\/wp-json\/wp\/v2\/product_tag?post=460468"}],"curies":[{"name":"wp","href":"https:\/\/api.w.org\/{rel}","templated":true}]}}