{"id":460382,"date":"2023-10-24T11:12:14","date_gmt":"2023-10-24T09:12:14","guid":{"rendered":"https:\/\/o4k.kuechen-petsch.net\/?post_type=product&#038;p=460382"},"modified":"2025-02-13T10:00:12","modified_gmt":"2025-02-13T09:00:12","slug":"avantgarde-lechef","status":"publish","type":"product","link":"https:\/\/o4k.kuechen-petsch.net\/en\/monolith\/avantgarde-lechef\/","title":{"rendered":"Avantgarde LeChef"},"content":{"rendered":"<p><span style=\"font-weight: 400;\">AVANTGARDE LECHEF &#8211; OHNE GESTELL\u00a0 &#8218;SCHWARZ&#8216;\u00a0 inkl. SGS &#8211; Kohlekorb &#8211; LED-Licht &#8211; Grillrostheber &#8211; Ascheschaufel &#8211; R\u00e4ucherschiene<\/span><\/p>\n<p><span style=\"font-weight: 400;\">Der LeChef ist der gr\u00f6\u00dfte Kamado der Monolith Familie und ist der wahrscheinlich beliebteste Keramikgrill unter den Heavy-Usern &amp; Gastronomen. Die Eigenschaften welche einen Keramikgrill einzigartig machen, verst\u00e4rken sich je gr\u00f6\u00dfer der Grill ist &#8211; mit dem LeChef k\u00f6nnen gro\u00dfe Gruppen von bis zu 50 Leuten begrillt werden, er h\u00e4lt die Temperatur im niedrigen Bereich (80 &#8211; 130\u00b0C) \u00fcber 30 Stunden gradgenau und kann binnen weniger Minuten ein H\u00f6llenfeuer \u00fcber 450\u00b0C erzeugen. Der LeChef ist die ultimative Au\u00dfenk\u00fcche in einem Ger\u00e4t!<\/span><\/p>\n<p><span style=\"font-weight: 400;\">Basierend auf der Pro Serie 2.0, welche bereits neue Standards in Sachen Qualit\u00e4t &amp; Vielseitigkeit gesetzt hat, war es unser Ziel, mit der Avantgarde Serie noch eine Stufe h\u00f6her zu gehen und vor allem unsere einzigartige Kamado Technologie mit zeitloser \u00c4sthetik zu verbinden. Der Avantgarde \u00fcberzeugt mit seiner Satin-Matt Mineralglasur, einem \u00fcberarbeiteten Gestell welches nun die neuen Seitentische aus heavy bamboo h\u00e4lt, noch dickeren Edelstahlbeschl\u00e4gen f\u00fcr beste Stabilit\u00e4t &amp; \u00c4sthetik, einem im Griff integrierten LED Licht welches die gesamte Grillfl\u00e4che bei Dunkelheit ausleuchtet, sowie all die Innovationen die bereits bei der Pro Serie 2.0 entwickelt wurden: Edelstahl-Glasfaser Dichtung, Smart-Grid-System, Einfache Ascheentnahme, Anschluss f\u00fcr digitale Steuereinheiten.\u00a0\u00a0<\/span><\/p>\n<p><span style=\"font-weight: 400;\">Optional mit Gestell<\/span><\/p>\n<p><span style=\"font-weight: 400;\">Inklusive:\u00a0<\/span><\/p>\n<ul>\n<li style=\"font-weight: 400;\" aria-level=\"1\"><span style=\"font-weight: 400;\">Ascheschaufel<\/span><\/li>\n<li style=\"font-weight: 400;\" aria-level=\"1\"><span style=\"font-weight: 400;\">R\u00e4ucherschiene<\/span><\/li>\n<li style=\"font-weight: 400;\" aria-level=\"1\"><span style=\"font-weight: 400;\">Grillrostheber<\/span><\/li>\n<li style=\"font-weight: 400;\" aria-level=\"1\"><span style=\"font-weight: 400;\">SGS-Griffe<\/span><\/li>\n<\/ul>\n<p><span style=\"font-weight: 400;\">Top-Features:<\/span><\/p>\n<ul>\n<li style=\"font-weight: 400;\" aria-level=\"1\"><span style=\"font-weight: 400;\">Smart Grid System<\/span><\/li>\n<li style=\"font-weight: 400;\" aria-level=\"1\"><span style=\"font-weight: 400;\">Mehrteilige Feuerbox inkl. komfortabler Ascheentnahme<\/span><\/li>\n<li style=\"font-weight: 400;\" aria-level=\"1\"><span style=\"font-weight: 400;\">Geteilter Kohlekorb<\/span><\/li>\n<li style=\"font-weight: 400;\" aria-level=\"1\"><span style=\"font-weight: 400;\">Verbreiterte Edelstahlbeschl\u00e4ge<\/span><\/li>\n<li style=\"font-weight: 400;\" aria-level=\"1\"><span style=\"font-weight: 400;\">Adapter f\u00fcr digitale Steuereinheiten<\/span><\/li>\n<li style=\"font-weight: 400;\" aria-level=\"1\"><span style=\"font-weight: 400;\">Edelstahl-Glasfaser Dichtung<\/span><\/li>\n<li style=\"font-weight: 400;\" aria-level=\"1\"><span style=\"font-weight: 400;\">R\u00e4ucherchips \u00d6ffnung<\/span><\/li>\n<li style=\"font-weight: 400;\" aria-level=\"1\"><span style=\"font-weight: 400;\">Hochwertige Feuerfestkeramik\u00a0<\/span><\/li>\n<li style=\"font-weight: 400;\" aria-level=\"1\"><span style=\"font-weight: 400;\">Widerstandsf\u00e4hige Mineralglasur in Satin Matt<\/span><\/li>\n<li style=\"font-weight: 400;\" aria-level=\"1\"><span style=\"font-weight: 400;\">LED-Licht im Griff<\/span><\/li>\n<\/ul>","protected":false},"excerpt":{"rendered":"<p>AVANTGARDE LECHEF &#8211; OHNE GESTELL\u00a0 &#8218;SCHWARZ&#8216;\u00a0 inkl. SGS &#8211; Kohlekorb &#8211; LED-Licht &#8211; Grillrostheber &#8211; Ascheschaufel &#8211; R\u00e4ucherschiene Der LeChef ist der gr\u00f6\u00dfte Kamado der Monolith Familie und ist der wahrscheinlich beliebteste Keramikgrill unter den Heavy-Usern &amp; Gastronomen. Die Eigenschaften welche einen Keramikgrill einzigartig machen, verst\u00e4rken sich je gr\u00f6\u00dfer der Grill ist &#8211; mit dem [&hellip;]<\/p>\n","protected":false},"featured_media":460402,"template":"","meta":{"content-type":""},"product_brand":[375],"product_cat":[249],"product_tag":[43,125,126,177,178,179,257,273,374],"class_list":{"0":"post-460382","1":"product","2":"type-product","3":"status-publish","4":"has-post-thumbnail","6":"product_brand-monolith","7":"product_cat-monolith","8":"product_tag-keramik","9":"product_tag-keramikgrill","10":"product_tag-kamado","11":"product_tag-kohlegrill","12":"product_tag-holzkohlegrill","13":"product_tag-holzkohle","14":"product_tag-monolith","15":"product_tag-monolith-bbq","16":"product_tag-matt-schwarz","18":"first","19":"instock","20":"taxable","21":"shipping-taxable","22":"purchasable","23":"product-type-simple"},"_links":{"self":[{"href":"https:\/\/o4k.kuechen-petsch.net\/en\/wp-json\/wp\/v2\/product\/460382","targetHints":{"allow":["GET"]}}],"collection":[{"href":"https:\/\/o4k.kuechen-petsch.net\/en\/wp-json\/wp\/v2\/product"}],"about":[{"href":"https:\/\/o4k.kuechen-petsch.net\/en\/wp-json\/wp\/v2\/types\/product"}],"version-history":[{"count":3,"href":"https:\/\/o4k.kuechen-petsch.net\/en\/wp-json\/wp\/v2\/product\/460382\/revisions"}],"predecessor-version":[{"id":462574,"href":"https:\/\/o4k.kuechen-petsch.net\/en\/wp-json\/wp\/v2\/product\/460382\/revisions\/462574"}],"wp:featuredmedia":[{"embeddable":true,"href":"https:\/\/o4k.kuechen-petsch.net\/en\/wp-json\/wp\/v2\/media\/460402"}],"wp:attachment":[{"href":"https:\/\/o4k.kuechen-petsch.net\/en\/wp-json\/wp\/v2\/media?parent=460382"}],"wp:term":[{"taxonomy":"product_brand","embeddable":true,"href":"https:\/\/o4k.kuechen-petsch.net\/en\/wp-json\/wp\/v2\/product_brand?post=460382"},{"taxonomy":"product_cat","embeddable":true,"href":"https:\/\/o4k.kuechen-petsch.net\/en\/wp-json\/wp\/v2\/product_cat?post=460382"},{"taxonomy":"product_tag","embeddable":true,"href":"https:\/\/o4k.kuechen-petsch.net\/en\/wp-json\/wp\/v2\/product_tag?post=460382"}],"curies":[{"name":"wp","href":"https:\/\/api.w.org\/{rel}","templated":true}]}}