{"id":460380,"date":"2023-10-24T11:33:09","date_gmt":"2023-10-24T09:33:09","guid":{"rendered":"https:\/\/o4k.kuechen-petsch.net\/?post_type=product&#038;p=460380"},"modified":"2025-02-12T14:35:21","modified_gmt":"2025-02-12T13:35:21","slug":"avantgarde-classic","status":"publish","type":"product","link":"https:\/\/o4k.kuechen-petsch.net\/en\/monolith\/avantgarde-classic\/","title":{"rendered":"AVANTGARDE CLASSIC"},"content":{"rendered":"<p><span style=\"font-weight: 400;\">AVANTGARDE CLASSIC- OHNE GESTELL\u00a0 &#8218;SCHWARZ&#8216;\u00a0 inkl. SGS &#8211; Kohlekorb &#8211; LED-Licht &#8211; Grillrostheber &#8211; Ascheschaufel &#8211; R\u00e4ucherschiene<\/span><\/p>\n<p><span style=\"font-weight: 400;\">Basierend auf der Pro Serie 2.0, welche bereits neue Standards in Sachen Qualit\u00e4t &amp; Vielseitigkeit gesetzt hat, war es unser Ziel, mit der Avantgarde Serie noch eine Stufe h\u00f6her zu gehen und vor allem unsere einzigartige Kamado Technologie mit zeitloser \u00c4sthetik zu verbinden. Der Avantgarde \u00fcberzeugt mit seiner Satin-Matt Mineralglasur, einem \u00fcberarbeiteten Gestell welches nun die neuen Seitentische aus heavy bamboo h\u00e4lt, noch dickeren Edelstahlbeschl\u00e4gen f\u00fcr beste Stabilit\u00e4t &amp; \u00c4sthetik, einem im Griff integrierten LED Licht welches die gesamte Grillfl\u00e4che bei Dunkelheit ausleuchtet, sowie all die Innovationen die bereits bei der Pro Serie 2.0 entwickelt wurden: Edelstahl-Glasfaser Dichtung, Smart-Grid-System, Einfache Ascheentnahme, Anschluss f\u00fcr digitale Steuereinheiten.\u00a0<\/span><\/p>\n<p><span style=\"font-weight: 400;\">Optional mit Gestell<\/span><\/p>\n<p><span style=\"font-weight: 400;\">Inklusive:\u00a0<\/span><\/p>\n<ul>\n<li style=\"font-weight: 400;\" aria-level=\"1\"><span style=\"font-weight: 400;\">Ascheschaufel<\/span><\/li>\n<li style=\"font-weight: 400;\" aria-level=\"1\"><span style=\"font-weight: 400;\">R\u00e4ucherschiene<\/span><\/li>\n<li style=\"font-weight: 400;\" aria-level=\"1\"><span style=\"font-weight: 400;\">Grillrostheber<\/span><\/li>\n<li style=\"font-weight: 400;\" aria-level=\"1\"><span style=\"font-weight: 400;\">SGS-Griffe<\/span><\/li>\n<\/ul>\n<p><span style=\"font-weight: 400;\">Top-Features:<\/span><\/p>\n<ul>\n<li style=\"font-weight: 400;\" aria-level=\"1\"><span style=\"font-weight: 400;\">Smart Grid System<\/span><\/li>\n<li style=\"font-weight: 400;\" aria-level=\"1\"><span style=\"font-weight: 400;\">Mehrteilige Feuerbox inkl. komfortabler Ascheentnahme<\/span><\/li>\n<li style=\"font-weight: 400;\" aria-level=\"1\"><span style=\"font-weight: 400;\">Geteilter Kohlekorb<\/span><\/li>\n<li style=\"font-weight: 400;\" aria-level=\"1\"><span style=\"font-weight: 400;\">Verbreiterte Edelstahlbeschl\u00e4ge<\/span><\/li>\n<li style=\"font-weight: 400;\" aria-level=\"1\"><span style=\"font-weight: 400;\">Adapter f\u00fcr digitale Steuereinheiten<\/span><\/li>\n<li style=\"font-weight: 400;\" aria-level=\"1\"><span style=\"font-weight: 400;\">Edelstahl-Glasfaser Dichtung<\/span><\/li>\n<li style=\"font-weight: 400;\" aria-level=\"1\"><span style=\"font-weight: 400;\">R\u00e4ucherchips \u00d6ffnung<\/span><\/li>\n<li style=\"font-weight: 400;\" aria-level=\"1\"><span style=\"font-weight: 400;\">Hochwertige Feuerfestkeramik\u00a0<\/span><\/li>\n<li style=\"font-weight: 400;\" aria-level=\"1\"><span style=\"font-weight: 400;\">Widerstandsf\u00e4hige Mineralglasur in Satin Matt<\/span><\/li>\n<li style=\"font-weight: 400;\" aria-level=\"1\"><span style=\"font-weight: 400;\">LED-Licht im Griff<\/span><\/li>\n<\/ul>","protected":false},"excerpt":{"rendered":"<p>AVANTGARDE CLASSIC- OHNE GESTELL\u00a0 &#8218;SCHWARZ&#8216;\u00a0 inkl. SGS &#8211; Kohlekorb &#8211; LED-Licht &#8211; Grillrostheber &#8211; Ascheschaufel &#8211; R\u00e4ucherschiene Basierend auf der Pro Serie 2.0, welche bereits neue Standards in Sachen Qualit\u00e4t &amp; Vielseitigkeit gesetzt hat, war es unser Ziel, mit der Avantgarde Serie noch eine Stufe h\u00f6her zu gehen und vor allem unsere einzigartige Kamado Technologie [&hellip;]<\/p>\n","protected":false},"featured_media":460400,"template":"","meta":{"content-type":""},"product_brand":[375],"product_cat":[249],"product_tag":[178,179,254,257,273,43,374,125,126,177],"class_list":{"0":"post-460380","1":"product","2":"type-product","3":"status-publish","4":"has-post-thumbnail","6":"product_brand-monolith","7":"product_cat-monolith","8":"product_tag-holzkohlegrill","9":"product_tag-holzkohle","10":"product_tag-44-cm","11":"product_tag-monolith","12":"product_tag-monolith-bbq","13":"product_tag-keramik","14":"product_tag-matt-schwarz","15":"product_tag-keramikgrill","16":"product_tag-kamado","17":"product_tag-kohlegrill","19":"first","20":"instock","21":"taxable","22":"shipping-taxable","23":"purchasable","24":"product-type-simple"},"_links":{"self":[{"href":"https:\/\/o4k.kuechen-petsch.net\/en\/wp-json\/wp\/v2\/product\/460380","targetHints":{"allow":["GET"]}}],"collection":[{"href":"https:\/\/o4k.kuechen-petsch.net\/en\/wp-json\/wp\/v2\/product"}],"about":[{"href":"https:\/\/o4k.kuechen-petsch.net\/en\/wp-json\/wp\/v2\/types\/product"}],"version-history":[{"count":4,"href":"https:\/\/o4k.kuechen-petsch.net\/en\/wp-json\/wp\/v2\/product\/460380\/revisions"}],"predecessor-version":[{"id":462575,"href":"https:\/\/o4k.kuechen-petsch.net\/en\/wp-json\/wp\/v2\/product\/460380\/revisions\/462575"}],"wp:featuredmedia":[{"embeddable":true,"href":"https:\/\/o4k.kuechen-petsch.net\/en\/wp-json\/wp\/v2\/media\/460400"}],"wp:attachment":[{"href":"https:\/\/o4k.kuechen-petsch.net\/en\/wp-json\/wp\/v2\/media?parent=460380"}],"wp:term":[{"taxonomy":"product_brand","embeddable":true,"href":"https:\/\/o4k.kuechen-petsch.net\/en\/wp-json\/wp\/v2\/product_brand?post=460380"},{"taxonomy":"product_cat","embeddable":true,"href":"https:\/\/o4k.kuechen-petsch.net\/en\/wp-json\/wp\/v2\/product_cat?post=460380"},{"taxonomy":"product_tag","embeddable":true,"href":"https:\/\/o4k.kuechen-petsch.net\/en\/wp-json\/wp\/v2\/product_tag?post=460380"}],"curies":[{"name":"wp","href":"https:\/\/api.w.org\/{rel}","templated":true}]}}