{"id":459270,"date":"2023-02-03T14:35:12","date_gmt":"2023-02-03T13:35:12","guid":{"rendered":"https:\/\/o4k.kuechen-petsch.net\/?post_type=product&#038;p=459270"},"modified":"2025-02-12T15:02:04","modified_gmt":"2025-02-12T14:02:04","slug":"beefeater-proline-serie-6-brenner-einbaugrill-mit-garhaube","status":"publish","type":"product","link":"https:\/\/o4k.kuechen-petsch.net\/en\/beefeater\/beefeater-proline-serie-6-brenner-einbaugrill-mit-garhaube\/","title":{"rendered":"BeefEater Proline\u00ae Serie \u2013 6 Brenner Einbaugrill mit Garhaube"},"content":{"rendered":"<h3>Die BeefEater Proline Serie &#8211; eine Klasse f\u00fcr sich.<\/h3>\n<p>Mit ihrem schlanken und geradlinigen Design und kompromissloser Leistung bieten diese Einbaugrills ein erstklassiges Erlebnis f\u00fcr Ihre Outdoork\u00fcche.<\/p>\n<p>Die Proline Serie verf\u00fcgt \u00fcber ein \u00fcberlegenes Fettmanagementsystem, Gusseisenroste und Gusseisenplancha. Die 6 leistungsstarken Brennern, sorgen f\u00fcr ein unvergessliches Grillvergn\u00fcgen.<\/p>\n<p>Die Brenner aus AISI 304-Edelstahl haben eine Gesamtleistung von 19,7 kWh und die seitlich angebrachten Bedienelemente mit Leistungsanzeigen sorgen f\u00fcr den n\u00f6tigen \u00dcberblick. Die Kochfl\u00e4chen aus Gusseisen sind f\u00fcr Langlebigkeit entworfen und die Flammenausfallsicherung bei dem Modell mit Garhaube bietet zus\u00e4tzliche Sicherheit beim Bedienen des Grills.<\/p>\n<p>Erleben Sie eine unvergessliche Grillerfahrung mit der Proline Serie.<\/p>\n<p><strong>Variante 2 mit Garhaube<\/strong><\/p>","protected":false},"excerpt":{"rendered":"<p>6xBrenner<\/p>","protected":false},"featured_media":459679,"template":"","meta":{"content-type":""},"product_brand":[386],"product_cat":[276],"product_tag":[120,277,279,289,290,291],"class_list":{"0":"post-459270","1":"product","2":"type-product","3":"status-publish","4":"has-post-thumbnail","6":"product_brand-beefeater","7":"product_cat-beefeater","8":"product_tag-gasgrill","9":"product_tag-beefeater","10":"product_tag-plancha","11":"product_tag-6-x-brenner","12":"product_tag-gusseisenrost","13":"product_tag-gusseisenplancha","15":"first","16":"instock","17":"taxable","18":"shipping-taxable","19":"purchasable","20":"product-type-simple"},"_links":{"self":[{"href":"https:\/\/o4k.kuechen-petsch.net\/en\/wp-json\/wp\/v2\/product\/459270","targetHints":{"allow":["GET"]}}],"collection":[{"href":"https:\/\/o4k.kuechen-petsch.net\/en\/wp-json\/wp\/v2\/product"}],"about":[{"href":"https:\/\/o4k.kuechen-petsch.net\/en\/wp-json\/wp\/v2\/types\/product"}],"version-history":[{"count":3,"href":"https:\/\/o4k.kuechen-petsch.net\/en\/wp-json\/wp\/v2\/product\/459270\/revisions"}],"predecessor-version":[{"id":459691,"href":"https:\/\/o4k.kuechen-petsch.net\/en\/wp-json\/wp\/v2\/product\/459270\/revisions\/459691"}],"wp:featuredmedia":[{"embeddable":true,"href":"https:\/\/o4k.kuechen-petsch.net\/en\/wp-json\/wp\/v2\/media\/459679"}],"wp:attachment":[{"href":"https:\/\/o4k.kuechen-petsch.net\/en\/wp-json\/wp\/v2\/media?parent=459270"}],"wp:term":[{"taxonomy":"product_brand","embeddable":true,"href":"https:\/\/o4k.kuechen-petsch.net\/en\/wp-json\/wp\/v2\/product_brand?post=459270"},{"taxonomy":"product_cat","embeddable":true,"href":"https:\/\/o4k.kuechen-petsch.net\/en\/wp-json\/wp\/v2\/product_cat?post=459270"},{"taxonomy":"product_tag","embeddable":true,"href":"https:\/\/o4k.kuechen-petsch.net\/en\/wp-json\/wp\/v2\/product_tag?post=459270"}],"curies":[{"name":"wp","href":"https:\/\/api.w.org\/{rel}","templated":true}]}}