{"id":459130,"date":"2022-10-04T15:57:59","date_gmt":"2022-10-04T13:57:59","guid":{"rendered":"https:\/\/o4k.kuechen-petsch.net\/?post_type=product&#038;p=459130"},"modified":"2025-02-12T15:03:44","modified_gmt":"2025-02-12T14:03:44","slug":"caso-barbecue-cooler-silber","status":"publish","type":"product","link":"https:\/\/o4k.kuechen-petsch.net\/en\/caso-design\/caso-barbecue-cooler-silber\/","title":{"rendered":"CASO Barbecue Cooler Silber"},"content":{"rendered":"<div class=\"c-attribute-table__attribute\">\n<p><strong>Design Barbecue Cooler \u2013 Ihr stilvoller Outdoor-Getr\u00e4nkek\u00fchler f\u00fcr h\u00f6chste Anspr\u00fcche<\/strong><\/p>\n<p>Der <strong>Design Barbecue Cooler<\/strong> vereint elegantes Design und erstklassige Funktionalit\u00e4t, um Ihre Getr\u00e4nke jederzeit perfekt gek\u00fchlt bereitzuhalten. Mit seinem hochwertigen Edelstahlgeh\u00e4use und der fortschrittlichen Kompressortechnik bietet dieser K\u00fchlschrank die ideale L\u00f6sung f\u00fcr Ihre Outdoor-K\u00fcche, \u00fcberdachte Terrasse oder auch den Partykeller.<\/p>\n<h3><strong>Hauptmerkmale des Barbecue Coolers:<\/strong><\/h3>\n<ul>\n<li><strong>Premium-Edelstahlgeh\u00e4use<\/strong>: Robustes, wetterfestes Design f\u00fcr den Innen- und Au\u00dfenbereich.<\/li>\n<li><strong>Spritzwasserschutz (IPX4)<\/strong>: Ideal f\u00fcr \u00fcberdachte Au\u00dfenbereiche, bietet Schutz gegen Witterungseinfl\u00fcsse.<\/li>\n<li><strong>Individuelle K\u00fchlstufen<\/strong>: Sechs einstellbare Temperaturstufen (ca. -1 bis 10 \u00b0C) f\u00fcr optimale Lagerbedingungen Ihrer Getr\u00e4nke und Snacks.<\/li>\n<li><strong>Gro\u00dfz\u00fcgiger Stauraum<\/strong>: Mit ca. 63 Litern Fassungsverm\u00f6gen haben Sie genug Platz f\u00fcr all Ihre Erfrischungen.<\/li>\n<li><strong>Flexible Ablagen<\/strong>: Drei Eisen-Chrom-Ablagen mit Klicksystem zur einfachen H\u00f6henverstellung, um unterschiedlich gro\u00dfe Flaschen und Dosen problemlos unterzubringen.<\/li>\n<li><strong>Einbauoption<\/strong>: Ideal als Einbauger\u00e4t in Outdoor-K\u00fcchen, herk\u00f6mmlichen K\u00fcchen oder Partyr\u00e4umen nutzbar.<\/li>\n<li><strong>Sicherheitsglas<\/strong>: 3-lagiges, get\u00f6ntes UV-Schutzglas sch\u00fctzt den Inhalt vor Sonnenstrahlen und sorgt f\u00fcr gleichbleibende Temperaturen.<\/li>\n<li><strong>\u00dcbersicht durch Glasscheibe<\/strong>: Ohne die T\u00fcr zu \u00f6ffnen, haben Sie stets den \u00dcberblick \u00fcber den K\u00fchlschrankinhalt.<\/li>\n<li><strong>Selbstschlie\u00dfende T\u00fcr<\/strong>: F\u00fcr ein zuverl\u00e4ssiges und energieeffizientes K\u00fchlen.<\/li>\n<li><strong>Hygienischer Edelstahl-Innenraum<\/strong>: Leicht zu reinigen und resistent gegen Keimbildung.<\/li>\n<li><strong>LED-Innenbeleuchtung<\/strong>: Zuschaltbare Beleuchtung f\u00fcr eine attraktive Pr\u00e4sentation der Getr\u00e4nke auch bei Dunkelheit.<\/li>\n<\/ul>\n<p>Mit dem <strong>Design Barbecue Cooler<\/strong> setzen Sie nicht nur auf Funktionalit\u00e4t, sondern auch auf \u00c4sthetik. Ob als Teil Ihrer Outdoor-K\u00fcche oder als stylisches Highlight im Partykeller \u2013 dieser K\u00fchlschrank sorgt daf\u00fcr, dass Ihre Getr\u00e4nke immer perfekt gek\u00fchlt und ansprechend pr\u00e4sentiert werden.<\/p>\n<p>Verwandeln Sie Ihre n\u00e4chste Grillparty in ein stilvolles Erlebnis!<\/p>\n<\/div>","protected":false},"excerpt":{"rendered":"<p>Getr\u00e4nkek\u00fchlschrank mit 63 Litern Volumen<\/p>","protected":false},"featured_media":459135,"template":"","meta":{"content-type":""},"product_brand":[380],"product_cat":[264],"product_tag":[270,266,268,269],"class_list":{"0":"post-459130","1":"product","2":"type-product","3":"status-publish","4":"has-post-thumbnail","6":"product_brand-caso-design","7":"product_cat-caso-design","8":"product_tag-outdoor","9":"product_tag-elektro","10":"product_tag-kuehlschrank","11":"product_tag-getraenkekuehlschrank","13":"first","14":"instock","15":"taxable","16":"shipping-taxable","17":"purchasable","18":"product-type-simple"},"_links":{"self":[{"href":"https:\/\/o4k.kuechen-petsch.net\/en\/wp-json\/wp\/v2\/product\/459130","targetHints":{"allow":["GET"]}}],"collection":[{"href":"https:\/\/o4k.kuechen-petsch.net\/en\/wp-json\/wp\/v2\/product"}],"about":[{"href":"https:\/\/o4k.kuechen-petsch.net\/en\/wp-json\/wp\/v2\/types\/product"}],"version-history":[{"count":1,"href":"https:\/\/o4k.kuechen-petsch.net\/en\/wp-json\/wp\/v2\/product\/459130\/revisions"}],"predecessor-version":[{"id":461893,"href":"https:\/\/o4k.kuechen-petsch.net\/en\/wp-json\/wp\/v2\/product\/459130\/revisions\/461893"}],"wp:featuredmedia":[{"embeddable":true,"href":"https:\/\/o4k.kuechen-petsch.net\/en\/wp-json\/wp\/v2\/media\/459135"}],"wp:attachment":[{"href":"https:\/\/o4k.kuechen-petsch.net\/en\/wp-json\/wp\/v2\/media?parent=459130"}],"wp:term":[{"taxonomy":"product_brand","embeddable":true,"href":"https:\/\/o4k.kuechen-petsch.net\/en\/wp-json\/wp\/v2\/product_brand?post=459130"},{"taxonomy":"product_cat","embeddable":true,"href":"https:\/\/o4k.kuechen-petsch.net\/en\/wp-json\/wp\/v2\/product_cat?post=459130"},{"taxonomy":"product_tag","embeddable":true,"href":"https:\/\/o4k.kuechen-petsch.net\/en\/wp-json\/wp\/v2\/product_tag?post=459130"}],"curies":[{"name":"wp","href":"https:\/\/api.w.org\/{rel}","templated":true}]}}