{"id":459117,"date":"2022-10-04T15:33:08","date_gmt":"2022-10-04T13:33:08","guid":{"rendered":"https:\/\/o4k.kuechen-petsch.net\/?post_type=product&#038;p=459117"},"modified":"2025-02-12T15:04:33","modified_gmt":"2025-02-12T14:04:33","slug":"indu-wok-induktionskochfeld","status":"publish","type":"product","link":"https:\/\/o4k.kuechen-petsch.net\/en\/indu\/indu-wok-induktionskochfeld\/","title":{"rendered":"Indu+ Wok Induktionskochfeld"},"content":{"rendered":"<p><strong>Indu+ Wok Induktionskochfeld \u2013 Die perfekte Kombination aus Tradition und modernster Technologie<\/strong><\/p>\n<p>Das <strong>Indu+ Wok Induktionskochfeld<\/strong> bringt die Vorteile traditioneller Wok-Gerichte in Einklang mit der Effizienz und Pr\u00e4zision modernster Induktionstechnologie. Speziell entwickelt f\u00fcr das Wok-Kochen, erm\u00f6glicht dieses Kochfeld eine schnelle und gleichm\u00e4\u00dfige Erhitzung, ideal f\u00fcr das Anbraten, Garen und Braten mit einem Wok.<\/p>\n<h3><strong>Hauptmerkmale des Indu+ Wok Induktionskochfelds:<\/strong><\/h3>\n<ul>\n<li><strong>Induktion der neuesten Generation<\/strong>: Mit 14 direkt zug\u00e4nglichen Heizstufen \u00fcber das praktische Touch-Control-Bedienfeld, inklusive <strong>Booster<\/strong> und <strong>Super-Booster<\/strong> f\u00fcr schnelles Erhitzen.<\/li>\n<li><strong>Spezialfunktionen f\u00fcr pr\u00e4zises Kochen<\/strong>: W\u00e4hlen Sie spezifische Einstellungen wie <strong>Schmelzen<\/strong> (\u224842\u00b0C), <strong>Warmhalten<\/strong> (\u224870\u00b0C) und <strong>leicht k\u00f6chelndes Wasser<\/strong> (\u224894\u00b0C), um jedes Gericht perfekt zuzubereiten.<\/li>\n<li><strong>Dynamische LED-Temperaturanzeige<\/strong>: Die Temperatur wird in Echtzeit angezeigt, sodass Sie jederzeit die volle Kontrolle \u00fcber den Kochprozess haben.<\/li>\n<li><strong>Timer &amp; Eieruhr<\/strong>: Praktische Funktionen f\u00fcr zeitgesteuertes Kochen und eine genaue Kontrolle \u00fcber Ihre Garzeiten.<\/li>\n<li><strong>Stop &amp; Go-Funktion<\/strong>: Erm\u00f6glicht es Ihnen, den Kochvorgang kurzfristig zu unterbrechen und sp\u00e4ter nahtlos fortzusetzen.<\/li>\n<li><strong>Verriegelungstaste<\/strong>: F\u00fcr zus\u00e4tzliche Sicherheit beim Kochen.<\/li>\n<\/ul>\n<h3><strong>ECO-Design:<\/strong><\/h3>\n<ul>\n<li><strong>Minimaler Energieverbrauch<\/strong>: Im Standby-Modus verbraucht das Kochfeld weniger als 0,8W, was es besonders energieeffizient macht.<\/li>\n<li><strong>Nachhaltigkeit<\/strong>: Die Verpackung besteht zu 100% aus wiederverwertbaren Materialien.<\/li>\n<\/ul>\n<h3><strong>Sicherheitsfunktionen:<\/strong><\/h3>\n<ul>\n<li><strong>Auto-Power<\/strong>: Die Induktionsfl\u00e4che passt sich automatisch der Gr\u00f6\u00dfe des Wok-Topfes an, um die Heizkraft effizient zu nutzen.<\/li>\n<li><strong>Auto-Stop<\/strong>: Sicherheitsmechanismen schalten das Kochfeld bei \u00dcberlauf, kleinen Gegenst\u00e4nden oder leeren T\u00f6pfen automatisch ab.<\/li>\n<li><strong>Restw\u00e4rmeanzeige<\/strong>: Warnt Sie vor verbliebener Hitze, um Verbrennungen zu vermeiden.<\/li>\n<li><strong>Falscher Anschluss verhindern<\/strong>: Spezieller Schutz gegen fehlerhafte Anschl\u00fcsse (400V) f\u00fcr eine sichere Installation.<\/li>\n<\/ul>\n<h3><strong>Installation:<\/strong><\/h3>\n<ul>\n<li><strong>Einfache Installation<\/strong>: F\u00fcr 220-240 V ~, 50\/60 Hz Netzstrom geeignet, mit den Abmessungen 400 x 520 mm (R=5). Das Induktionskochfeld ist f\u00fcr den fl\u00e4chenb\u00fcndigen Einbau optimiert und bietet leichten Zugang f\u00fcr den Kundendienst.<\/li>\n<\/ul>\n<h3><strong>Inklusive Wokpfanne<\/strong>:<\/h3>\n<p>Das Indu+ Wok Induktionskochfeld wird inklusive einer hochwertigen Wokpfanne geliefert, damit Sie sofort loslegen k\u00f6nnen.<\/p>\n<p>Das <strong>Indu+ Wok Induktionskochfeld<\/strong> kombiniert die traditionelle Wok-Kochkunst mit modernster Induktionstechnologie f\u00fcr schnelle, gleichm\u00e4\u00dfige und pr\u00e4zise Ergebnisse. Perfekt f\u00fcr alle, die Wert auf authentische Wok-Gerichte und fortschrittliche K\u00fcchentechnik legen.<\/p>","protected":false},"excerpt":{"rendered":"<p>Indu+ Wok Induktionskochfeld \u2013 Die perfekte Kombination aus Tradition und modernster Technologie Das Indu+ Wok Induktionskochfeld bringt die Vorteile traditioneller Wok-Gerichte in Einklang mit der Effizienz und Pr\u00e4zision modernster Induktionstechnologie. Speziell entwickelt f\u00fcr das Wok-Kochen, erm\u00f6glicht dieses Kochfeld eine schnelle und gleichm\u00e4\u00dfige Erhitzung, ideal f\u00fcr das Anbraten, Garen und Braten mit einem Wok. Hauptmerkmale des [&hellip;]<\/p>\n","protected":false},"featured_media":2328,"template":"","meta":{"content-type":""},"product_brand":[377],"product_cat":[259],"product_tag":[260,261,262,266,274,275],"class_list":{"0":"post-459117","1":"product","2":"type-product","3":"status-publish","4":"has-post-thumbnail","6":"product_brand-indu","7":"product_cat-indu","8":"product_tag-indu","9":"product_tag-induktion","10":"product_tag-induktionskochfeld","11":"product_tag-elektro","12":"product_tag-indu-plus","13":"product_tag-induplus","15":"first","16":"instock","17":"taxable","18":"shipping-taxable","19":"purchasable","20":"product-type-simple"},"_links":{"self":[{"href":"https:\/\/o4k.kuechen-petsch.net\/en\/wp-json\/wp\/v2\/product\/459117","targetHints":{"allow":["GET"]}}],"collection":[{"href":"https:\/\/o4k.kuechen-petsch.net\/en\/wp-json\/wp\/v2\/product"}],"about":[{"href":"https:\/\/o4k.kuechen-petsch.net\/en\/wp-json\/wp\/v2\/types\/product"}],"version-history":[{"count":2,"href":"https:\/\/o4k.kuechen-petsch.net\/en\/wp-json\/wp\/v2\/product\/459117\/revisions"}],"predecessor-version":[{"id":461917,"href":"https:\/\/o4k.kuechen-petsch.net\/en\/wp-json\/wp\/v2\/product\/459117\/revisions\/461917"}],"wp:featuredmedia":[{"embeddable":true,"href":"https:\/\/o4k.kuechen-petsch.net\/en\/wp-json\/wp\/v2\/media\/2328"}],"wp:attachment":[{"href":"https:\/\/o4k.kuechen-petsch.net\/en\/wp-json\/wp\/v2\/media?parent=459117"}],"wp:term":[{"taxonomy":"product_brand","embeddable":true,"href":"https:\/\/o4k.kuechen-petsch.net\/en\/wp-json\/wp\/v2\/product_brand?post=459117"},{"taxonomy":"product_cat","embeddable":true,"href":"https:\/\/o4k.kuechen-petsch.net\/en\/wp-json\/wp\/v2\/product_cat?post=459117"},{"taxonomy":"product_tag","embeddable":true,"href":"https:\/\/o4k.kuechen-petsch.net\/en\/wp-json\/wp\/v2\/product_tag?post=459117"}],"curies":[{"name":"wp","href":"https:\/\/api.w.org\/{rel}","templated":true}]}}