{"id":459103,"date":"2022-10-04T15:16:34","date_gmt":"2022-10-04T13:16:34","guid":{"rendered":"https:\/\/o4k.kuechen-petsch.net\/?post_type=product&#038;p=459103"},"modified":"2025-02-13T09:05:39","modified_gmt":"2025-02-13T08:05:39","slug":"flammkraft-block-d","status":"publish","type":"product","link":"https:\/\/o4k.kuechen-petsch.net\/en\/flammkraft\/flammkraft-block-d\/","title":{"rendered":"Flammkraft Block D (Gen.5)"},"content":{"rendered":"<p>Der Block D vom Flammkraft vereint h\u00f6chste Anspr\u00fcche an Material, Verarbeitung und Qualit\u00e4t. Massive Materialien finden \u00fcberall Anwendung. Der Block D ist vollst\u00e4ndig in Edelstahl ausgef\u00fchrt. Die Grillfl\u00e4che l\u00e4sst keine W\u00fcnsche offen. Sowohl eine leistungsf\u00e4hige R\u00f6stzone, wie auch eine gro\u00dfe Hauptgrillfl\u00e4che erlauben es gro\u00dfe Runden mit kulinarischen Leckerbissen aller Art zu versorgen. Der Block D kennt keine Kompromisse. Edelstahlausz\u00fcge sorgen f\u00fcr einen komfortablen Zugang zu Gasflasche und Zubeh\u00f6r. Das innovative Ablaufsystem l\u00e4sst sich zur Reinigung bequem nach vorne herausziehen. Eine gro\u00dfz\u00fcgige Aufbewahrungsbox bietet Stauraum.<\/p>\n<p>Der Block D hat das ikonische Design der Flammkraft-Grills begr\u00fcndet.<\/p>\n<ul>\n<li>Hochleistungs-Gasgrill<\/li>\n<li>vollst\u00e4ndig aus Edelstahl<\/li>\n<li>100\u00b0C-900\u00b0C<\/li>\n<li>Inkl. Edelstahl-Gussroste<\/li>\n<li>Profi-Performance<\/li>\n<li>Made in Germany<\/li>\n<\/ul>","protected":false},"excerpt":{"rendered":"<p>Einbau-Variante<br \/>\nGrillfl\u00e4che: 90 x 40cm<br \/>\nR\u00f6stbrenner mit 3,5 kW<\/p>","protected":false},"featured_media":459104,"template":"","meta":{"content-type":""},"product_brand":[379],"product_cat":[180],"product_tag":[120,181,258,294,295,296,297],"class_list":{"0":"post-459103","1":"product","2":"type-product","3":"status-publish","4":"has-post-thumbnail","6":"product_brand-flammkraft","7":"product_cat-flammkraft","8":"product_tag-gasgrill","9":"product_tag-einbaugrill","10":"product_tag-flammkraft","11":"product_tag-block-d","12":"product_tag-infrarot","13":"product_tag-roestbrenner","14":"product_tag-sizzle-zone","16":"first","17":"instock","18":"taxable","19":"shipping-taxable","20":"purchasable","21":"product-type-simple"},"_links":{"self":[{"href":"https:\/\/o4k.kuechen-petsch.net\/en\/wp-json\/wp\/v2\/product\/459103","targetHints":{"allow":["GET"]}}],"collection":[{"href":"https:\/\/o4k.kuechen-petsch.net\/en\/wp-json\/wp\/v2\/product"}],"about":[{"href":"https:\/\/o4k.kuechen-petsch.net\/en\/wp-json\/wp\/v2\/types\/product"}],"version-history":[{"count":4,"href":"https:\/\/o4k.kuechen-petsch.net\/en\/wp-json\/wp\/v2\/product\/459103\/revisions"}],"predecessor-version":[{"id":462624,"href":"https:\/\/o4k.kuechen-petsch.net\/en\/wp-json\/wp\/v2\/product\/459103\/revisions\/462624"}],"wp:featuredmedia":[{"embeddable":true,"href":"https:\/\/o4k.kuechen-petsch.net\/en\/wp-json\/wp\/v2\/media\/459104"}],"wp:attachment":[{"href":"https:\/\/o4k.kuechen-petsch.net\/en\/wp-json\/wp\/v2\/media?parent=459103"}],"wp:term":[{"taxonomy":"product_brand","embeddable":true,"href":"https:\/\/o4k.kuechen-petsch.net\/en\/wp-json\/wp\/v2\/product_brand?post=459103"},{"taxonomy":"product_cat","embeddable":true,"href":"https:\/\/o4k.kuechen-petsch.net\/en\/wp-json\/wp\/v2\/product_cat?post=459103"},{"taxonomy":"product_tag","embeddable":true,"href":"https:\/\/o4k.kuechen-petsch.net\/en\/wp-json\/wp\/v2\/product_tag?post=459103"}],"curies":[{"name":"wp","href":"https:\/\/api.w.org\/{rel}","templated":true}]}}