{"id":459016,"date":"2022-10-04T13:39:19","date_gmt":"2022-10-04T11:39:19","guid":{"rendered":"https:\/\/o4k.kuechen-petsch.net\/?post_type=product&#038;p=459016"},"modified":"2025-02-12T14:35:22","modified_gmt":"2025-02-12T13:35:22","slug":"monolith-icon","status":"publish","type":"product","link":"https:\/\/o4k.kuechen-petsch.net\/en\/monolith\/monolith-icon\/","title":{"rendered":"Monolith ICON"},"content":{"rendered":"<p>Der kleine Allrounder<\/p>\n<p>Lass dich nicht von der Gr\u00f6\u00dfe t\u00e4uschen: Der MONOLITH ICON ist unser geheimer Star unter den Keramikgrills. Er kann r\u00e4uchern, backen und grillen und ist dank der Feuerplatte auch stets zu allen Brat-Taten bereit. Der Deckel l\u00e4sst sich ganz einfach abnehmen \u2013 so wird der ICON zum Tischgrill und die Feuerplatte zur Teppanyaki-Platte<\/p>","protected":false},"excerpt":{"rendered":"<p>Grillfl\u00e4che 33cm<\/p>","protected":false},"featured_media":459022,"template":"","meta":{"content-type":""},"product_brand":[375],"product_cat":[249],"product_tag":[149,177,178,179,257,43,273,125,126,141,142],"class_list":{"0":"post-459016","1":"product","2":"type-product","3":"status-publish","4":"has-post-thumbnail","6":"product_brand-monolith","7":"product_cat-monolith","8":"product_tag-33-cm","9":"product_tag-kohlegrill","10":"product_tag-holzkohlegrill","11":"product_tag-holzkohle","12":"product_tag-monolith","13":"product_tag-keramik","14":"product_tag-monolith-bbq","15":"product_tag-keramikgrill","16":"product_tag-kamado","17":"product_tag-portabel","18":"product_tag-mini","20":"first","21":"instock","22":"taxable","23":"shipping-taxable","24":"purchasable","25":"product-type-simple"},"_links":{"self":[{"href":"https:\/\/o4k.kuechen-petsch.net\/en\/wp-json\/wp\/v2\/product\/459016","targetHints":{"allow":["GET"]}}],"collection":[{"href":"https:\/\/o4k.kuechen-petsch.net\/en\/wp-json\/wp\/v2\/product"}],"about":[{"href":"https:\/\/o4k.kuechen-petsch.net\/en\/wp-json\/wp\/v2\/types\/product"}],"version-history":[{"count":2,"href":"https:\/\/o4k.kuechen-petsch.net\/en\/wp-json\/wp\/v2\/product\/459016\/revisions"}],"predecessor-version":[{"id":462576,"href":"https:\/\/o4k.kuechen-petsch.net\/en\/wp-json\/wp\/v2\/product\/459016\/revisions\/462576"}],"wp:featuredmedia":[{"embeddable":true,"href":"https:\/\/o4k.kuechen-petsch.net\/en\/wp-json\/wp\/v2\/media\/459022"}],"wp:attachment":[{"href":"https:\/\/o4k.kuechen-petsch.net\/en\/wp-json\/wp\/v2\/media?parent=459016"}],"wp:term":[{"taxonomy":"product_brand","embeddable":true,"href":"https:\/\/o4k.kuechen-petsch.net\/en\/wp-json\/wp\/v2\/product_brand?post=459016"},{"taxonomy":"product_cat","embeddable":true,"href":"https:\/\/o4k.kuechen-petsch.net\/en\/wp-json\/wp\/v2\/product_cat?post=459016"},{"taxonomy":"product_tag","embeddable":true,"href":"https:\/\/o4k.kuechen-petsch.net\/en\/wp-json\/wp\/v2\/product_tag?post=459016"}],"curies":[{"name":"wp","href":"https:\/\/api.w.org\/{rel}","templated":true}]}}