{"id":458955,"date":"2022-10-04T11:23:47","date_gmt":"2022-10-04T09:23:47","guid":{"rendered":"https:\/\/o4k.kuechen-petsch.net\/?post_type=product&#038;p=458955"},"modified":"2025-02-12T15:02:51","modified_gmt":"2025-02-12T14:02:51","slug":"bofun-wok-brenner-classic","status":"publish","type":"product","link":"https:\/\/o4k.kuechen-petsch.net\/en\/bofun-der-brenner\/bofun-wok-brenner-classic\/","title":{"rendered":"Bofun Wok Brenner Classic"},"content":{"rendered":"<p>Mit 14kW Leistung schafft der Bofun Gasbrenner innerhalb weniger Sekunden optimale Temperaturen f\u00fcr die gesunde Genussk\u00fcche! Die hoch optimierte Cyclon-Technologie erm\u00f6glicht ein witterungsresistentes, stabiles Flammenbild und der unvergleichbare , Wirkungsgrad bietet dem Koch gr\u00f6\u00dftm\u00f6gliche Flexibilit\u00e4t effizientes Arbeiten. Klare Linien und die schlicht gehaltene Oberfl\u00e4chen lenken den Blick des Betrachters direkt auf den Ort des Kochgeschehens und vermitteln zeitlose Eleganz. Durch das modulare System und die M\u00f6glichkeit zum fl\u00e4chenb\u00fcndigen Einbau, bietet Bofun eine Vielfalt an Variationsm\u00f6glichkeiten.<br \/>\nVerschiedene Aufs\u00e4tze lassen sich mit einem einzelnen Handgriff austauschen und erm\u00f6glichen nahezu alle Kochvariationen.<\/p>\n<p>Technische Details<br \/>\n&#8211; Leistung: 14kW<br \/>\n&#8211; Energiequelle: LPG Gas (Propan\/Butan)<br \/>\n&#8211; Gasdruck 50mar und 30mbar<br \/>\n&#8211; Verbrauch: 0,7kg bis 1,0kg \/ Std. (bei voller Leistung)<br \/>\n&#8211; Material: Edelstahl 1.4301<br \/>\n&#8211; Sicherheit: CE-Zertifizierung und DVGW-Pr\u00fcfung<br \/>\n&#8211; Innen- und Au\u00dfenbetrieb<\/p>\n<p>Einbau erfolgt in 600er Schrank mit Gasauszug.<\/p>\n<p><a href=\"https:\/\/www.bofun.de\/\" target=\"_blank\" rel=\"noopener\">Herstellerseite<\/a><\/p>","protected":false},"excerpt":{"rendered":"<p>Mit 14kW Leistung schafft der Bofun Gasbrenner innerhalb weniger Sekunden optimale Temperaturen f\u00fcr die gesunde Genussk\u00fcche! Die hoch optimierte Cyclon-Technologie erm\u00f6glicht ein witterungsresistentes, stabiles Flammenbild und der unvergleichbare , Wirkungsgrad bietet dem Koch gr\u00f6\u00dftm\u00f6gliche Flexibilit\u00e4t effizientes Arbeiten. Klare Linien und die schlicht gehaltene Oberfl\u00e4chen lenken den Blick des Betrachters direkt auf den Ort des Kochgeschehens [&hellip;]<\/p>\n","protected":false},"featured_media":458956,"template":"","meta":{"content-type":""},"product_brand":[382],"product_cat":[244],"product_tag":[120,267,279,285],"class_list":{"0":"post-458955","1":"product","2":"type-product","3":"status-publish","4":"has-post-thumbnail","6":"product_brand-bofun","7":"product_cat-bofun-der-brenner","8":"product_tag-gasgrill","9":"product_tag-wok","10":"product_tag-plancha","11":"product_tag-bofun","13":"first","14":"instock","15":"taxable","16":"shipping-taxable","17":"product-type-simple"},"_links":{"self":[{"href":"https:\/\/o4k.kuechen-petsch.net\/en\/wp-json\/wp\/v2\/product\/458955","targetHints":{"allow":["GET"]}}],"collection":[{"href":"https:\/\/o4k.kuechen-petsch.net\/en\/wp-json\/wp\/v2\/product"}],"about":[{"href":"https:\/\/o4k.kuechen-petsch.net\/en\/wp-json\/wp\/v2\/types\/product"}],"version-history":[{"count":2,"href":"https:\/\/o4k.kuechen-petsch.net\/en\/wp-json\/wp\/v2\/product\/458955\/revisions"}],"predecessor-version":[{"id":459498,"href":"https:\/\/o4k.kuechen-petsch.net\/en\/wp-json\/wp\/v2\/product\/458955\/revisions\/459498"}],"wp:featuredmedia":[{"embeddable":true,"href":"https:\/\/o4k.kuechen-petsch.net\/en\/wp-json\/wp\/v2\/media\/458956"}],"wp:attachment":[{"href":"https:\/\/o4k.kuechen-petsch.net\/en\/wp-json\/wp\/v2\/media?parent=458955"}],"wp:term":[{"taxonomy":"product_brand","embeddable":true,"href":"https:\/\/o4k.kuechen-petsch.net\/en\/wp-json\/wp\/v2\/product_brand?post=458955"},{"taxonomy":"product_cat","embeddable":true,"href":"https:\/\/o4k.kuechen-petsch.net\/en\/wp-json\/wp\/v2\/product_cat?post=458955"},{"taxonomy":"product_tag","embeddable":true,"href":"https:\/\/o4k.kuechen-petsch.net\/en\/wp-json\/wp\/v2\/product_tag?post=458955"}],"curies":[{"name":"wp","href":"https:\/\/api.w.org\/{rel}","templated":true}]}}