{"id":455143,"date":"2021-02-13T18:24:21","date_gmt":"2021-02-13T17:24:21","guid":{"rendered":"https:\/\/o4k.kuechen-petsch.net\/?post_type=product&#038;p=455143"},"modified":"2025-02-12T15:04:56","modified_gmt":"2025-02-12T14:04:56","slug":"keramikgrill-kamado-joe-big-joe-3-freistehend","status":"publish","type":"product","link":"https:\/\/o4k.kuechen-petsch.net\/en\/kamado-joe\/keramikgrill-kamado-joe-big-joe-3-freistehend\/","title":{"rendered":"Kamado Joe \u00ae &#8211; Big Joe III &#8211; Freistehend"},"content":{"rendered":"<p>Qua Funktionalit\u00e4t und Konstruktion gleicht er dem Classic III\u2122, bietet jedoch<br \/>\nnoch mehr Koch- und Grillfl\u00e4che: Der Big Joe III\u2122 ist ein vielseitiger Kamado und<br \/>\ndamit perfekt f\u00fcr Gro\u00dffamilien und Partys. Mit Platz f\u00fcr drei komplette Grillroste<br \/>\nmit Rippchen ist der Big Joe III au\u00dferdem standardm\u00e4\u00dfig mit der revolution\u00e4ren,<br \/>\nhyperbolischen R\u00e4ucherkammer Sl\u014dRoller zum Bio-Garen, dem neuen 3-stufigen,<br \/>\nflexiblen Kochsystem Divide &amp; Conquer\u00ae ausgestattet.<\/p>\n<p>&nbsp;<\/p>\n<p>Hochwertiger 24-Zoll-Keramikgrill<br \/>\n(ca. 60 cm)<br \/>\nPatentierter Sl\u014dRoller Hyperbolic<br \/>\nSmoke Chamber<br \/>\n3-stufiges, flexibles Kochsystem<br \/>\nDivide &amp; Conquer\u00ae mit<br \/>\n2 Edelstahl Grill Rosten<br \/>\nDruckluftscharnier<br \/>\nOberer L\u00fcftungsregler am Kontrol<br \/>\nTower<br \/>\nAMP-Feuernest<br \/>\nEdelstahl-Grillkorb (Qualit\u00e4t 304)<br \/>\nEdelstahl-Roste (Qualit\u00e4t 304)<br \/>\nEdelstahl-Verschluss (Qualit\u00e4t 304)<br \/>\nGlasfaserdichtung mit<br \/>\nDrahtgeflecht<br \/>\nPatentierter Aschenauszug<br \/>\nEingebautes Thermometer<br \/>\nEinklappbare Seitenablagen\/Griff<br \/>\naus beschichtetem Aluminium<br \/>\nGrillzange<br \/>\nAscheschieber<\/p>","protected":false},"excerpt":{"rendered":"<p>Grillfl\u00e4che\/Rost:\u00d860cm<\/p>","protected":false},"featured_media":455223,"template":"","meta":{"content-type":""},"product_brand":[383],"product_cat":[42],"product_tag":[177,178,370,45,105,125,126,163],"class_list":{"0":"post-455143","1":"product","2":"type-product","3":"status-publish","4":"has-post-thumbnail","6":"product_brand-kamadojoe","7":"product_cat-kamado-joe","8":"product_tag-kohlegrill","9":"product_tag-holzkohlegrill","10":"product_tag-joe","11":"product_tag-kamadojoe","12":"product_tag-kamado-joe","13":"product_tag-keramikgrill","14":"product_tag-kamado","15":"product_tag-60-cm","17":"first","18":"outofstock","19":"taxable","20":"shipping-taxable","21":"product-type-simple"},"_links":{"self":[{"href":"https:\/\/o4k.kuechen-petsch.net\/en\/wp-json\/wp\/v2\/product\/455143","targetHints":{"allow":["GET"]}}],"collection":[{"href":"https:\/\/o4k.kuechen-petsch.net\/en\/wp-json\/wp\/v2\/product"}],"about":[{"href":"https:\/\/o4k.kuechen-petsch.net\/en\/wp-json\/wp\/v2\/types\/product"}],"version-history":[{"count":1,"href":"https:\/\/o4k.kuechen-petsch.net\/en\/wp-json\/wp\/v2\/product\/455143\/revisions"}],"predecessor-version":[{"id":461944,"href":"https:\/\/o4k.kuechen-petsch.net\/en\/wp-json\/wp\/v2\/product\/455143\/revisions\/461944"}],"wp:featuredmedia":[{"embeddable":true,"href":"https:\/\/o4k.kuechen-petsch.net\/en\/wp-json\/wp\/v2\/media\/455223"}],"wp:attachment":[{"href":"https:\/\/o4k.kuechen-petsch.net\/en\/wp-json\/wp\/v2\/media?parent=455143"}],"wp:term":[{"taxonomy":"product_brand","embeddable":true,"href":"https:\/\/o4k.kuechen-petsch.net\/en\/wp-json\/wp\/v2\/product_brand?post=455143"},{"taxonomy":"product_cat","embeddable":true,"href":"https:\/\/o4k.kuechen-petsch.net\/en\/wp-json\/wp\/v2\/product_cat?post=455143"},{"taxonomy":"product_tag","embeddable":true,"href":"https:\/\/o4k.kuechen-petsch.net\/en\/wp-json\/wp\/v2\/product_tag?post=455143"}],"curies":[{"name":"wp","href":"https:\/\/api.w.org\/{rel}","templated":true}]}}