{"id":454293,"date":"2021-02-13T18:24:20","date_gmt":"2021-02-13T17:24:20","guid":{"rendered":"https:\/\/o4k.kuechen-petsch.net\/?post_type=product&#038;p=454293"},"modified":"2025-02-12T15:04:57","modified_gmt":"2025-02-12T14:04:57","slug":"kamado-joe-classic-iii-freistehend","status":"publish","type":"product","link":"https:\/\/o4k.kuechen-petsch.net\/en\/kamado-joe\/kamado-joe-classic-iii-freistehend\/","title":{"rendered":"Kamado Joe \u00ae &#8211; Classic III &#8211; Freistehend"},"content":{"rendered":"<p>Unser Kamado Joe Classic III\u2122 enth\u00e4lt unsere j\u00fcngste Innovation, den revolution\u00e4ren Sl\u014dRoller, einen<br \/>\nhyperbolischen R\u00e4ucherkammereinsatz. Die leistungsstarke Technik der Zyklon-Luftstr\u00f6me wird zur<br \/>\nHitze- und Rauchregulierung genutzt: Der Sl\u014dRoller-Einsatz wurde speziell entwickelt, um Geschmack und<br \/>\nTextur der Zutaten beim langsamen Garen bei bis zu 260 \u00baC zu perfektionieren. Zum Braten oder Grillen bei<br \/>\nh\u00f6heren Temperaturen l\u00e4sst er sich einfach herausnehmen und durch die Hitzedeflektoren ersetzen. Wie sein<br \/>\nVorl\u00e4ufermodell hat auch der Kamado Joe Classic III einen dickwandigen, hitzebest\u00e4ndigen Korpus, der bei<br \/>\njeder Temperatur den Rauchgeschmack und die Feuchtigkeit einf\u00e4ngt.<br \/>\nDer leicht zu \u00f6ffnende Deckel ist mit unserem Druckluftscharnier samt Gegengewicht ausgestattet.<br \/>\nHinzu kommt der allen Elementen gewachsene, extrem pr\u00e4zise Luftregler am Kontrol Tower. Die darunter<br \/>\nliegende Kochfl\u00e4che ist aus Edelstahl der Handelsg\u00fcte 304 gefertigt. Weitere, in der Standardausstattung des<br \/>\nClassic III\u2122 enthaltene Innovationen aus dem Hause Kamado Joe sind etwa das 3-stufige, flexible Kochsystem<br \/>\nDivide &amp; Conquer\u00ae mit Edelstahl-Grillkorb, hitzebest\u00e4ndige Seitenablagen aus pulverbeschichtetem<br \/>\nAluminium, das hochmoderne, modulare Feuernest und der patentierte Aschenauszug f\u00fcr leichtes Reinigen des Grills.<\/p>\n<p>&nbsp;<\/p>\n<p>Hochwertiger 18-Zoll-Keramikgrill<br \/>\n(ca. 46 cm)<br \/>\nPatentierter Sl\u014dRoller Hyperbolic<br \/>\nSmoke Chamber<br \/>\n3-stufiges, flexibles Kochsystem<br \/>\nDivide &amp; Conquer\u00ae mit<br \/>\n2 Edelstahl Grill Rosten<br \/>\nDruckluftscharnier<br \/>\nOberer L\u00fcftungsregler am Kontrol<br \/>\nTower<br \/>\nAMP-Feuernest<br \/>\nEdelstahl-Grillkorb (Qualit\u00e4t 304)<br \/>\nEdelstahl-Roste (Qualit\u00e4t 304)<br \/>\nEdelstahl-Verschluss (Qualit\u00e4t 304)<br \/>\nGlasfaserdichtung mit Drahtgeflecht<br \/>\nPatentierter Aschenauszug<br \/>\nEingebautes Thermometer<br \/>\nEinklappbare Seitenablagen\/Griff aus<br \/>\nbeschichtetem Aluminium<br \/>\nGrillzange<br \/>\nAscheschieber<\/p>","protected":false},"excerpt":{"rendered":"<p>Grillfl\u00e4che\/Rost:\u00d846cm<\/p>","protected":false},"featured_media":455235,"template":"","meta":{"content-type":""},"product_brand":[383],"product_cat":[42],"product_tag":[151,177,178,179,370,43,45,105,125,126],"class_list":{"0":"post-454293","1":"product","2":"type-product","3":"status-publish","4":"has-post-thumbnail","6":"product_brand-kamadojoe","7":"product_cat-kamado-joe","8":"product_tag-46-cm","9":"product_tag-kohlegrill","10":"product_tag-holzkohlegrill","11":"product_tag-holzkohle","12":"product_tag-joe","13":"product_tag-keramik","14":"product_tag-kamadojoe","15":"product_tag-kamado-joe","16":"product_tag-keramikgrill","17":"product_tag-kamado","19":"first","20":"outofstock","21":"taxable","22":"shipping-taxable","23":"product-type-simple"},"_links":{"self":[{"href":"https:\/\/o4k.kuechen-petsch.net\/en\/wp-json\/wp\/v2\/product\/454293","targetHints":{"allow":["GET"]}}],"collection":[{"href":"https:\/\/o4k.kuechen-petsch.net\/en\/wp-json\/wp\/v2\/product"}],"about":[{"href":"https:\/\/o4k.kuechen-petsch.net\/en\/wp-json\/wp\/v2\/types\/product"}],"version-history":[{"count":1,"href":"https:\/\/o4k.kuechen-petsch.net\/en\/wp-json\/wp\/v2\/product\/454293\/revisions"}],"predecessor-version":[{"id":461949,"href":"https:\/\/o4k.kuechen-petsch.net\/en\/wp-json\/wp\/v2\/product\/454293\/revisions\/461949"}],"wp:featuredmedia":[{"embeddable":true,"href":"https:\/\/o4k.kuechen-petsch.net\/en\/wp-json\/wp\/v2\/media\/455235"}],"wp:attachment":[{"href":"https:\/\/o4k.kuechen-petsch.net\/en\/wp-json\/wp\/v2\/media?parent=454293"}],"wp:term":[{"taxonomy":"product_brand","embeddable":true,"href":"https:\/\/o4k.kuechen-petsch.net\/en\/wp-json\/wp\/v2\/product_brand?post=454293"},{"taxonomy":"product_cat","embeddable":true,"href":"https:\/\/o4k.kuechen-petsch.net\/en\/wp-json\/wp\/v2\/product_cat?post=454293"},{"taxonomy":"product_tag","embeddable":true,"href":"https:\/\/o4k.kuechen-petsch.net\/en\/wp-json\/wp\/v2\/product_tag?post=454293"}],"curies":[{"name":"wp","href":"https:\/\/api.w.org\/{rel}","templated":true}]}}