{"id":424780,"date":"2021-01-18T11:40:46","date_gmt":"2021-01-18T10:40:46","guid":{"rendered":"https:\/\/o4k.kuechen-petsch.net\/produkt\/regal-520-built-in\/"},"modified":"2025-02-12T15:03:20","modified_gmt":"2025-02-12T14:03:20","slug":"regal-520-built-in","status":"publish","type":"product","link":"https:\/\/o4k.kuechen-petsch.net\/en\/broil-king-built-in-gasgrill\/regal-520-built-in\/","title":{"rendered":"Broil King REGAL 520 Built In"},"content":{"rendered":"<p><strong>Broil King Regal 520 Built-In \u2013 Maximale Leistung und Vielseitigkeit f\u00fcr Ihre Outdoor-K\u00fcche<\/strong><\/p>\n<p>Der <strong>Broil King Regal 520 Built-In<\/strong> ist ein leistungsstarker Einbau-Gasgrill, der mit f\u00fcnf Brennern und einer extra gro\u00dfen Grillfl\u00e4che perfekt f\u00fcr Grillmeister ist, die keine Kompromisse eingehen m\u00f6chten. Mit fortschrittlicher Technologie und hochwertiger Konstruktion bietet dieser Grill alles, was Sie f\u00fcr erstklassige Grillergebnisse brauchen.<\/p>\n<h3><strong>Hauptmerkmale des Broil King Regal 520 Built-In:<\/strong><\/h3>\n<ul>\n<li><strong>5 Dual Tube\u2122 Edelstahl Stabbrenner<\/strong>: F\u00fcnf leistungsstarke Edelstahlbrenner mit einer Gesamtleistung von 16 kW garantieren gleichm\u00e4\u00dfige Hitzeverteilung und hohe Effizienz, ideal f\u00fcr alle Grillmethoden.<\/li>\n<li><strong>Flav-R-Cast Gussroste<\/strong>: Die f\u00fcnfteiligen, matt-emaillierten Gussroste bieten eine hervorragende W\u00e4rmespeicherung und erzeugen perfekte Grillstreifen auf Ihrem Grillgut.<\/li>\n<li><strong>Gro\u00dfe Grillfl\u00e4che<\/strong>: Die gro\u00dfz\u00fcgige Hauptgrillfl\u00e4che von 80 x 48,5 cm bietet mehr als genug Platz f\u00fcr gro\u00dfe Grillpartys oder umfangreiche Mahlzeiten.<\/li>\n<li><strong>Edelstahl-Ablagerost<\/strong>: Mit einer Gr\u00f6\u00dfe von 77 x 21 cm ist der Ablagerost perfekt, um Speisen warmzuhalten oder sie bei indirekter Hitze zu grillen.<\/li>\n<li><strong>Flav-R-Wave\u2122 Verdampfungssystem<\/strong>: Dieses innovative Verdampfungssystem sorgt f\u00fcr gleichm\u00e4\u00dfige Hitzeverteilung, reduziert Flammenbildung und verleiht Ihrem Grillgut ein intensives Raucharoma.<\/li>\n<li><strong>Linear Flow\u2122 Gasd\u00fcsen<\/strong>: Diese Gasd\u00fcsen bieten eine pr\u00e4zise Steuerung der Temperatur, um perfekte Ergebnisse bei jeder Art von Grillgut zu erzielen.<\/li>\n<li><strong>Accu-Temp\u2122 Thermometer<\/strong>: Das Deluxe-Thermometer gibt Ihnen genaue R\u00fcckmeldungen zur Grilltemperatur, sodass Sie immer die optimale Gartemperatur erreichen.<\/li>\n<li><strong>Sure-Lite\u2122 Elektroz\u00fcndung<\/strong>: Sorgt f\u00fcr ein sicheres und einfaches Z\u00fcnden der Brenner, selbst unter schwierigen Bedingungen.<\/li>\n<\/ul>\n<h3><strong>Design &amp; Materialien:<\/strong><\/h3>\n<ul>\n<li><strong>Doppelwandiger Deckel<\/strong>: Der doppelwandige schwarz-emaillierte Deckel mit Aluminiumguss-Seitenteilen h\u00e4lt die Hitze optimal im Inneren und bietet eine langlebige und robuste Konstruktion.<\/li>\n<li><strong>Edelstahl-Untergeh\u00e4use<\/strong>: Das Edelstahl-Untergeh\u00e4use mit Aluminiumguss-Seitenteilen ist widerstandsf\u00e4hig und witterungsbest\u00e4ndig, ideal f\u00fcr den Einsatz in jeder Outdoor-K\u00fcche.<\/li>\n<li><strong>Edelstahl-Griff und Bedienteil<\/strong>: Der Edelstahlgriff sorgt f\u00fcr komfortables Handling, w\u00e4hrend die beleuchteten Bedienelemente das Grillen bei Dunkelheit erleichtern.<\/li>\n<\/ul>\n<h3><strong>Inklusive Zubeh\u00f6r:<\/strong><\/h3>\n<ul>\n<li><strong>Schlauch &amp; Druckminderer<\/strong>: Der Grill wird mit einem hochwertigen Gasschlauch und Druckminderer geliefert, um den sicheren Anschluss an die Gasflasche zu gew\u00e4hrleisten.<\/li>\n<\/ul>\n<p>Der <strong>Broil King Regal 520 Built-In<\/strong> ist die perfekte Wahl f\u00fcr Grillenthusiasten, die eine gro\u00dfe Grillfl\u00e4che, starke Leistung und hochwertige Verarbeitung in ihrer Outdoor-K\u00fcche sch\u00e4tzen. Egal, ob Sie direkt oder indirekt grillen, dieser Grill liefert jedes Mal hervorragende Ergebnisse.<\/p>","protected":false},"excerpt":{"rendered":"<p>Grillfl\u00e4che 80 x 48,5cm<br \/>\n5xBrenner<\/p>","protected":false},"featured_media":459322,"template":"","meta":{"content-type":""},"product_brand":[381],"product_cat":[108],"product_tag":[109,120,247],"class_list":{"0":"post-424780","1":"product","2":"type-product","3":"status-publish","4":"has-post-thumbnail","6":"product_brand-broil-king","7":"product_cat-broil-king-built-in-gasgrill","8":"product_tag-broil-king","9":"product_tag-gasgrill","10":"product_tag-5xbrenner","12":"first","13":"instock","14":"taxable","15":"shipping-taxable","16":"purchasable","17":"product-type-simple"},"_links":{"self":[{"href":"https:\/\/o4k.kuechen-petsch.net\/en\/wp-json\/wp\/v2\/product\/424780","targetHints":{"allow":["GET"]}}],"collection":[{"href":"https:\/\/o4k.kuechen-petsch.net\/en\/wp-json\/wp\/v2\/product"}],"about":[{"href":"https:\/\/o4k.kuechen-petsch.net\/en\/wp-json\/wp\/v2\/types\/product"}],"version-history":[{"count":3,"href":"https:\/\/o4k.kuechen-petsch.net\/en\/wp-json\/wp\/v2\/product\/424780\/revisions"}],"predecessor-version":[{"id":461934,"href":"https:\/\/o4k.kuechen-petsch.net\/en\/wp-json\/wp\/v2\/product\/424780\/revisions\/461934"}],"wp:featuredmedia":[{"embeddable":true,"href":"https:\/\/o4k.kuechen-petsch.net\/en\/wp-json\/wp\/v2\/media\/459322"}],"wp:attachment":[{"href":"https:\/\/o4k.kuechen-petsch.net\/en\/wp-json\/wp\/v2\/media?parent=424780"}],"wp:term":[{"taxonomy":"product_brand","embeddable":true,"href":"https:\/\/o4k.kuechen-petsch.net\/en\/wp-json\/wp\/v2\/product_brand?post=424780"},{"taxonomy":"product_cat","embeddable":true,"href":"https:\/\/o4k.kuechen-petsch.net\/en\/wp-json\/wp\/v2\/product_cat?post=424780"},{"taxonomy":"product_tag","embeddable":true,"href":"https:\/\/o4k.kuechen-petsch.net\/en\/wp-json\/wp\/v2\/product_tag?post=424780"}],"curies":[{"name":"wp","href":"https:\/\/api.w.org\/{rel}","templated":true}]}}