{"id":2780,"date":"2020-12-13T17:29:29","date_gmt":"2020-12-13T16:29:29","guid":{"rendered":"https:\/\/o4k.kuechen-petsch.net\/?post_type=product&#038;p=2780"},"modified":"2025-02-13T09:45:33","modified_gmt":"2025-02-13T08:45:33","slug":"mini-big-green-egg","status":"publish","type":"product","link":"https:\/\/o4k.kuechen-petsch.net\/en\/big-green-egg\/mini-big-green-egg\/","title":{"rendered":"Mini Big Green Egg"},"content":{"rendered":"<p>Das Big Green Egg Mini ist das kleinste und leichteste Modell der Big Green Egg-Familie. Es eignet sich daher ideal zum mobilen Einsatz auf dem Campingplatz, auf dem Boot oder beim Picknick. Und es ist so kompakt, dass Sie es in Ihrem Garten oder auf der Terrasse einfach auf den Tisch stellen k\u00f6nnen. Wir m\u00fcssen Sie aber vorwarnen: Als stolzer Besitzer dieses EGG-Modells werden Sie das Haus wahrscheinlich nicht mehr ohne Mini verlassen. Dank des geringen Gewichts l\u00e4sst sich das EGG-Mini ganz einfach transportieren und versetzen. Und wer es noch bequemer haben m\u00f6chte, kann daf\u00fcr das Tragegestell EGG Carrier anschaffen. Sie kochen meist f\u00fcr zwei bis vier Personen? Dann ist dieses reiselustige Leichtgewicht Ihr ideales Big Green Egg-Modell!<\/p>\n<p>Die Preise der Big Green Egg-Modelle verstehen sich ohne Zubeh\u00f6r, Gestelle oder Rahmen.<\/p>","protected":false},"excerpt":{"rendered":"<p>Grillfl\u00e4che\/Rost:\u00d825cm<br \/>\nKochfl\u00e4che:507cm\u00b2<br \/>\nGewicht:17kg<br \/>\nH\u00f6he:43cm<\/p>","protected":false},"featured_media":458076,"template":"","meta":{"content-type":""},"product_brand":[384],"product_cat":[100],"product_tag":[179,43,371,372,102,125,126,141,142,148,178],"class_list":{"0":"post-2780","1":"product","2":"type-product","3":"status-publish","4":"has-post-thumbnail","6":"product_brand-big-green-egg","7":"product_cat-big-green-egg","8":"product_tag-holzkohle","9":"product_tag-keramik","10":"product_tag-egg","11":"product_tag-keramik-grill","12":"product_tag-big-green-egg","13":"product_tag-keramikgrill","14":"product_tag-kamado","15":"product_tag-portabel","16":"product_tag-mini","17":"product_tag-25-cm","18":"product_tag-holzkohlegrill","20":"first","21":"instock","22":"taxable","23":"shipping-taxable","24":"purchasable","25":"product-type-simple"},"_links":{"self":[{"href":"https:\/\/o4k.kuechen-petsch.net\/en\/wp-json\/wp\/v2\/product\/2780","targetHints":{"allow":["GET"]}}],"collection":[{"href":"https:\/\/o4k.kuechen-petsch.net\/en\/wp-json\/wp\/v2\/product"}],"about":[{"href":"https:\/\/o4k.kuechen-petsch.net\/en\/wp-json\/wp\/v2\/types\/product"}],"version-history":[{"count":1,"href":"https:\/\/o4k.kuechen-petsch.net\/en\/wp-json\/wp\/v2\/product\/2780\/revisions"}],"predecessor-version":[{"id":461878,"href":"https:\/\/o4k.kuechen-petsch.net\/en\/wp-json\/wp\/v2\/product\/2780\/revisions\/461878"}],"wp:featuredmedia":[{"embeddable":true,"href":"https:\/\/o4k.kuechen-petsch.net\/en\/wp-json\/wp\/v2\/media\/458076"}],"wp:attachment":[{"href":"https:\/\/o4k.kuechen-petsch.net\/en\/wp-json\/wp\/v2\/media?parent=2780"}],"wp:term":[{"taxonomy":"product_brand","embeddable":true,"href":"https:\/\/o4k.kuechen-petsch.net\/en\/wp-json\/wp\/v2\/product_brand?post=2780"},{"taxonomy":"product_cat","embeddable":true,"href":"https:\/\/o4k.kuechen-petsch.net\/en\/wp-json\/wp\/v2\/product_cat?post=2780"},{"taxonomy":"product_tag","embeddable":true,"href":"https:\/\/o4k.kuechen-petsch.net\/en\/wp-json\/wp\/v2\/product_tag?post=2780"}],"curies":[{"name":"wp","href":"https:\/\/api.w.org\/{rel}","templated":true}]}}