{"id":2778,"date":"2020-12-13T17:29:29","date_gmt":"2020-12-13T16:29:29","guid":{"rendered":"https:\/\/o4k.kuechen-petsch.net\/?post_type=product&#038;p=2778"},"modified":"2025-02-13T09:45:59","modified_gmt":"2025-02-13T08:45:59","slug":"mini-big-green-egg-starter-paket","status":"publish","type":"product","link":"https:\/\/o4k.kuechen-petsch.net\/en\/big-green-egg\/mini-big-green-egg-starter-paket\/","title":{"rendered":"Mini Big Green Egg Starter-Paket"},"content":{"rendered":"<p>Das Big Green Egg Mini ist das kleinste und leichteste Modell der Big Green Egg-Familie. Es eignet sich daher ideal zum mobilen Einsatz auf dem Campingplatz, auf dem Boot oder beim Picknick. Und es ist so kompakt, dass Sie es in Ihrem Garten oder auf der Terrasse einfach auf den Tisch stellen k\u00f6nnen. Wir m\u00fcssen Sie aber vorwarnen: Als stolzer Besitzer dieses EGG-Modells werden Sie das Haus wahrscheinlich nicht mehr ohne Mini verlassen. Dank des geringen Gewichts l\u00e4sst sich das EGG-Mini ganz einfach transportieren und versetzen. Und wer es noch bequemer haben m\u00f6chte, kann daf\u00fcr das Tragegestell EGG Carrier anschaffen. Sie kochen meist f\u00fcr zwei bis vier Personen? Dann ist dieses reiselustige Leichtgewicht Ihr ideales Big Green Egg-Modell!<\/p>\n<p><strong>Einschlie\u00dflich<\/strong>:<br \/>\n\u2022 EGG<br \/>\n\u2022 EGG Carrier<br \/>\n\u2022 convEGGtor<br \/>\n\u2022 Holzkohle 4,5Kg<br \/>\n\u2022 Grillanz\u00fcnder<br \/>\n\u2022 Ascheschieber<\/p>","protected":false},"excerpt":{"rendered":"<p>Grillfl\u00e4che\/Rost:\u00d825cm<br \/>\nKochfl\u00e4che:507cm\u00b2<br \/>\nGewicht:17kg<br \/>\nH\u00f6he:43cm<\/p>","protected":false},"featured_media":458082,"template":"","meta":{"content-type":""},"product_brand":[384],"product_cat":[100],"product_tag":[102,125,126,141,142,178,179,371,43,372],"class_list":{"0":"post-2778","1":"product","2":"type-product","3":"status-publish","4":"has-post-thumbnail","6":"product_brand-big-green-egg","7":"product_cat-big-green-egg","8":"product_tag-big-green-egg","9":"product_tag-keramikgrill","10":"product_tag-kamado","11":"product_tag-portabel","12":"product_tag-mini","13":"product_tag-holzkohlegrill","14":"product_tag-holzkohle","15":"product_tag-egg","16":"product_tag-keramik","17":"product_tag-keramik-grill","19":"first","20":"instock","21":"taxable","22":"shipping-taxable","23":"purchasable","24":"product-type-simple"},"_links":{"self":[{"href":"https:\/\/o4k.kuechen-petsch.net\/en\/wp-json\/wp\/v2\/product\/2778","targetHints":{"allow":["GET"]}}],"collection":[{"href":"https:\/\/o4k.kuechen-petsch.net\/en\/wp-json\/wp\/v2\/product"}],"about":[{"href":"https:\/\/o4k.kuechen-petsch.net\/en\/wp-json\/wp\/v2\/types\/product"}],"version-history":[{"count":2,"href":"https:\/\/o4k.kuechen-petsch.net\/en\/wp-json\/wp\/v2\/product\/2778\/revisions"}],"predecessor-version":[{"id":461877,"href":"https:\/\/o4k.kuechen-petsch.net\/en\/wp-json\/wp\/v2\/product\/2778\/revisions\/461877"}],"wp:featuredmedia":[{"embeddable":true,"href":"https:\/\/o4k.kuechen-petsch.net\/en\/wp-json\/wp\/v2\/media\/458082"}],"wp:attachment":[{"href":"https:\/\/o4k.kuechen-petsch.net\/en\/wp-json\/wp\/v2\/media?parent=2778"}],"wp:term":[{"taxonomy":"product_brand","embeddable":true,"href":"https:\/\/o4k.kuechen-petsch.net\/en\/wp-json\/wp\/v2\/product_brand?post=2778"},{"taxonomy":"product_cat","embeddable":true,"href":"https:\/\/o4k.kuechen-petsch.net\/en\/wp-json\/wp\/v2\/product_cat?post=2778"},{"taxonomy":"product_tag","embeddable":true,"href":"https:\/\/o4k.kuechen-petsch.net\/en\/wp-json\/wp\/v2\/product_tag?post=2778"}],"curies":[{"name":"wp","href":"https:\/\/api.w.org\/{rel}","templated":true}]}}