{"id":2749,"date":"2020-12-13T17:29:23","date_gmt":"2020-12-13T16:29:23","guid":{"rendered":"https:\/\/o4k.kuechen-petsch.net\/?post_type=product&#038;p=2749"},"modified":"2025-02-13T09:45:18","modified_gmt":"2025-02-13T08:45:18","slug":"minimax-big-green-egg-starter-paket","status":"publish","type":"product","link":"https:\/\/o4k.kuechen-petsch.net\/en\/big-green-egg\/minimax-big-green-egg-starter-paket\/","title":{"rendered":"MiniMax Big Green Egg Starter-Paket"},"content":{"rendered":"<p>Die Gr\u00f6\u00dfe vom Big Green Egg MiniMax ist vielleicht nicht so beeindruckend,<br \/>\naber das macht dieses EGG mit seiner Leistungsf\u00e4higkeit<br \/>\nwett. Zwar ist dieses Modell nur 7 cm h\u00f6her als das Big Green Egg<br \/>\nMini, aber die erheblich gr\u00f6\u00dfere Kochfl\u00e4che l\u00e4sst sich schon mit<br \/>\nder des Modells Small vergleichen. Das bedeutet: Sie k\u00f6nnen damit<br \/>\nbequem f\u00fcr vier bis sechs Personen kochen. Sie machen einen<br \/>\nAusflug? Dann nehmen Sie den MiniMax mit seinen nur 35 kg doch<br \/>\neinfach mit. Das schaffen Sie auch, ohne Profi-Gewichtheber zu sein.<br \/>\nF\u00fcr die mobile Sicherheit sorgt das im Lieferumfang enthaltene<br \/>\nTragegestell EGG Carrier.<\/p>\n<p><strong>Einschlie\u00dflich<\/strong>:<br \/>\n\u2022 EGG (incl. EGG Carrier)<br \/>\n\u2022 convEGGtor<br \/>\n\u2022 Holzkohle 4,5Kg<br \/>\n\u2022 Grillanz\u00fcnder<br \/>\n\u2022 Ascheschieber<\/p>","protected":false},"excerpt":{"rendered":"<p>Grillfl\u00e4che\/Rost:\u00d833cm<br \/>\nKochfl\u00e4che:855cm\u00b2<br \/>\nGewicht:35kg<br \/>\nH\u00f6he:50cm<\/p>","protected":false},"featured_media":458015,"template":"","meta":{"content-type":""},"product_brand":[384],"product_cat":[100],"product_tag":[126,141,142,149,178,179,43,371,372,102,125],"class_list":{"0":"post-2749","1":"product","2":"type-product","3":"status-publish","4":"has-post-thumbnail","6":"product_brand-big-green-egg","7":"product_cat-big-green-egg","8":"product_tag-kamado","9":"product_tag-portabel","10":"product_tag-mini","11":"product_tag-33-cm","12":"product_tag-holzkohlegrill","13":"product_tag-holzkohle","14":"product_tag-keramik","15":"product_tag-egg","16":"product_tag-keramik-grill","17":"product_tag-big-green-egg","18":"product_tag-keramikgrill","20":"first","21":"instock","22":"taxable","23":"shipping-taxable","24":"purchasable","25":"product-type-simple"},"_links":{"self":[{"href":"https:\/\/o4k.kuechen-petsch.net\/en\/wp-json\/wp\/v2\/product\/2749","targetHints":{"allow":["GET"]}}],"collection":[{"href":"https:\/\/o4k.kuechen-petsch.net\/en\/wp-json\/wp\/v2\/product"}],"about":[{"href":"https:\/\/o4k.kuechen-petsch.net\/en\/wp-json\/wp\/v2\/types\/product"}],"version-history":[{"count":1,"href":"https:\/\/o4k.kuechen-petsch.net\/en\/wp-json\/wp\/v2\/product\/2749\/revisions"}],"predecessor-version":[{"id":461882,"href":"https:\/\/o4k.kuechen-petsch.net\/en\/wp-json\/wp\/v2\/product\/2749\/revisions\/461882"}],"wp:featuredmedia":[{"embeddable":true,"href":"https:\/\/o4k.kuechen-petsch.net\/en\/wp-json\/wp\/v2\/media\/458015"}],"wp:attachment":[{"href":"https:\/\/o4k.kuechen-petsch.net\/en\/wp-json\/wp\/v2\/media?parent=2749"}],"wp:term":[{"taxonomy":"product_brand","embeddable":true,"href":"https:\/\/o4k.kuechen-petsch.net\/en\/wp-json\/wp\/v2\/product_brand?post=2749"},{"taxonomy":"product_cat","embeddable":true,"href":"https:\/\/o4k.kuechen-petsch.net\/en\/wp-json\/wp\/v2\/product_cat?post=2749"},{"taxonomy":"product_tag","embeddable":true,"href":"https:\/\/o4k.kuechen-petsch.net\/en\/wp-json\/wp\/v2\/product_tag?post=2749"}],"curies":[{"name":"wp","href":"https:\/\/api.w.org\/{rel}","templated":true}]}}