{"id":2711,"date":"2020-12-13T17:29:18","date_gmt":"2020-12-13T16:29:18","guid":{"rendered":"https:\/\/o4k.kuechen-petsch.net\/?post_type=product&#038;p=2711"},"modified":"2025-02-12T15:02:28","modified_gmt":"2025-02-12T14:02:28","slug":"small-big-green-egg","status":"publish","type":"product","link":"https:\/\/o4k.kuechen-petsch.net\/en\/big-green-egg\/small-big-green-egg\/","title":{"rendered":"Small Big Green Egg"},"content":{"rendered":"<p>Ist Outdoor-Cooking ein Privileg f\u00fcr Gartenbesitzer? Ganz und gar nicht! Das Big Green Egg Small ist der angesagte Hausfreund aller St\u00e4dter mit Balkon oder kleiner Terrasse. Das Modell Small ist zwar kompakt, aber Sie k\u00f6nnen damit trotzdem vier bis sechs Personen kulinarisch verw\u00f6hnen. Da der Rost vom Small niedriger angeordnet ist als beim MiniMax, eignet sich das Modell Small auch f\u00fcr gr\u00f6\u00dfere Zubereitungen, auch wenn die Kochfl\u00e4che bei beiden gleich gro\u00df ist. Das Big Green Egg Small mag klein sein, hat aber eine gro\u00dfe Leistungsf\u00e4higkeit!<\/p>\n<p>Die Preise der Big Green Egg-Modelle verstehen sich ohne Zubeh\u00f6r, Gestelle oder Rahmen.<\/p>","protected":false},"excerpt":{"rendered":"<p>Grillfl\u00e4che\/Rost:\u00d833cm<br \/>\nKochfl\u00e4che:855cm\u00b2<br \/>\nGewicht:36kg<br \/>\nH\u00f6he:61cm<\/p>","protected":false},"featured_media":458062,"template":"","meta":{"content-type":""},"product_brand":[384],"product_cat":[100],"product_tag":[126,144,149,178,179,371,43,372,102,125],"class_list":{"0":"post-2711","1":"product","2":"type-product","3":"status-publish","4":"has-post-thumbnail","6":"product_brand-big-green-egg","7":"product_cat-big-green-egg","8":"product_tag-kamado","9":"product_tag-mittel","10":"product_tag-33-cm","11":"product_tag-holzkohlegrill","12":"product_tag-holzkohle","13":"product_tag-egg","14":"product_tag-keramik","15":"product_tag-keramik-grill","16":"product_tag-big-green-egg","17":"product_tag-keramikgrill","19":"first","20":"instock","21":"taxable","22":"shipping-taxable","23":"purchasable","24":"product-type-simple"},"_links":{"self":[{"href":"https:\/\/o4k.kuechen-petsch.net\/en\/wp-json\/wp\/v2\/product\/2711","targetHints":{"allow":["GET"]}}],"collection":[{"href":"https:\/\/o4k.kuechen-petsch.net\/en\/wp-json\/wp\/v2\/product"}],"about":[{"href":"https:\/\/o4k.kuechen-petsch.net\/en\/wp-json\/wp\/v2\/types\/product"}],"version-history":[{"count":1,"href":"https:\/\/o4k.kuechen-petsch.net\/en\/wp-json\/wp\/v2\/product\/2711\/revisions"}],"predecessor-version":[{"id":461884,"href":"https:\/\/o4k.kuechen-petsch.net\/en\/wp-json\/wp\/v2\/product\/2711\/revisions\/461884"}],"wp:featuredmedia":[{"embeddable":true,"href":"https:\/\/o4k.kuechen-petsch.net\/en\/wp-json\/wp\/v2\/media\/458062"}],"wp:attachment":[{"href":"https:\/\/o4k.kuechen-petsch.net\/en\/wp-json\/wp\/v2\/media?parent=2711"}],"wp:term":[{"taxonomy":"product_brand","embeddable":true,"href":"https:\/\/o4k.kuechen-petsch.net\/en\/wp-json\/wp\/v2\/product_brand?post=2711"},{"taxonomy":"product_cat","embeddable":true,"href":"https:\/\/o4k.kuechen-petsch.net\/en\/wp-json\/wp\/v2\/product_cat?post=2711"},{"taxonomy":"product_tag","embeddable":true,"href":"https:\/\/o4k.kuechen-petsch.net\/en\/wp-json\/wp\/v2\/product_tag?post=2711"}],"curies":[{"name":"wp","href":"https:\/\/api.w.org\/{rel}","templated":true}]}}