{"id":2709,"date":"2020-12-13T17:29:12","date_gmt":"2020-12-13T16:29:12","guid":{"rendered":"https:\/\/o4k.kuechen-petsch.net\/?post_type=product&#038;p=2709"},"modified":"2025-02-13T09:45:03","modified_gmt":"2025-02-13T08:45:03","slug":"small-big-green-egg-starter-paket","status":"publish","type":"product","link":"https:\/\/o4k.kuechen-petsch.net\/en\/big-green-egg\/small-big-green-egg-starter-paket\/","title":{"rendered":"Small Big Green Egg Starter-Paket"},"content":{"rendered":"<p>Ist Outdoor-Cooking ein Privileg f\u00fcr Gartenbesitzer? Ganz und gar nicht! Das Big Green Egg Small ist der angesagte Hausfreund aller St\u00e4dter mit Balkon oder kleiner Terrasse. Das Modell Small ist zwar kompakt, aber Sie k\u00f6nnen damit trotzdem vier bis sechs Personen kulinarisch verw\u00f6hnen. Da der Rost vom Small niedriger angeordnet ist als beim MiniMax, eignet sich das Modell Small auch f\u00fcr gr\u00f6\u00dfere Zubereitungen, auch wenn die Kochfl\u00e4che bei beiden gleich gro\u00df ist. Das Big Green Egg Small mag klein sein, hat aber eine gro\u00dfe Leistungsf\u00e4higkeit!<\/p>\n<p><strong>Einschlie\u00dflich<\/strong>:<br \/>\n\u2022 EGG<br \/>\n\u2022 EGG Nest<br \/>\n\u2022 convEGGtor<br \/>\n\u2022 Holzkohle 4,5Kg<br \/>\n\u2022 Grillanz\u00fcnder<br \/>\n\u2022 Ascheschieber<\/p>","protected":false},"excerpt":{"rendered":"<p>Grillfl\u00e4che\/Rost:\u00d833cm<br \/>\nKochfl\u00e4che:855cm\u00b2<br \/>\nGewicht:36kg<br \/>\nH\u00f6he:61cm<\/p>","protected":false},"featured_media":458068,"template":"","meta":{"content-type":""},"product_brand":[384],"product_cat":[100],"product_tag":[126,144,149,178,179,371,43,372,102,125],"class_list":{"0":"post-2709","1":"product","2":"type-product","3":"status-publish","4":"has-post-thumbnail","6":"product_brand-big-green-egg","7":"product_cat-big-green-egg","8":"product_tag-kamado","9":"product_tag-mittel","10":"product_tag-33-cm","11":"product_tag-holzkohlegrill","12":"product_tag-holzkohle","13":"product_tag-egg","14":"product_tag-keramik","15":"product_tag-keramik-grill","16":"product_tag-big-green-egg","17":"product_tag-keramikgrill","19":"first","20":"instock","21":"taxable","22":"shipping-taxable","23":"purchasable","24":"product-type-simple"},"_links":{"self":[{"href":"https:\/\/o4k.kuechen-petsch.net\/en\/wp-json\/wp\/v2\/product\/2709","targetHints":{"allow":["GET"]}}],"collection":[{"href":"https:\/\/o4k.kuechen-petsch.net\/en\/wp-json\/wp\/v2\/product"}],"about":[{"href":"https:\/\/o4k.kuechen-petsch.net\/en\/wp-json\/wp\/v2\/types\/product"}],"version-history":[{"count":1,"href":"https:\/\/o4k.kuechen-petsch.net\/en\/wp-json\/wp\/v2\/product\/2709\/revisions"}],"predecessor-version":[{"id":461885,"href":"https:\/\/o4k.kuechen-petsch.net\/en\/wp-json\/wp\/v2\/product\/2709\/revisions\/461885"}],"wp:featuredmedia":[{"embeddable":true,"href":"https:\/\/o4k.kuechen-petsch.net\/en\/wp-json\/wp\/v2\/media\/458068"}],"wp:attachment":[{"href":"https:\/\/o4k.kuechen-petsch.net\/en\/wp-json\/wp\/v2\/media?parent=2709"}],"wp:term":[{"taxonomy":"product_brand","embeddable":true,"href":"https:\/\/o4k.kuechen-petsch.net\/en\/wp-json\/wp\/v2\/product_brand?post=2709"},{"taxonomy":"product_cat","embeddable":true,"href":"https:\/\/o4k.kuechen-petsch.net\/en\/wp-json\/wp\/v2\/product_cat?post=2709"},{"taxonomy":"product_tag","embeddable":true,"href":"https:\/\/o4k.kuechen-petsch.net\/en\/wp-json\/wp\/v2\/product_tag?post=2709"}],"curies":[{"name":"wp","href":"https:\/\/api.w.org\/{rel}","templated":true}]}}