{"id":2656,"date":"2020-12-13T17:29:03","date_gmt":"2020-12-13T16:29:03","guid":{"rendered":"https:\/\/o4k.kuechen-petsch.net\/?post_type=product&#038;p=2656"},"modified":"2025-02-13T09:44:35","modified_gmt":"2025-02-13T08:44:35","slug":"medium-big-green-egg","status":"publish","type":"product","link":"https:\/\/o4k.kuechen-petsch.net\/en\/big-green-egg\/medium-big-green-egg\/","title":{"rendered":"Medium Big Green Egg"},"content":{"rendered":"<p>Das Big Green Egg Medium ist kompakt genug f\u00fcr kleine Stadtg\u00e4rten, Terrassen oder Balkone, aber auch gro\u00df genug zum Grillen, R\u00e4uchern, Garen oder Backen von leckeren Gerichten f\u00fcr sechs bis acht Personen. Mit dem Medium im Garten sollten Sie sich regelm\u00e4\u00dfig Freunde und Familie einladen, damit sie in geselliger Runde genie\u00dfen k\u00f6nnen. Nicht zuletzt deshalb geh\u00f6rt dieses EGG zu unseren beliebtesten Modellen. Mit dem passenden convEGGtor und dem Back- und Pizzastein verwandeln Sie das Big Green Egg Medium im Handumdrehen in einen Pizzaofen, der Sie und Ihre G\u00e4ste mit den leckersten, hausgemachten Pizzen verw\u00f6hnen wird. Dieses EGG hei\u00dft zwar Medium, aber es ist alles andere als mittelm\u00e4\u00dfig!<\/p>\n<p>Die Preise der Big Green Egg-Modelle verstehen sich ohne Zubeh\u00f6r, Gestelle oder Rahmen.<\/p>","protected":false},"excerpt":{"rendered":"<p>Grillfl\u00e4che\/Rost:\u00d840cm<br \/>\nKochfl\u00e4che:1.140cm\u00b2<br \/>\nGewicht:51kg<br \/>\nH\u00f6he:72cm<\/p>","protected":false},"featured_media":457981,"template":"","meta":{"content-type":""},"product_brand":[384],"product_cat":[100],"product_tag":[126,144,145,178,179,371,43,372,102,125],"class_list":{"0":"post-2656","1":"product","2":"type-product","3":"status-publish","4":"has-post-thumbnail","6":"product_brand-big-green-egg","7":"product_cat-big-green-egg","8":"product_tag-kamado","9":"product_tag-mittel","10":"product_tag-40-cm","11":"product_tag-holzkohlegrill","12":"product_tag-holzkohle","13":"product_tag-egg","14":"product_tag-keramik","15":"product_tag-keramik-grill","16":"product_tag-big-green-egg","17":"product_tag-keramikgrill","19":"first","20":"instock","21":"taxable","22":"shipping-taxable","23":"purchasable","24":"product-type-simple"},"_links":{"self":[{"href":"https:\/\/o4k.kuechen-petsch.net\/en\/wp-json\/wp\/v2\/product\/2656","targetHints":{"allow":["GET"]}}],"collection":[{"href":"https:\/\/o4k.kuechen-petsch.net\/en\/wp-json\/wp\/v2\/product"}],"about":[{"href":"https:\/\/o4k.kuechen-petsch.net\/en\/wp-json\/wp\/v2\/types\/product"}],"version-history":[{"count":1,"href":"https:\/\/o4k.kuechen-petsch.net\/en\/wp-json\/wp\/v2\/product\/2656\/revisions"}],"predecessor-version":[{"id":461887,"href":"https:\/\/o4k.kuechen-petsch.net\/en\/wp-json\/wp\/v2\/product\/2656\/revisions\/461887"}],"wp:featuredmedia":[{"embeddable":true,"href":"https:\/\/o4k.kuechen-petsch.net\/en\/wp-json\/wp\/v2\/media\/457981"}],"wp:attachment":[{"href":"https:\/\/o4k.kuechen-petsch.net\/en\/wp-json\/wp\/v2\/media?parent=2656"}],"wp:term":[{"taxonomy":"product_brand","embeddable":true,"href":"https:\/\/o4k.kuechen-petsch.net\/en\/wp-json\/wp\/v2\/product_brand?post=2656"},{"taxonomy":"product_cat","embeddable":true,"href":"https:\/\/o4k.kuechen-petsch.net\/en\/wp-json\/wp\/v2\/product_cat?post=2656"},{"taxonomy":"product_tag","embeddable":true,"href":"https:\/\/o4k.kuechen-petsch.net\/en\/wp-json\/wp\/v2\/product_tag?post=2656"}],"curies":[{"name":"wp","href":"https:\/\/api.w.org\/{rel}","templated":true}]}}