{"id":2575,"date":"2020-12-13T17:28:47","date_gmt":"2020-12-13T16:28:47","guid":{"rendered":"https:\/\/o4k.kuechen-petsch.net\/?post_type=product&#038;p=2575"},"modified":"2025-02-27T10:03:28","modified_gmt":"2025-02-27T09:03:28","slug":"large-big-green-egg-starter-paket","status":"publish","type":"product","link":"https:\/\/o4k.kuechen-petsch.net\/en\/big-green-egg\/large-big-green-egg-starter-paket\/","title":{"rendered":"Large Big Green Egg Starter-Paket"},"content":{"rendered":"<p>Das Big Green Egg Large ist das beliebteste Modell der Big Green Egg-Familie. Auf der Kochfl\u00e4che des Modells Large lassen sich ganz bequem die Lieblingsgerichte von Ihnen, Ihrer Familie und Ihren Freunden zubereiten. Wenn es sein muss, auch gleichzeitig, denn das Modell Large bietet genug Platz f\u00fcr die Zubereitung von Mahlzeiten f\u00fcr acht Personen. Dank der gro\u00dfen Kochfl\u00e4che lassen sich auf diesem EGG auch mit Leichtigkeit ganze Drei-G\u00e4nge-Men\u00fcs zubereiten. Sie m\u00f6chten das Maximum aus Ihrem EGG herausholen? Dann ist das EGG Large das perfekte Modell f\u00fcr Sie, nicht zuletzt, weil es daf\u00fcr auch die meisten Zubeh\u00f6rteile gibt. Und damit sind die M\u00f6glichkeiten dieses Allesk\u00f6nners, wie der Name schon sagt: Large.<\/p>\n<p><strong>Einschlie\u00dflich<\/strong>:<br \/>\n\u2022 EGG<br \/>\n\u2022 IntEGGrated Nest+Handler<br \/>\n\u2022 convEGGtor<br \/>\n\u2022 Holzkohle 4,5Kg<br \/>\n\u2022 Grillanz\u00fcnder<br \/>\n\u2022 Ascheschieber<\/p>","protected":false},"excerpt":{"rendered":"<p>Grillfl\u00e4che\/Rost:\u00d846cm<br \/>\nKochfl\u00e4che:1.688cm\u00b2<br \/>\nGewicht:73kg<br \/>\nH\u00f6he:84cm<\/p>","protected":false},"featured_media":457996,"template":"","meta":{"content-type":""},"product_brand":[384],"product_cat":[100],"product_tag":[372,102,125,126,150,151,178,43,179,371],"class_list":{"0":"post-2575","1":"product","2":"type-product","3":"status-publish","4":"has-post-thumbnail","6":"product_brand-big-green-egg","7":"product_cat-big-green-egg","8":"product_tag-keramik-grill","9":"product_tag-big-green-egg","10":"product_tag-keramikgrill","11":"product_tag-kamado","12":"product_tag-gross","13":"product_tag-46-cm","14":"product_tag-holzkohlegrill","15":"product_tag-keramik","16":"product_tag-holzkohle","17":"product_tag-egg","19":"first","20":"instock","21":"sale","22":"taxable","23":"shipping-taxable","24":"purchasable","25":"product-type-simple"},"_links":{"self":[{"href":"https:\/\/o4k.kuechen-petsch.net\/en\/wp-json\/wp\/v2\/product\/2575","targetHints":{"allow":["GET"]}}],"collection":[{"href":"https:\/\/o4k.kuechen-petsch.net\/en\/wp-json\/wp\/v2\/product"}],"about":[{"href":"https:\/\/o4k.kuechen-petsch.net\/en\/wp-json\/wp\/v2\/types\/product"}],"version-history":[{"count":1,"href":"https:\/\/o4k.kuechen-petsch.net\/en\/wp-json\/wp\/v2\/product\/2575\/revisions"}],"predecessor-version":[{"id":461888,"href":"https:\/\/o4k.kuechen-petsch.net\/en\/wp-json\/wp\/v2\/product\/2575\/revisions\/461888"}],"wp:featuredmedia":[{"embeddable":true,"href":"https:\/\/o4k.kuechen-petsch.net\/en\/wp-json\/wp\/v2\/media\/457996"}],"wp:attachment":[{"href":"https:\/\/o4k.kuechen-petsch.net\/en\/wp-json\/wp\/v2\/media?parent=2575"}],"wp:term":[{"taxonomy":"product_brand","embeddable":true,"href":"https:\/\/o4k.kuechen-petsch.net\/en\/wp-json\/wp\/v2\/product_brand?post=2575"},{"taxonomy":"product_cat","embeddable":true,"href":"https:\/\/o4k.kuechen-petsch.net\/en\/wp-json\/wp\/v2\/product_cat?post=2575"},{"taxonomy":"product_tag","embeddable":true,"href":"https:\/\/o4k.kuechen-petsch.net\/en\/wp-json\/wp\/v2\/product_tag?post=2575"}],"curies":[{"name":"wp","href":"https:\/\/api.w.org\/{rel}","templated":true}]}}