{"id":2498,"date":"2020-12-13T17:28:32","date_gmt":"2020-12-13T16:28:32","guid":{"rendered":"https:\/\/o4k.kuechen-petsch.net\/?post_type=product&#038;p=2498"},"modified":"2025-02-18T14:15:20","modified_gmt":"2025-02-18T13:15:20","slug":"xlarge-big-green-egg","status":"publish","type":"product","link":"https:\/\/o4k.kuechen-petsch.net\/en\/big-green-egg\/xlarge-big-green-egg\/","title":{"rendered":"XLarge Big Green Egg"},"content":{"rendered":"<p>Sie haben eine gro\u00dfe Verwandtschaft und\/oder viele Freunde? Oder Sie m\u00fcssen regelm\u00e4\u00dfig gro\u00dfe Gruppen von G\u00e4sten professionell bewirten, zum Beispiel als Caterer? Dann ist das Big Green Egg XLarge Ihr Verb\u00fcndeter. Mit diesem Modell k\u00f6nnen sehr viele G\u00e4ste auf einmal Ihre schmackhaft gegarten Zutaten und Gerichte genie\u00dfen. Mit einer Kochfl\u00e4che von 61 cm lassen sich<br \/>\nzeitgleich gro\u00dfe St\u00fccke Fleisch und Fisch oder mehrere Pizzen garen. Die 61 cm reichen Ihnen noch nicht? Erweitern Sie die Kochfl\u00e4che dann mit den f\u00fcr das Modell XLarge verf\u00fcgbaren Rosterh\u00f6hungen mit zwei oder drei Ebenen und kochen Sie buchst\u00e4blich auf hohem Niveau.<\/p>\n<p>Die Preise der Big Green Egg-Modelle verstehen sich ohne Zubeh\u00f6r, Gestelle oder Rahmen.<\/p>","protected":false},"excerpt":{"rendered":"<p>Grillfl\u00e4che\/Rost:\u00d861cm<br \/>\nKochfl\u00e4che:2.919 cm\u00b2<br \/>\nGewicht:99kg<br \/>\nH\u00f6he:78cm<\/p>","protected":false},"featured_media":3054,"template":"","meta":{"content-type":""},"product_brand":[384],"product_cat":[100],"product_tag":[102,125,126,153,154,178,179,371,43,372],"class_list":{"0":"post-2498","1":"product","2":"type-product","3":"status-publish","4":"has-post-thumbnail","6":"product_brand-big-green-egg","7":"product_cat-big-green-egg","8":"product_tag-big-green-egg","9":"product_tag-keramikgrill","10":"product_tag-kamado","11":"product_tag-61-cm","12":"product_tag-xl","13":"product_tag-holzkohlegrill","14":"product_tag-holzkohle","15":"product_tag-egg","16":"product_tag-keramik","17":"product_tag-keramik-grill","19":"first","20":"instock","21":"taxable","22":"shipping-taxable","23":"purchasable","24":"product-type-simple"},"_links":{"self":[{"href":"https:\/\/o4k.kuechen-petsch.net\/en\/wp-json\/wp\/v2\/product\/2498","targetHints":{"allow":["GET"]}}],"collection":[{"href":"https:\/\/o4k.kuechen-petsch.net\/en\/wp-json\/wp\/v2\/product"}],"about":[{"href":"https:\/\/o4k.kuechen-petsch.net\/en\/wp-json\/wp\/v2\/types\/product"}],"version-history":[{"count":1,"href":"https:\/\/o4k.kuechen-petsch.net\/en\/wp-json\/wp\/v2\/product\/2498\/revisions"}],"predecessor-version":[{"id":461891,"href":"https:\/\/o4k.kuechen-petsch.net\/en\/wp-json\/wp\/v2\/product\/2498\/revisions\/461891"}],"wp:featuredmedia":[{"embeddable":true,"href":"https:\/\/o4k.kuechen-petsch.net\/en\/wp-json\/wp\/v2\/media\/3054"}],"wp:attachment":[{"href":"https:\/\/o4k.kuechen-petsch.net\/en\/wp-json\/wp\/v2\/media?parent=2498"}],"wp:term":[{"taxonomy":"product_brand","embeddable":true,"href":"https:\/\/o4k.kuechen-petsch.net\/en\/wp-json\/wp\/v2\/product_brand?post=2498"},{"taxonomy":"product_cat","embeddable":true,"href":"https:\/\/o4k.kuechen-petsch.net\/en\/wp-json\/wp\/v2\/product_cat?post=2498"},{"taxonomy":"product_tag","embeddable":true,"href":"https:\/\/o4k.kuechen-petsch.net\/en\/wp-json\/wp\/v2\/product_tag?post=2498"}],"curies":[{"name":"wp","href":"https:\/\/api.w.org\/{rel}","templated":true}]}}