{"id":2428,"date":"2020-12-13T17:28:26","date_gmt":"2020-12-13T16:28:26","guid":{"rendered":"https:\/\/o4k.kuechen-petsch.net\/?post_type=product&#038;p=2428"},"modified":"2025-02-12T15:02:29","modified_gmt":"2025-02-12T14:02:29","slug":"big-green-egg-2xl","status":"publish","type":"product","link":"https:\/\/o4k.kuechen-petsch.net\/en\/big-green-egg\/big-green-egg-2xl\/","title":{"rendered":"2XL Big Green Egg"},"content":{"rendered":"<p>Gro\u00df, gr\u00f6\u00dfer, am gr\u00f6\u00dften. Der Big Green Egg 2XL ist das gr\u00f6\u00dfte Mitglied der Big Green Egg-Familie und der gr\u00f6\u00dfte, am Markt erh\u00e4ltliche Kamado. Alles an diesem Modell ist beeindruckend: das Gewicht, der Umfang, die H\u00f6he und die Kochfl\u00e4che. Das Modell 2XL ist in jeder Hinsicht ein echter Hingucker. Was seine Leistungen aber keineswegs schm\u00e4lert. Mit hilfe des EGG Nest und des Hangriffs f\u00fcr das Nest l\u00e4sst sich auch das Modell 2XL noch gutverschieben. Und dank des ausgekl\u00fcgelten Scharniermechanismus kann der Deckel leichtge\u00f6ffnet werden. Eine echte Gr\u00f6\u00dfe in Bezug auf Format und kulinarische M\u00f6glichkeiten, aber ohne jegliche Starall\u00fcren.<\/p>\n<p>Die Preise der Big Green Egg-Modelle verstehen sich ohne Zubeh\u00f6r, Gestelle oder Rahmen.<\/p>","protected":false},"excerpt":{"rendered":"<p>Grillfl\u00e4che\/Rost:\u00d873cm<br \/>\nKochfl\u00e4che:4.185cm\u00b2<br \/>\nGewicht:170kg<br \/>\nH\u00f6he:90cm<\/p>","protected":false},"featured_media":458039,"template":"","meta":{"content-type":""},"product_brand":[384],"product_cat":[100],"product_tag":[146,147,178,179,371,43,372,102,125,126],"class_list":{"0":"post-2428","1":"product","2":"type-product","3":"status-publish","4":"has-post-thumbnail","6":"product_brand-big-green-egg","7":"product_cat-big-green-egg","8":"product_tag-xxl","9":"product_tag-73-cm","10":"product_tag-holzkohlegrill","11":"product_tag-holzkohle","12":"product_tag-egg","13":"product_tag-keramik","14":"product_tag-keramik-grill","15":"product_tag-big-green-egg","16":"product_tag-keramikgrill","17":"product_tag-kamado","19":"first","20":"instock","21":"taxable","22":"shipping-taxable","23":"purchasable","24":"product-type-simple"},"_links":{"self":[{"href":"https:\/\/o4k.kuechen-petsch.net\/en\/wp-json\/wp\/v2\/product\/2428","targetHints":{"allow":["GET"]}}],"collection":[{"href":"https:\/\/o4k.kuechen-petsch.net\/en\/wp-json\/wp\/v2\/product"}],"about":[{"href":"https:\/\/o4k.kuechen-petsch.net\/en\/wp-json\/wp\/v2\/types\/product"}],"version-history":[{"count":1,"href":"https:\/\/o4k.kuechen-petsch.net\/en\/wp-json\/wp\/v2\/product\/2428\/revisions"}],"predecessor-version":[{"id":459557,"href":"https:\/\/o4k.kuechen-petsch.net\/en\/wp-json\/wp\/v2\/product\/2428\/revisions\/459557"}],"wp:featuredmedia":[{"embeddable":true,"href":"https:\/\/o4k.kuechen-petsch.net\/en\/wp-json\/wp\/v2\/media\/458039"}],"wp:attachment":[{"href":"https:\/\/o4k.kuechen-petsch.net\/en\/wp-json\/wp\/v2\/media?parent=2428"}],"wp:term":[{"taxonomy":"product_brand","embeddable":true,"href":"https:\/\/o4k.kuechen-petsch.net\/en\/wp-json\/wp\/v2\/product_brand?post=2428"},{"taxonomy":"product_cat","embeddable":true,"href":"https:\/\/o4k.kuechen-petsch.net\/en\/wp-json\/wp\/v2\/product_cat?post=2428"},{"taxonomy":"product_tag","embeddable":true,"href":"https:\/\/o4k.kuechen-petsch.net\/en\/wp-json\/wp\/v2\/product_tag?post=2428"}],"curies":[{"name":"wp","href":"https:\/\/api.w.org\/{rel}","templated":true}]}}