{"id":1821,"date":"2021-02-13T18:24:21","date_gmt":"2021-02-13T17:24:21","guid":{"rendered":"https:\/\/o4k.kuechen-petsch.net\/?post_type=product&#038;p=1821"},"modified":"2025-02-12T15:04:56","modified_gmt":"2025-02-12T14:04:56","slug":"keramikgrill-kamado-joe-joe-junior","status":"publish","type":"product","link":"https:\/\/o4k.kuechen-petsch.net\/en\/kamado-joe\/keramikgrill-kamado-joe-joe-junior\/","title":{"rendered":"Kamado Joe \u00ae &#8211; Joe Junior"},"content":{"rendered":"<p>Das einzigartige Grill- und Braterlebnis mit dem<br \/>\nKamado macht mobil: Mit dem innovativen, 30 Kilo<br \/>\nleichten Joe Jr. ist der Kamado Joe erstmalig auch<br \/>\nideal zum Mitnehmen bei Picknicks, Pool- und<br \/>\nGrillpartys, auf Campingausfl\u00fcgen und dergleichen.<br \/>\nMit einer Brat- und Grillfl\u00e4che von sage und<br \/>\nschreibe 100 Quadratzentimetern ist gen\u00fcgend<br \/>\nPlatz f\u00fcr ein ganzes Bier-H\u00e4hnchen mit Gem\u00fcse.<br \/>\nDer dickwandige, hitzespeichernde Keramikkorpus<br \/>\nf\u00e4ngt die Feuchtigkeit und die Aromen ein. Die<br \/>\nHitzedeflektoren sorgen f\u00fcr indirekte Hitze, damit<br \/>\nman experimentierfreudig und flexibel grillen und<br \/>\nbraten kann.<\/p>\n<p>&nbsp;<\/p>\n<p>Hochwertiger Keramikgrill 13,5\u201d auf<br \/>\ngusseisernem St\u00e4nder<br \/>\nEingebautes Thermometer<br \/>\nEdelstahl-Rost (Qualit\u00e4t 304)<br \/>\nKeramik-Hitzedeflektor<br \/>\nGrillzange<br \/>\nAscheschieber<\/p>","protected":false},"excerpt":{"rendered":"<p>Grillfl\u00e4che\/Rost:\u00d834cm<\/p>","protected":false},"featured_media":1774,"template":"","meta":{"content-type":""},"product_brand":[383],"product_cat":[42],"product_tag":[126,164,177,178,179,370,43,45,105,125],"class_list":{"0":"post-1821","1":"product","2":"type-product","3":"status-publish","4":"has-post-thumbnail","6":"product_brand-kamadojoe","7":"product_cat-kamado-joe","8":"product_tag-kamado","9":"product_tag-34-cm","10":"product_tag-kohlegrill","11":"product_tag-holzkohlegrill","12":"product_tag-holzkohle","13":"product_tag-joe","14":"product_tag-keramik","15":"product_tag-kamadojoe","16":"product_tag-kamado-joe","17":"product_tag-keramikgrill","19":"first","20":"outofstock","21":"taxable","22":"shipping-taxable","23":"product-type-simple"},"_links":{"self":[{"href":"https:\/\/o4k.kuechen-petsch.net\/en\/wp-json\/wp\/v2\/product\/1821","targetHints":{"allow":["GET"]}}],"collection":[{"href":"https:\/\/o4k.kuechen-petsch.net\/en\/wp-json\/wp\/v2\/product"}],"about":[{"href":"https:\/\/o4k.kuechen-petsch.net\/en\/wp-json\/wp\/v2\/types\/product"}],"version-history":[{"count":1,"href":"https:\/\/o4k.kuechen-petsch.net\/en\/wp-json\/wp\/v2\/product\/1821\/revisions"}],"predecessor-version":[{"id":461943,"href":"https:\/\/o4k.kuechen-petsch.net\/en\/wp-json\/wp\/v2\/product\/1821\/revisions\/461943"}],"wp:featuredmedia":[{"embeddable":true,"href":"https:\/\/o4k.kuechen-petsch.net\/en\/wp-json\/wp\/v2\/media\/1774"}],"wp:attachment":[{"href":"https:\/\/o4k.kuechen-petsch.net\/en\/wp-json\/wp\/v2\/media?parent=1821"}],"wp:term":[{"taxonomy":"product_brand","embeddable":true,"href":"https:\/\/o4k.kuechen-petsch.net\/en\/wp-json\/wp\/v2\/product_brand?post=1821"},{"taxonomy":"product_cat","embeddable":true,"href":"https:\/\/o4k.kuechen-petsch.net\/en\/wp-json\/wp\/v2\/product_cat?post=1821"},{"taxonomy":"product_tag","embeddable":true,"href":"https:\/\/o4k.kuechen-petsch.net\/en\/wp-json\/wp\/v2\/product_tag?post=1821"}],"curies":[{"name":"wp","href":"https:\/\/api.w.org\/{rel}","templated":true}]}}