{"id":1817,"date":"2021-02-13T18:24:21","date_gmt":"2021-02-13T17:24:21","guid":{"rendered":"https:\/\/o4k.kuechen-petsch.net\/?post_type=product&#038;p=1817"},"modified":"2025-02-12T15:04:56","modified_gmt":"2025-02-12T14:04:56","slug":"keramikgrill-kamado-joe-big-joe-freistehend","status":"publish","type":"product","link":"https:\/\/o4k.kuechen-petsch.net\/en\/kamado-joe\/keramikgrill-kamado-joe-big-joe-freistehend\/","title":{"rendered":"Kamado Joe \u00ae &#8211; Big Joe Freistehend"},"content":{"rendered":"<p>Alles was den Classic II ausmacht, aber jedoch in gro\u00df. Mit Platz f\u00fcr drei komplette Grillroste mit Rippchen ist der Big Joe der ideale Gastgeber f\u00fcr gr\u00f6\u00dfere Gruppen und Veranstaltungen. Entworfen mit dickwandiger, hitzebest\u00e4ndiger Keramik, die das Fleisch saftig h\u00e4lt, indem es in Rauch den Geschmack versiegelt, ist der Big Joe ein Werk von fachm\u00e4nnischer Handwerkskunst.<\/p>\n<p>Hochwertiger Keramikgrill<br \/>\nEingebautes Thermometer<br \/>\nVeredelte, einklappbare Seitenablagen\/Griff aus HDPE (Polyethylen hoher Dichte)<br \/>\nFlexibles Kochsystem \u201eDivide &amp; Conquer\u201c<br \/>\nTop Vent aus Alu-Guss, Regensicher<br \/>\nLuftdruckscharnier<br \/>\nDie neue AMP Feuerbox<br \/>\nFieberglas Drahtgeflecht Dichtung<br \/>\nPatentierter Aschenauszug<br \/>\nGrillzange<br \/>\nAscheschieber<\/p>","protected":false},"excerpt":{"rendered":"<p>Grillfl\u00e4che\/Rost:\u00d861cm<\/p>","protected":false},"featured_media":458562,"template":"","meta":{"content-type":""},"product_brand":[383],"product_cat":[42],"product_tag":[43,45,105,125,126,177,178,179,370],"class_list":{"0":"post-1817","1":"product","2":"type-product","3":"status-publish","4":"has-post-thumbnail","6":"product_brand-kamadojoe","7":"product_cat-kamado-joe","8":"product_tag-keramik","9":"product_tag-kamadojoe","10":"product_tag-kamado-joe","11":"product_tag-keramikgrill","12":"product_tag-kamado","13":"product_tag-kohlegrill","14":"product_tag-holzkohlegrill","15":"product_tag-holzkohle","16":"product_tag-joe","18":"first","19":"outofstock","20":"taxable","21":"shipping-taxable","22":"product-type-simple"},"_links":{"self":[{"href":"https:\/\/o4k.kuechen-petsch.net\/en\/wp-json\/wp\/v2\/product\/1817","targetHints":{"allow":["GET"]}}],"collection":[{"href":"https:\/\/o4k.kuechen-petsch.net\/en\/wp-json\/wp\/v2\/product"}],"about":[{"href":"https:\/\/o4k.kuechen-petsch.net\/en\/wp-json\/wp\/v2\/types\/product"}],"version-history":[{"count":1,"href":"https:\/\/o4k.kuechen-petsch.net\/en\/wp-json\/wp\/v2\/product\/1817\/revisions"}],"predecessor-version":[{"id":461942,"href":"https:\/\/o4k.kuechen-petsch.net\/en\/wp-json\/wp\/v2\/product\/1817\/revisions\/461942"}],"wp:featuredmedia":[{"embeddable":true,"href":"https:\/\/o4k.kuechen-petsch.net\/en\/wp-json\/wp\/v2\/media\/458562"}],"wp:attachment":[{"href":"https:\/\/o4k.kuechen-petsch.net\/en\/wp-json\/wp\/v2\/media?parent=1817"}],"wp:term":[{"taxonomy":"product_brand","embeddable":true,"href":"https:\/\/o4k.kuechen-petsch.net\/en\/wp-json\/wp\/v2\/product_brand?post=1817"},{"taxonomy":"product_cat","embeddable":true,"href":"https:\/\/o4k.kuechen-petsch.net\/en\/wp-json\/wp\/v2\/product_cat?post=1817"},{"taxonomy":"product_tag","embeddable":true,"href":"https:\/\/o4k.kuechen-petsch.net\/en\/wp-json\/wp\/v2\/product_tag?post=1817"}],"curies":[{"name":"wp","href":"https:\/\/api.w.org\/{rel}","templated":true}]}}