{"id":1809,"date":"2021-02-13T18:24:20","date_gmt":"2021-02-13T17:24:20","guid":{"rendered":"https:\/\/o4k.kuechen-petsch.net\/?post_type=product&#038;p=1809"},"modified":"2025-02-12T15:04:56","modified_gmt":"2025-02-12T14:04:56","slug":"kamado-joe-classic","status":"publish","type":"product","link":"https:\/\/o4k.kuechen-petsch.net\/en\/kamado-joe\/kamado-joe-classic\/","title":{"rendered":"Kamado Joe \u00ae &#8211; Classic"},"content":{"rendered":"<p>Mit dem Kamado wurden neue, hohe Ma\u00dfst\u00e4be f\u00fcr Handwerkskunst und Innovation gesetzt. Unser dickwandiger Kamado Joe Classic mit hitzebest\u00e4ndigem Korpus f\u00e4ngt bei jeder Temperatur den Rauchgeschmack und die Feuchtigkeit ein. Unter dem leicht zu \u00f6ffnenden Deckel verbirgt sich eine gro\u00dfe, aus Edelstahl in Qualit\u00e4t 304 gefertigte Brat- und Grillfl\u00e4che mit Platz f\u00fcr 10-12 Filets oder H\u00e4hnchenbr\u00fcste. Zur Standardausr\u00fcstung geh\u00f6ren au\u00dferdem das flexible Kochsystem Divide &amp; Conquer, ein hochbelastbarer gusseiserner Rollwagen, ein Schieberegler zur Feineinstellung der L\u00fcftung und ein patentierter Aschenauszug, der w\u00e4hrend des Grillens Zugriff auf die Grillkohle oder R\u00e4uchersp\u00e4ne bietet.<\/p>\n<ul>\n<li>Hochwertiger Keramikgrill mit gusseisernem Rollwagen und Feststellmechanismus<\/li>\n<li>Eingebautes Thermometer<\/li>\n<li>Fertigteile zum Einklappen<\/li>\n<li>Seitenablagen\/Griff<\/li>\n<li>Flexibles Kochsystem \u201eDivide &amp; Conquer\u201c<\/li>\n<li>Patentierter Aschenauszug<\/li>\n<li>Grillzange<\/li>\n<li>Ascheschieber<\/li>\n<\/ul>","protected":false},"excerpt":{"rendered":"<p>Grillfl\u00e4che\/Rost:\u00d846cm<\/p>","protected":false},"featured_media":1701,"template":"","meta":{"content-type":""},"product_brand":[383],"product_cat":[42],"product_tag":[43,45,105,125,126,177,178,179,370],"class_list":{"0":"post-1809","1":"product","2":"type-product","3":"status-publish","4":"has-post-thumbnail","6":"product_brand-kamadojoe","7":"product_cat-kamado-joe","8":"product_tag-keramik","9":"product_tag-kamadojoe","10":"product_tag-kamado-joe","11":"product_tag-keramikgrill","12":"product_tag-kamado","13":"product_tag-kohlegrill","14":"product_tag-holzkohlegrill","15":"product_tag-holzkohle","16":"product_tag-joe","18":"first","19":"outofstock","20":"taxable","21":"shipping-taxable","22":"product-type-simple"},"_links":{"self":[{"href":"https:\/\/o4k.kuechen-petsch.net\/en\/wp-json\/wp\/v2\/product\/1809","targetHints":{"allow":["GET"]}}],"collection":[{"href":"https:\/\/o4k.kuechen-petsch.net\/en\/wp-json\/wp\/v2\/product"}],"about":[{"href":"https:\/\/o4k.kuechen-petsch.net\/en\/wp-json\/wp\/v2\/types\/product"}],"version-history":[{"count":1,"href":"https:\/\/o4k.kuechen-petsch.net\/en\/wp-json\/wp\/v2\/product\/1809\/revisions"}],"predecessor-version":[{"id":461948,"href":"https:\/\/o4k.kuechen-petsch.net\/en\/wp-json\/wp\/v2\/product\/1809\/revisions\/461948"}],"wp:featuredmedia":[{"embeddable":true,"href":"https:\/\/o4k.kuechen-petsch.net\/en\/wp-json\/wp\/v2\/media\/1701"}],"wp:attachment":[{"href":"https:\/\/o4k.kuechen-petsch.net\/en\/wp-json\/wp\/v2\/media?parent=1809"}],"wp:term":[{"taxonomy":"product_brand","embeddable":true,"href":"https:\/\/o4k.kuechen-petsch.net\/en\/wp-json\/wp\/v2\/product_brand?post=1809"},{"taxonomy":"product_cat","embeddable":true,"href":"https:\/\/o4k.kuechen-petsch.net\/en\/wp-json\/wp\/v2\/product_cat?post=1809"},{"taxonomy":"product_tag","embeddable":true,"href":"https:\/\/o4k.kuechen-petsch.net\/en\/wp-json\/wp\/v2\/product_tag?post=1809"}],"curies":[{"name":"wp","href":"https:\/\/api.w.org\/{rel}","templated":true}]}}