{"id":462792,"date":"2025-05-19T13:15:23","date_gmt":"2025-05-19T11:15:23","guid":{"rendered":"https:\/\/o4k.kuechen-petsch.net\/?page_id=462792"},"modified":"2026-02-12T08:55:16","modified_gmt":"2026-02-12T07:55:16","slug":"beratungstermin-outdoorkueche","status":"publish","type":"page","link":"https:\/\/o4k.kuechen-petsch.net\/en\/beratungstermin-outdoorkueche\/","title":{"rendered":"Beratungstermin Outdoork\u00fcche"},"content":{"rendered":"<div data-elementor-type=\"wp-page\" data-elementor-id=\"462792\" class=\"elementor elementor-462792\" data-elementor-post-type=\"page\">\n\t\t\t\t\t\t<section class=\"elementor-section elementor-top-section elementor-element elementor-element-de95111 elementor-section-boxed elementor-section-height-default elementor-section-height-default\" data-id=\"de95111\" data-element_type=\"section\" data-e-type=\"section\">\n\t\t\t\t\t\t<div class=\"elementor-container elementor-column-gap-default\">\n\t\t\t\t\t<div class=\"elementor-column elementor-col-100 elementor-top-column elementor-element elementor-element-7ee9a1d\" data-id=\"7ee9a1d\" data-element_type=\"column\" data-e-type=\"column\">\n\t\t\t<div class=\"elementor-widget-wrap elementor-element-populated\">\n\t\t\t\t\t\t<div class=\"elementor-element elementor-element-8c15a3a elementor-widget elementor-widget-text-editor\" data-id=\"8c15a3a\" data-element_type=\"widget\" data-e-type=\"widget\" data-widget_type=\"text-editor.default\">\n\t\t\t\t<div class=\"elementor-widget-container\">\n\t\t\t\t\t\t\t\t\t<h2 data-start=\"205\" data-end=\"244\">Jetzt Beratungstermin vereinbaren<\/h2><h5 data-start=\"245\" data-end=\"330\"><strong data-start=\"245\" data-end=\"330\">Individuelle Beratung f\u00fcr Ihre Outdoork\u00fcche \u2013 so, wie es f\u00fcr Sie am besten passt.<\/strong><\/h5><p class=\"\" data-start=\"332\" data-end=\"569\">Mit OUT4KITCHEN bringen wir die K\u00fcche nach drau\u00dfen \u2013 und begleiten Sie dabei pers\u00f6nlich und kompetent. <br \/>Ganz gleich, ob Sie erste Ideen besprechen m\u00f6chten oder bereits konkrete Pl\u00e4ne haben: <b>Wir nehmen uns Zeit f\u00fcr Ihre Fragen und W\u00fcnsche.<\/b><\/p><p class=\"\" data-start=\"571\" data-end=\"616\"><strong data-start=\"571\" data-end=\"616\">Wie d\u00fcrfen wir Sie kontaktieren?<\/strong><\/p>\t\t\t\t\t\t\t\t<\/div>\n\t\t\t\t<\/div>\n\t\t\t\t<div class=\"elementor-element elementor-element-c0852e0 elementor-tabs-view-vertical elementor-widget elementor-widget-tabs\" data-id=\"c0852e0\" data-element_type=\"widget\" data-e-type=\"widget\" data-widget_type=\"tabs.default\">\n\t\t\t\t<div class=\"elementor-widget-container\">\n\t\t\t\t\t\t\t<div class=\"elementor-tabs\">\n\t\t\t<div class=\"elementor-tabs-wrapper\" role=\"tablist\" >\n\t\t\t\t\t\t\t\t\t<div id=\"elementor-tab-title-2011\" class=\"elementor-tab-title elementor-tab-desktop-title\" aria-selected=\"true\" data-tab=\"1\" role=\"tab\" tabindex=\"0\" aria-controls=\"elementor-tab-content-2011\" aria-expanded=\"false\">Telefonische Beratung<\/div>\n\t\t\t\t\t\t\t\t\t<div id=\"elementor-tab-title-2012\" class=\"elementor-tab-title elementor-tab-desktop-title\" aria-selected=\"false\" data-tab=\"2\" role=\"tab\" tabindex=\"-1\" aria-controls=\"elementor-tab-content-2012\" aria-expanded=\"false\">Videocall via Teams<\/div>\n\t\t\t\t\t\t\t\t\t<div id=\"elementor-tab-title-2013\" class=\"elementor-tab-title elementor-tab-desktop-title\" aria-selected=\"false\" data-tab=\"3\" role=\"tab\" tabindex=\"-1\" aria-controls=\"elementor-tab-content-2013\" aria-expanded=\"false\">Besuch in unserem Showroom<\/div>\n\t\t\t\t\t\t\t\t\t<div id=\"elementor-tab-title-2014\" class=\"elementor-tab-title elementor-tab-desktop-title\" aria-selected=\"false\" data-tab=\"4\" role=\"tab\" tabindex=\"-1\" aria-controls=\"elementor-tab-content-2014\" aria-expanded=\"false\">Besuch unserer H\u00e4ndler<\/div>\n\t\t\t\t\t\t\t<\/div>\n\t\t\t<div class=\"elementor-tabs-content-wrapper\" role=\"tablist\" aria-orientation=\"vertical\">\n\t\t\t\t\t\t\t\t\t<div class=\"elementor-tab-title elementor-tab-mobile-title\" aria-selected=\"true\" data-tab=\"1\" role=\"tab\" tabindex=\"0\" aria-controls=\"elementor-tab-content-2011\" aria-expanded=\"false\">Telefonische Beratung<\/div>\n\t\t\t\t\t<div id=\"elementor-tab-content-2011\" class=\"elementor-tab-content elementor-clearfix\" data-tab=\"1\" role=\"tabpanel\" aria-labelledby=\"elementor-tab-title-2011\" tabindex=\"0\" hidden=\"false\"><h3 class=\"\" data-start=\"1006\" data-end=\"1063\"><strong data-start=\"1013\" data-end=\"1061\">Telefonische Beratung \u2013 einfach &amp; schnell<\/strong><\/h3><p class=\"\" data-start=\"1064\" data-end=\"1431\">Sie m\u00f6chten sich erst einmal einen \u00dcberblick verschaffen oder haben Fragen zu Ihrer Planung mit unserem 3D-Konfigurator? In einem kurzen, pers\u00f6nlichen Telefonat besprechen wir Ihre Vorstellungen und kl\u00e4ren offene Punkte zur Ausstattung, dem passenden Grill oder m\u00f6glichen Erweiterungen Ihrer OUT4KITCHEN Outdoork\u00fcche. Direkt, unkompliziert und auf den Punkt gebracht.<\/p><p data-start=\"1064\" data-end=\"1431\"><a href=\"https:\/\/meetings-eu1.hubspot.com\/meetings\/out4kitchen\/call\" target=\"_blank\" rel=\"nofollow noopener\"><span style=\"text-decoration: underline;\"><strong>Beratungstermin buchen<\/strong><\/span><\/a><\/p><\/div>\n\t\t\t\t\t\t\t\t\t<div class=\"elementor-tab-title elementor-tab-mobile-title\" aria-selected=\"false\" data-tab=\"2\" role=\"tab\" tabindex=\"-1\" aria-controls=\"elementor-tab-content-2012\" aria-expanded=\"false\">Videocall via Teams<\/div>\n\t\t\t\t\t<div id=\"elementor-tab-content-2012\" class=\"elementor-tab-content elementor-clearfix\" data-tab=\"2\" role=\"tabpanel\" aria-labelledby=\"elementor-tab-title-2012\" tabindex=\"0\" hidden=\"hidden\"><h3 class=\"\" data-start=\"1438\" data-end=\"1499\"><strong data-start=\"1445\" data-end=\"1497\">Videocall-Beratung \u2013 pers\u00f6nlich &amp; anschaulich<\/strong><\/h3><p class=\"\" data-start=\"1500\" data-end=\"1823\">In einer Videoberatung (z.\u202fB. via Teams oder Zoom) nehmen wir Sie mit in unsere Ausstellung und zeigen Ihnen live verschiedene Ausstattungsvarianten, Materialien und Ideen zur Umsetzung. Sie erhalten eine fundierte Einsch\u00e4tzung zu Ihrer Konfiguration und wertvolle Tipps f\u00fcr Ihre finale Planung \u2013 bequem und ortsunabh\u00e4ngig.<\/p><p data-start=\"1500\" data-end=\"1823\"><a href=\"https:\/\/meetings-eu1.hubspot.com\/meetings\/out4kitchen\/teams\" target=\"_blank\" rel=\"nofollow noopener\"><span style=\"text-decoration: underline;\"><strong>Beratungstermin buchen<\/strong><\/span><\/a><\/p><\/div>\n\t\t\t\t\t\t\t\t\t<div class=\"elementor-tab-title elementor-tab-mobile-title\" aria-selected=\"false\" data-tab=\"3\" role=\"tab\" tabindex=\"-1\" aria-controls=\"elementor-tab-content-2013\" aria-expanded=\"false\">Besuch in unserem Showroom<\/div>\n\t\t\t\t\t<div id=\"elementor-tab-content-2013\" class=\"elementor-tab-content elementor-clearfix\" data-tab=\"3\" role=\"tabpanel\" aria-labelledby=\"elementor-tab-title-2013\" tabindex=\"0\" hidden=\"hidden\"><h3 class=\"\" data-start=\"1830\" data-end=\"1905\"><strong data-start=\"1837\" data-end=\"1903\">Pers\u00f6nlicher Termin in unserer Ausstellung (Wolfratshausen)<\/strong><\/h3><p class=\"\" data-start=\"1906\" data-end=\"2270\">Erleben Sie unsere Outdoork\u00fcchen hautnah in unserem Showroom in Wolfratshausen. Sp\u00fcren Sie die Materialien, sehen Sie Beispiele aus der Praxis und lassen Sie sich von den M\u00f6glichkeiten inspirieren. Gemeinsam entwickeln wir auf Basis Ihrer Planung oder Ihrer ersten Ideen Ihre ganz pers\u00f6nliche OUT4KITCHEN \u2013 abgestimmt auf Ihre W\u00fcnsche, Ihren Garten und Ihr Budget.<\/p><p data-start=\"1906\" data-end=\"2270\"><a href=\"https:\/\/meetings-eu1.hubspot.com\/meetings\/out4kitchen\/out4kitchen-showroom\" target=\"_blank\" rel=\"nofollow noopener\"><span style=\"text-decoration: underline;\"><strong>Beratungstermin buchen<\/strong><\/span><\/a><\/p><\/div>\n\t\t\t\t\t\t\t\t\t<div class=\"elementor-tab-title elementor-tab-mobile-title\" aria-selected=\"false\" data-tab=\"4\" role=\"tab\" tabindex=\"-1\" aria-controls=\"elementor-tab-content-2014\" aria-expanded=\"false\">Besuch unserer H\u00e4ndler<\/div>\n\t\t\t\t\t<div id=\"elementor-tab-content-2014\" class=\"elementor-tab-content elementor-clearfix\" data-tab=\"4\" role=\"tabpanel\" aria-labelledby=\"elementor-tab-title-2014\" tabindex=\"0\" hidden=\"hidden\"><h3 class=\"\" data-start=\"2277\" data-end=\"2347\"><strong data-start=\"2284\" data-end=\"2345\">Beratung durch einen OUT4KITCHEN-H\u00e4ndler in Ihrer N\u00e4he<\/strong><\/h3><p class=\"\" data-start=\"2348\" data-end=\"2810\">Sie bevorzugen einen Ansprechpartner vor Ort? Unsere OUT4KITCHEN-Partner beraten Sie direkt in Ihrer Region pers\u00f6nlich und fachkundig. \u00dcber unsere <a class=\"cursor-pointer\" target=\"_new\" rel=\"noopener\" data-start=\"2508\" data-end=\"2565\">H\u00e4ndlersuche<\/a> finden Sie den passenden Partner ganz in Ihrer N\u00e4he. Bitte beachten Sie: Die H\u00e4ndler arbeiten auf Terminbasis. Vereinbaren Sie deshalb vorab einen Termin f\u00fcr Ihre individuelle Beratung \u2013 gerne auch basierend auf Ihrer bestehenden Konfiguration.<\/p><p data-start=\"2348\" data-end=\"2810\"><span style=\"text-decoration: underline;\"><a href=\"https:\/\/o4k.kuechen-petsch.net\/en\/haendler\/\"><strong>H\u00e4ndlersuche<\/strong><\/a><\/span><\/p><\/div>\n\t\t\t\t\t\t\t<\/div>\n\t\t<\/div>\n\t\t\t\t\t\t<\/div>\n\t\t\t\t<\/div>\n\t\t\t\t<div class=\"elementor-element elementor-element-f1426c3 elementor-widget-divider--view-line elementor-widget elementor-widget-divider\" data-id=\"f1426c3\" data-element_type=\"widget\" data-e-type=\"widget\" data-widget_type=\"divider.default\">\n\t\t\t\t<div class=\"elementor-widget-container\">\n\t\t\t\t\t\t\t<div class=\"elementor-divider\">\n\t\t\t<span class=\"elementor-divider-separator\">\n\t\t\t\t\t\t<\/span>\n\t\t<\/div>\n\t\t\t\t\t\t<\/div>\n\t\t\t\t<\/div>\n\t\t\t\t\t<\/div>\n\t\t<\/div>\n\t\t\t\t\t<\/div>\n\t\t<\/section>\n\t\t\t\t<section class=\"elementor-section elementor-top-section elementor-element elementor-element-e2728ae elementor-section-boxed elementor-section-height-default elementor-section-height-default\" data-id=\"e2728ae\" data-element_type=\"section\" data-e-type=\"section\">\n\t\t\t\t\t\t<div class=\"elementor-container elementor-column-gap-default\">\n\t\t\t\t\t<div class=\"elementor-column elementor-col-100 elementor-top-column elementor-element elementor-element-d9c0887\" data-id=\"d9c0887\" data-element_type=\"column\" data-e-type=\"column\">\n\t\t\t<div class=\"elementor-widget-wrap elementor-element-populated\">\n\t\t\t\t\t\t<section class=\"elementor-section elementor-inner-section elementor-element elementor-element-976e22a elementor-section-boxed elementor-section-height-default elementor-section-height-default\" data-id=\"976e22a\" data-element_type=\"section\" data-e-type=\"section\">\n\t\t\t\t\t\t<div class=\"elementor-container elementor-column-gap-default\">\n\t\t\t\t\t<div class=\"elementor-column elementor-col-33 elementor-inner-column elementor-element elementor-element-581db09\" data-id=\"581db09\" data-element_type=\"column\" data-e-type=\"column\">\n\t\t\t<div class=\"elementor-widget-wrap elementor-element-populated\">\n\t\t\t\t\t\t<div class=\"elementor-element elementor-element-22bd1fd elementor-widget elementor-widget-heading\" data-id=\"22bd1fd\" data-element_type=\"widget\" data-e-type=\"widget\" data-widget_type=\"heading.default\">\n\t\t\t\t<div class=\"elementor-widget-container\">\n\t\t\t\t\t<h2 class=\"elementor-heading-title elementor-size-default translation-block\">Markus Mayr - \r\nGesch\u00e4ftsf\u00fchrer<br>Schreinermeister<\/h2>\t\t\t\t<\/div>\n\t\t\t\t<\/div>\n\t\t\t\t<div class=\"elementor-element elementor-element-6116163 elementor-widget elementor-widget-image\" data-id=\"6116163\" data-element_type=\"widget\" data-e-type=\"widget\" data-widget_type=\"image.default\">\n\t\t\t\t<div class=\"elementor-widget-container\">\n\t\t\t\t\t\t\t\t\t\t\t\t\t\t\t<img fetchpriority=\"high\" decoding=\"async\" width=\"300\" height=\"300\" src=\"https:\/\/o4k.kuechen-petsch.net\/wp-content\/uploads\/2025\/03\/Markus-Mayr-OUT4KITCHEN-Outdoorkuechen-300x300.jpg\" class=\"attachment-medium size-medium wp-image-462689\" alt=\"\" srcset=\"https:\/\/o4k.kuechen-petsch.net\/wp-content\/uploads\/2025\/03\/Markus-Mayr-OUT4KITCHEN-Outdoorkuechen-300x300.jpg 300w, https:\/\/o4k.kuechen-petsch.net\/wp-content\/uploads\/2025\/03\/Markus-Mayr-OUT4KITCHEN-Outdoorkuechen-150x150.jpg 150w, https:\/\/o4k.kuechen-petsch.net\/wp-content\/uploads\/2025\/03\/Markus-Mayr-OUT4KITCHEN-Outdoorkuechen-12x12.jpg 12w, https:\/\/o4k.kuechen-petsch.net\/wp-content\/uploads\/2025\/03\/Markus-Mayr-OUT4KITCHEN-Outdoorkuechen-200x200.jpg 200w, https:\/\/o4k.kuechen-petsch.net\/wp-content\/uploads\/2025\/03\/Markus-Mayr-OUT4KITCHEN-Outdoorkuechen-100x100.jpg 100w, https:\/\/o4k.kuechen-petsch.net\/wp-content\/uploads\/2025\/03\/Markus-Mayr-OUT4KITCHEN-Outdoorkuechen.jpg 500w\" sizes=\"(max-width: 300px) 100vw, 300px\">\t\t\t\t\t\t\t\t\t\t\t\t\t\t\t<\/div>\n\t\t\t\t<\/div>\n\t\t\t\t\t<\/div>\n\t\t<\/div>\n\t\t\t\t<div class=\"elementor-column elementor-col-33 elementor-inner-column elementor-element elementor-element-25e3ccc\" data-id=\"25e3ccc\" data-element_type=\"column\" data-e-type=\"column\">\n\t\t\t<div class=\"elementor-widget-wrap elementor-element-populated\">\n\t\t\t\t\t\t<div class=\"elementor-element elementor-element-a25603c elementor-widget elementor-widget-heading\" data-id=\"a25603c\" data-element_type=\"widget\" data-e-type=\"widget\" data-widget_type=\"heading.default\">\n\t\t\t\t<div class=\"elementor-widget-container\">\n\t\t\t\t\t<h2 class=\"elementor-heading-title elementor-size-default translation-block\">Paul Mayr -\r\nGesch\u00e4ftsf\u00fchrer<br>Schreinermeister<\/h2>\t\t\t\t<\/div>\n\t\t\t\t<\/div>\n\t\t\t\t<div class=\"elementor-element elementor-element-665c6fc elementor-widget elementor-widget-image\" data-id=\"665c6fc\" data-element_type=\"widget\" data-e-type=\"widget\" data-widget_type=\"image.default\">\n\t\t\t\t<div class=\"elementor-widget-container\">\n\t\t\t\t\t\t\t\t\t\t\t\t\t\t\t<img decoding=\"async\" width=\"300\" height=\"300\" src=\"https:\/\/o4k.kuechen-petsch.net\/wp-content\/uploads\/2025\/03\/Paul-Mayr-OUT4KITCHEN-Outdoorkuechen-300x300.png\" class=\"attachment-medium size-medium wp-image-462690\" alt=\"\" srcset=\"https:\/\/o4k.kuechen-petsch.net\/wp-content\/uploads\/2025\/03\/Paul-Mayr-OUT4KITCHEN-Outdoorkuechen-300x300.png 300w, https:\/\/o4k.kuechen-petsch.net\/wp-content\/uploads\/2025\/03\/Paul-Mayr-OUT4KITCHEN-Outdoorkuechen-150x150.png 150w, https:\/\/o4k.kuechen-petsch.net\/wp-content\/uploads\/2025\/03\/Paul-Mayr-OUT4KITCHEN-Outdoorkuechen-12x12.png 12w, https:\/\/o4k.kuechen-petsch.net\/wp-content\/uploads\/2025\/03\/Paul-Mayr-OUT4KITCHEN-Outdoorkuechen-200x200.png 200w, https:\/\/o4k.kuechen-petsch.net\/wp-content\/uploads\/2025\/03\/Paul-Mayr-OUT4KITCHEN-Outdoorkuechen-100x100.png 100w, https:\/\/o4k.kuechen-petsch.net\/wp-content\/uploads\/2025\/03\/Paul-Mayr-OUT4KITCHEN-Outdoorkuechen.png 500w\" sizes=\"(max-width: 300px) 100vw, 300px\">\t\t\t\t\t\t\t\t\t\t\t\t\t\t\t<\/div>\n\t\t\t\t<\/div>\n\t\t\t\t\t<\/div>\n\t\t<\/div>\n\t\t\t\t<div class=\"elementor-column elementor-col-33 elementor-inner-column elementor-element elementor-element-4b059f1\" data-id=\"4b059f1\" data-element_type=\"column\" data-e-type=\"column\">\n\t\t\t<div class=\"elementor-widget-wrap elementor-element-populated\">\n\t\t\t\t\t\t<div class=\"elementor-element elementor-element-8cb7bf4 elementor-widget elementor-widget-heading\" data-id=\"8cb7bf4\" data-element_type=\"widget\" data-e-type=\"widget\" data-widget_type=\"heading.default\">\n\t\t\t\t<div class=\"elementor-widget-container\">\n\t\t\t\t\t<h2 class=\"elementor-heading-title elementor-size-default translation-block\">Alexander Senczyszyn Product Manager<\/h2>\t\t\t\t<\/div>\n\t\t\t\t<\/div>\n\t\t\t\t<div class=\"elementor-element elementor-element-0f81559 elementor-widget elementor-widget-image\" data-id=\"0f81559\" data-element_type=\"widget\" data-e-type=\"widget\" data-widget_type=\"image.default\">\n\t\t\t\t<div class=\"elementor-widget-container\">\n\t\t\t\t\t\t\t\t\t\t\t\t\t\t\t<img decoding=\"async\" width=\"300\" height=\"300\" src=\"https:\/\/o4k.kuechen-petsch.net\/wp-content\/uploads\/2025\/03\/Alexander-Senczyszyn-OUT4KITCHEN-Outdoor-Kuechen-1-300x300.png\" class=\"attachment-medium size-medium wp-image-462695\" alt=\"\" srcset=\"https:\/\/o4k.kuechen-petsch.net\/wp-content\/uploads\/2025\/03\/Alexander-Senczyszyn-OUT4KITCHEN-Outdoor-Kuechen-1-300x300.png 300w, https:\/\/o4k.kuechen-petsch.net\/wp-content\/uploads\/2025\/03\/Alexander-Senczyszyn-OUT4KITCHEN-Outdoor-Kuechen-1-150x150.png 150w, https:\/\/o4k.kuechen-petsch.net\/wp-content\/uploads\/2025\/03\/Alexander-Senczyszyn-OUT4KITCHEN-Outdoor-Kuechen-1-12x12.png 12w, https:\/\/o4k.kuechen-petsch.net\/wp-content\/uploads\/2025\/03\/Alexander-Senczyszyn-OUT4KITCHEN-Outdoor-Kuechen-1-200x200.png 200w, https:\/\/o4k.kuechen-petsch.net\/wp-content\/uploads\/2025\/03\/Alexander-Senczyszyn-OUT4KITCHEN-Outdoor-Kuechen-1-100x100.png 100w, https:\/\/o4k.kuechen-petsch.net\/wp-content\/uploads\/2025\/03\/Alexander-Senczyszyn-OUT4KITCHEN-Outdoor-Kuechen-1.png 500w\" sizes=\"(max-width: 300px) 100vw, 300px\">\t\t\t\t\t\t\t\t\t\t\t\t\t\t\t<\/div>\n\t\t\t\t<\/div>\n\t\t\t\t\t<\/div>\n\t\t<\/div>\n\t\t\t\t\t<\/div>\n\t\t<\/section>\n\t\t\t\t\t<\/div>\n\t\t<\/div>\n\t\t\t\t\t<\/div>\n\t\t<\/section>\n\t\t\t\t<\/div>","protected":false},"excerpt":{"rendered":"<p>Jetzt Beratungstermin vereinbaren Individuelle Beratung f\u00fcr Ihre Outdoork\u00fcche \u2013 so, wie es f\u00fcr Sie am besten passt. Mit OUT4KITCHEN bringen wir die K\u00fcche nach drau\u00dfen \u2013 und begleiten Sie dabei pers\u00f6nlich und kompetent. Ganz gleich, ob Sie erste Ideen besprechen m\u00f6chten oder bereits konkrete Pl\u00e4ne haben: Wir nehmen uns Zeit f\u00fcr Ihre Fragen und W\u00fcnsche. [&hellip;]<\/p>\n","protected":false},"author":1,"featured_media":0,"parent":0,"menu_order":0,"comment_status":"closed","ping_status":"closed","template":"","meta":{"content-type":"","footnotes":""},"class_list":["post-462792","page","type-page","status-publish","hentry"],"_links":{"self":[{"href":"https:\/\/o4k.kuechen-petsch.net\/en\/wp-json\/wp\/v2\/pages\/462792","targetHints":{"allow":["GET"]}}],"collection":[{"href":"https:\/\/o4k.kuechen-petsch.net\/en\/wp-json\/wp\/v2\/pages"}],"about":[{"href":"https:\/\/o4k.kuechen-petsch.net\/en\/wp-json\/wp\/v2\/types\/page"}],"author":[{"embeddable":true,"href":"https:\/\/o4k.kuechen-petsch.net\/en\/wp-json\/wp\/v2\/users\/1"}],"replies":[{"embeddable":true,"href":"https:\/\/o4k.kuechen-petsch.net\/en\/wp-json\/wp\/v2\/comments?post=462792"}],"version-history":[{"count":11,"href":"https:\/\/o4k.kuechen-petsch.net\/en\/wp-json\/wp\/v2\/pages\/462792\/revisions"}],"predecessor-version":[{"id":463171,"href":"https:\/\/o4k.kuechen-petsch.net\/en\/wp-json\/wp\/v2\/pages\/462792\/revisions\/463171"}],"wp:attachment":[{"href":"https:\/\/o4k.kuechen-petsch.net\/en\/wp-json\/wp\/v2\/media?parent=462792"}],"curies":[{"name":"wp","href":"https:\/\/api.w.org\/{rel}","templated":true}]}}