{"id":458754,"date":"2022-05-27T17:07:40","date_gmt":"2022-05-27T15:07:40","guid":{"rendered":"https:\/\/o4k.kuechen-petsch.net\/?page_id=458754"},"modified":"2024-04-04T17:57:39","modified_gmt":"2024-04-04T15:57:39","slug":"haendler","status":"publish","type":"page","link":"https:\/\/o4k.kuechen-petsch.net\/en\/haendler\/","title":{"rendered":"H\u00e4ndler"},"content":{"rendered":"<div data-elementor-type=\"wp-page\" data-elementor-id=\"458754\" class=\"elementor elementor-458754\" data-elementor-post-type=\"page\">\n\t\t\t\t\t\t<section class=\"elementor-section elementor-top-section elementor-element elementor-element-b050b36 elementor-section-boxed elementor-section-height-default elementor-section-height-default\" data-id=\"b050b36\" data-element_type=\"section\" data-e-type=\"section\">\n\t\t\t\t\t\t<div class=\"elementor-container elementor-column-gap-default\">\n\t\t\t\t\t<div class=\"elementor-column elementor-col-100 elementor-top-column elementor-element elementor-element-dc1df5c\" data-id=\"dc1df5c\" data-element_type=\"column\" data-e-type=\"column\">\n\t\t\t<div class=\"elementor-widget-wrap elementor-element-populated\">\n\t\t\t\t\t\t<div class=\"elementor-element elementor-element-b2a325b elementor-widget elementor-widget-heading\" data-id=\"b2a325b\" data-element_type=\"widget\" data-e-type=\"widget\" data-widget_type=\"heading.default\">\n\t\t\t\t<div class=\"elementor-widget-container\">\n\t\t\t\t\t<h2 class=\"elementor-heading-title elementor-size-default\">Hier finden Sie Ihren OUT4KITCHEN H\u00e4ndler in Ihrer N\u00e4he:<\/h2>\t\t\t\t<\/div>\n\t\t\t\t<\/div>\n\t\t\t\t<div class=\"elementor-element elementor-element-8eb0375 elementor-widget elementor-widget-text-editor\" data-id=\"8eb0375\" data-element_type=\"widget\" data-e-type=\"widget\" data-widget_type=\"text-editor.default\">\n\t\t\t\t<div class=\"elementor-widget-container\">\n\t\t\t\t\t\t\t\t\t<p>Kontaktieren Sie uns gerne f\u00fcr eine <strong>unverbindliche<\/strong> Erstberatung!<\/p><p>Sie wollen unsere K\u00fcche live sehen und erleben?<br \/>Nutzen Sie unsere H\u00e4ndlersuche und finden Sie unsere n\u00e4chstes #out4kitchen Partner Haus in Ihrer N\u00e4he.<\/p>\t\t\t\t\t\t\t\t<\/div>\n\t\t\t\t<\/div>\n\t\t\t\t<div class=\"elementor-element elementor-element-83194e7 elementor-widget elementor-widget-heading\" data-id=\"83194e7\" data-element_type=\"widget\" data-e-type=\"widget\" data-widget_type=\"heading.default\">\n\t\t\t\t<div class=\"elementor-widget-container\">\n\t\t\t\t\t<h5 class=\"elementor-heading-title elementor-size-default\">Bitte geben Sie Ihre Postleitzahl oder Ort f\u00fcr Ihren n\u00e4chstgelegenen Aussenk\u00fcchen H\u00e4ndler ein:<\/h5>\t\t\t\t<\/div>\n\t\t\t\t<\/div>\n\t\t\t\t<div class=\"elementor-element elementor-element-d3a9983 elementor-widget elementor-widget-shortcode\" data-id=\"d3a9983\" data-element_type=\"widget\" data-e-type=\"widget\" data-widget_type=\"shortcode.default\">\n\t\t\t\t<div class=\"elementor-widget-container\">\n\t\t\t\t\t\t\t<div class=\"elementor-shortcode\"><style>\r\n\t#wpsl-stores .wpsl-store-thumb {height:45px !important; width:45px !important;}\r\n\t#wpsl-stores, #wpsl-direction-details, #wpsl-gmap {height:500px !important;}\r\n\t#wpsl-gmap .wpsl-info-window {max-width:240px !important;}\r\n\t.wpsl-input label, #wpsl-radius label, #wpsl-category label {width:95px;}\r\n\t#wpsl-search-input  {width:179px;}\r\n<\/style>\r\n<div id=\"wpsl-wrap\">\r\n\t<div class=\"wpsl-search wpsl-clearfix wpsl-filter wpsl-checkboxes-enabled\">\r\n\t\t<div id=\"wpsl-search-wrap\">\r\n\t\t\t<form autocomplete=\"off\" action=\"\">\r\n\t\t\t<div class=\"wpsl-input\">\r\n\t\t\t\t<div><label for=\"wpsl-search-input\">Ihr Standort<\/label><\/div>\r\n\t\t\t\t<input id=\"wpsl-search-input\" type=\"text\" value=\"\" name=\"wpsl-search-input\" placeholder=\"\" aria-required=\"true\" \/>\r\n\t\t\t<\/div>\r\n\t\t\t<div class=\"wpsl-select-wrap\">\r\n\t\t\t\t<div id=\"wpsl-radius\">\r\n\t\t\t\t\t<label for=\"wpsl-radius-dropdown\">Suchradius<\/label>\r\n\t\t\t\t\t<select id=\"wpsl-radius-dropdown\" class=\"wpsl-dropdown\" name=\"wpsl-radius\">\r\n\t\t\t\t\t\t<option selected=\"selected\" value=\"250\">250 km<\/option>\r\n\t\t\t\t\t<\/select>\r\n\t\t\t\t<\/div>\r\n\t\t\t<\/div>\r\n<ul id=\"wpsl-checkbox-filter\" class=\"wpsl-checkbox-3-columns\"><li><label><input type=\"checkbox\" value=\"240\"  \/>* ohne Ausstellungsk\u00fcche<\/label><\/li><li><label><input type=\"checkbox\" value=\"239\"  \/>mit Ausstellungsk\u00fcche<\/label><\/li><\/ul>\t\t\t\t<div class=\"wpsl-search-btn-wrap\"><input id=\"wpsl-search-btn\" type=\"submit\" value=\"Suche\"><\/div>\r\n\t\t<input type=\"hidden\" name=\"trp-form-language\" value=\"en\"\/><\/form>\r\n\t\t<\/div>\r\n\t<\/div>\r\n\t<div id=\"wpsl-gmap\" class=\"wpsl-gmap-canvas\"><\/div>\r\n\t<div id=\"wpsl-result-list\">\r\n\t\t<div id=\"wpsl-stores\" class=\"wpsl-not-loaded\">\r\n\t\t\t<ul><\/ul>\r\n\t\t<\/div>\r\n\t\t<div id=\"wpsl-direction-details\">\r\n\t\t\t<ul><\/ul>\r\n\t\t<\/div>\r\n\t<\/div>\r\n<\/div>\r\n<\/div>\n\t\t\t\t\t\t<\/div>\n\t\t\t\t<\/div>\n\t\t\t\t\t<\/div>\n\t\t<\/div>\n\t\t\t\t\t<\/div>\n\t\t<\/section>\n\t\t\t\t<\/div>","protected":false},"excerpt":{"rendered":"<p>Hier finden Sie Ihren OUT4KITCHEN H\u00e4ndler in Ihrer N\u00e4he: Kontaktieren Sie uns gerne f\u00fcr eine unverbindliche Erstberatung! Sie wollen unsere K\u00fcche live sehen und erleben?Nutzen Sie unsere H\u00e4ndlersuche und finden Sie unsere n\u00e4chstes #out4kitchen Partner Haus in Ihrer N\u00e4he. Bitte geben Sie Ihre Postleitzahl oder Ort f\u00fcr Ihren n\u00e4chstgelegenen Aussenk\u00fcchen H\u00e4ndler ein:<\/p>","protected":false},"author":1,"featured_media":0,"parent":0,"menu_order":0,"comment_status":"closed","ping_status":"closed","template":"","meta":{"content-type":"","footnotes":""},"class_list":["post-458754","page","type-page","status-publish","hentry"],"_links":{"self":[{"href":"https:\/\/o4k.kuechen-petsch.net\/en\/wp-json\/wp\/v2\/pages\/458754","targetHints":{"allow":["GET"]}}],"collection":[{"href":"https:\/\/o4k.kuechen-petsch.net\/en\/wp-json\/wp\/v2\/pages"}],"about":[{"href":"https:\/\/o4k.kuechen-petsch.net\/en\/wp-json\/wp\/v2\/types\/page"}],"author":[{"embeddable":true,"href":"https:\/\/o4k.kuechen-petsch.net\/en\/wp-json\/wp\/v2\/users\/1"}],"replies":[{"embeddable":true,"href":"https:\/\/o4k.kuechen-petsch.net\/en\/wp-json\/wp\/v2\/comments?post=458754"}],"version-history":[{"count":12,"href":"https:\/\/o4k.kuechen-petsch.net\/en\/wp-json\/wp\/v2\/pages\/458754\/revisions"}],"predecessor-version":[{"id":461164,"href":"https:\/\/o4k.kuechen-petsch.net\/en\/wp-json\/wp\/v2\/pages\/458754\/revisions\/461164"}],"wp:attachment":[{"href":"https:\/\/o4k.kuechen-petsch.net\/en\/wp-json\/wp\/v2\/media?parent=458754"}],"curies":[{"name":"wp","href":"https:\/\/api.w.org\/{rel}","templated":true}]}}